{"id":9758,"date":"2016-11-22T21:04:09","date_gmt":"2016-11-22T21:04:09","guid":{"rendered":"http:\/\/icamed.com.br\/clinica-medica\/?page_id=9758"},"modified":"2024-10-05T01:40:03","modified_gmt":"2024-10-05T04:40:03","slug":"psiquiatria","status":"publish","type":"page","link":"https:\/\/icamed.com.br\/clinica-medica\/psiquiatria\/","title":{"rendered":"PSIQUIATRIA"},"content":{"rendered":"[vc_row][vc_column][vc_empty_space height=&#8221;30px&#8221;][vc_column_text]\n<h1 style=\"text-align: center;\">PSIQUIATRIA<\/h1>\n[\/vc_column_text][vc_empty_space height=&#8221;20px&#8221;][vc_column_text]\n<p style=\"text-align: justify;\"><img loading=\"lazy\" class=\"alignright size-medium wp-image-9809\" src=\"http:\/\/icamed.com.br\/clinica-medica\/wp-content\/uploads\/2016\/11\/Psiquiatria-icamed-300x200.jpg\" alt=\"psiquiatria-icamed\" width=\"300\" height=\"200\" srcset=\"https:\/\/icamed.com.br\/clinica-medica\/wp-content\/uploads\/2016\/11\/Psiquiatria-icamed-300x200.jpg 300w, https:\/\/icamed.com.br\/clinica-medica\/wp-content\/uploads\/2016\/11\/Psiquiatria-icamed-480x320.jpg 480w, https:\/\/icamed.com.br\/clinica-medica\/wp-content\/uploads\/2016\/11\/Psiquiatria-icamed.jpg 600w\" sizes=\"(max-width: 300px) 100vw, 300px\" \/>Psiquiatria \u00e9 uma especialidade da medicina que lida com a preven\u00e7\u00e3o, atendimento, diagn\u00f3stico, tratamento e reabilita\u00e7\u00e3o das diferentes formas de sofrimentos mentais, com manifesta\u00e7\u00f5es psicol\u00f3gicas leves a severas.<\/p>\n<p>&nbsp;<\/p>\n<p style=\"text-align: justify;\">S\u00e3o exemplos: a depress\u00e3o,os transtornos ansiosos, os transtornos alimentares, o transtorno bipolar, a esquizofrenia e a dem\u00eancia. Desde a parte inicial desses sintomas, quando j\u00e1 prejudicam o dia a dia dessa pessoa at\u00e9 as manifesta\u00e7\u00f5es severas quando influenciam todos ao seu redor.<\/p>\n<p>&nbsp;<\/p>\n<p style=\"text-align: justify;\">No tratamento psiqui\u00e1trico precisamos ajudar em duas partes: na parte qu\u00edmica da doen\u00e7a onde entra a medica\u00e7\u00e3o adequada que promove um equil\u00edbrio nas subst\u00e2ncias cerebrais; e na parte que envolve a personalidade da pessoa, pois as manifesta\u00e7\u00f5es de cada doen\u00e7a depende de como cada ser humano \u00e9. Aqui entra ajudar a pessoa a lidar melhor com as frustra\u00e7\u00f5es, entender melhor suas pr\u00f3prias limita\u00e7\u00f5es e a forma de enxergar o mundo. S\u00f3 assim teremos um tratamento completo e eficaz.<\/p>\n<p>&nbsp;<\/p>\n<p style=\"text-align: justify;\">As pessoas que possuem algum tipo de transtorno mental precisam e muito de compreens\u00e3o, ajuda e respeito! A melhor forma de ajudar \u00e9 oferecendo apoio! As pessoas que est\u00e3o em sofrimento mental, passam por muitos per\u00edodos de isolamento e enfrentam diariamente o preconceito! Isso s\u00f3 aumenta mais o sofrimento e piora a evolu\u00e7\u00e3o do quadro. Nenhuma doen\u00e7a \u00e9 mais dolorosa que a doen\u00e7a mental.<\/p>\n[\/vc_column_text][vc_empty_space][\/vc_column][\/vc_row]\n","protected":false},"excerpt":{"rendered":"<p>[vc_row][vc_column][vc_empty_space height=&#8221;30px&#8221;][vc_column_text] PSIQUIATRIA [\/vc_column_text][vc_empty_space height=&#8221;20px&#8221;][vc_column_text] Psiquiatria \u00e9 uma especialidade da medicina que lida com a preven\u00e7\u00e3o, atendimento, diagn\u00f3stico, tratamento e reabilita\u00e7\u00e3o das diferentes formas de sofrimentos mentais, com manifesta\u00e7\u00f5es psicol\u00f3gicas leves a severas. &nbsp; S\u00e3o exemplos: a depress\u00e3o,os transtornos ansiosos, os transtornos alimentares, o transtorno&#8230;<\/p>\n","protected":false},"author":1,"featured_media":0,"parent":0,"menu_order":0,"comment_status":"closed","ping_status":"open","template":"","meta":[],"_links":{"self":[{"href":"https:\/\/icamed.com.br\/clinica-medica\/wp-json\/wp\/v2\/pages\/9758"}],"collection":[{"href":"https:\/\/icamed.com.br\/clinica-medica\/wp-json\/wp\/v2\/pages"}],"about":[{"href":"https:\/\/icamed.com.br\/clinica-medica\/wp-json\/wp\/v2\/types\/page"}],"author":[{"embeddable":true,"href":"https:\/\/icamed.com.br\/clinica-medica\/wp-json\/wp\/v2\/users\/1"}],"replies":[{"embeddable":true,"href":"https:\/\/icamed.com.br\/clinica-medica\/wp-json\/wp\/v2\/comments?post=9758"}],"version-history":[{"count":7,"href":"https:\/\/icamed.com.br\/clinica-medica\/wp-json\/wp\/v2\/pages\/9758\/revisions"}],"predecessor-version":[{"id":26033,"href":"https:\/\/icamed.com.br\/clinica-medica\/wp-json\/wp\/v2\/pages\/9758\/revisions\/26033"}],"wp:attachment":[{"href":"https:\/\/icamed.com.br\/clinica-medica\/wp-json\/wp\/v2\/media?parent=9758"}],"curies":[{"name":"wp","href":"https:\/\/api.w.org\/{rel}","templated":true}]}}