{"id":9757,"date":"2016-11-22T21:04:04","date_gmt":"2016-11-22T21:04:04","guid":{"rendered":"http:\/\/icamed.com.br\/clinica-medica\/?page_id=9757"},"modified":"2024-10-05T01:40:03","modified_gmt":"2024-10-05T04:40:03","slug":"psicologia","status":"publish","type":"page","link":"https:\/\/icamed.com.br\/clinica-medica\/psicologia\/","title":{"rendered":"PSICOLOGIA"},"content":{"rendered":"[vc_row][vc_column][vc_empty_space height=&#8221;30px&#8221;][vc_column_text]\n<h1 style=\"text-align: center;\">PSICOLOGIA<\/h1>\n[\/vc_column_text][vc_empty_space height=&#8221;20px&#8221;][vc_column_text]\n<p style=\"text-align: justify;\"><img loading=\"lazy\" class=\"alignright size-medium wp-image-9808\" src=\"http:\/\/icamed.com.br\/clinica-medica\/wp-content\/uploads\/2016\/11\/Psicologia-icamed-2-300x200.jpg\" alt=\"psicologia-icamed-2\" width=\"300\" height=\"200\" srcset=\"https:\/\/icamed.com.br\/clinica-medica\/wp-content\/uploads\/2016\/11\/Psicologia-icamed-2-300x200.jpg 300w, https:\/\/icamed.com.br\/clinica-medica\/wp-content\/uploads\/2016\/11\/Psicologia-icamed-2-480x320.jpg 480w, https:\/\/icamed.com.br\/clinica-medica\/wp-content\/uploads\/2016\/11\/Psicologia-icamed-2.jpg 600w\" sizes=\"(max-width: 300px) 100vw, 300px\" \/>A Psicologia\u00a0estuda os fen\u00f4menos ps\u00edquicos e de comportamento do ser humano por interm\u00e9dio da an\u00e1lise de suas emo\u00e7\u00f5es, suas ideias e seus valores. Consulte com nossa Psic\u00f3loga!<\/p>\n[\/vc_column_text][vc_empty_space][\/vc_column][\/vc_row]\n","protected":false},"excerpt":{"rendered":"<p>[vc_row][vc_column][vc_empty_space height=&#8221;30px&#8221;][vc_column_text] PSICOLOGIA [\/vc_column_text][vc_empty_space height=&#8221;20px&#8221;][vc_column_text] A Psicologia\u00a0estuda os fen\u00f4menos ps\u00edquicos e de comportamento do ser humano por interm\u00e9dio da an\u00e1lise de suas emo\u00e7\u00f5es, suas ideias e seus valores. Consulte com nossa Psic\u00f3loga! [\/vc_column_text][vc_empty_space][\/vc_column][\/vc_row]<\/p>\n","protected":false},"author":1,"featured_media":0,"parent":0,"menu_order":0,"comment_status":"closed","ping_status":"open","template":"","meta":[],"_links":{"self":[{"href":"https:\/\/icamed.com.br\/clinica-medica\/wp-json\/wp\/v2\/pages\/9757"}],"collection":[{"href":"https:\/\/icamed.com.br\/clinica-medica\/wp-json\/wp\/v2\/pages"}],"about":[{"href":"https:\/\/icamed.com.br\/clinica-medica\/wp-json\/wp\/v2\/types\/page"}],"author":[{"embeddable":true,"href":"https:\/\/icamed.com.br\/clinica-medica\/wp-json\/wp\/v2\/users\/1"}],"replies":[{"embeddable":true,"href":"https:\/\/icamed.com.br\/clinica-medica\/wp-json\/wp\/v2\/comments?post=9757"}],"version-history":[{"count":6,"href":"https:\/\/icamed.com.br\/clinica-medica\/wp-json\/wp\/v2\/pages\/9757\/revisions"}],"predecessor-version":[{"id":26032,"href":"https:\/\/icamed.com.br\/clinica-medica\/wp-json\/wp\/v2\/pages\/9757\/revisions\/26032"}],"wp:attachment":[{"href":"https:\/\/icamed.com.br\/clinica-medica\/wp-json\/wp\/v2\/media?parent=9757"}],"curies":[{"name":"wp","href":"https:\/\/api.w.org\/{rel}","templated":true}]}}