{"id":9756,"date":"2016-11-22T21:03:58","date_gmt":"2016-11-22T21:03:58","guid":{"rendered":"http:\/\/icamed.com.br\/clinica-medica\/?page_id=9756"},"modified":"2024-10-05T01:40:03","modified_gmt":"2024-10-05T04:40:03","slug":"pneumologia","status":"publish","type":"page","link":"https:\/\/icamed.com.br\/clinica-medica\/pneumologia\/","title":{"rendered":"PNEUMOLOGIA"},"content":{"rendered":"[vc_row][vc_column][vc_empty_space height=&#8221;30px&#8221;][vc_column_text]\n<h1 style=\"text-align: center;\">PNEUMOLOGIA<\/h1>\n[\/vc_column_text][vc_empty_space height=&#8221;20px&#8221;][vc_column_text]\n<p style=\"text-align: justify;\"><img loading=\"lazy\" class=\"alignright size-medium wp-image-9806\" src=\"http:\/\/icamed.com.br\/clinica-medica\/wp-content\/uploads\/2016\/11\/pneumologia-icamed-300x200.jpg\" alt=\"pneumologia-icamed\" width=\"300\" height=\"200\" srcset=\"https:\/\/icamed.com.br\/clinica-medica\/wp-content\/uploads\/2016\/11\/pneumologia-icamed-300x200.jpg 300w, https:\/\/icamed.com.br\/clinica-medica\/wp-content\/uploads\/2016\/11\/pneumologia-icamed-480x320.jpg 480w, https:\/\/icamed.com.br\/clinica-medica\/wp-content\/uploads\/2016\/11\/pneumologia-icamed.jpg 600w\" sizes=\"(max-width: 300px) 100vw, 300px\" \/>A Pneumologia \u00e9 a especialidade m\u00e9dica que estuda as vias a\u00e9reas inferiores, ou seja, a traqueia, br\u00f4nquios, bronqu\u00edolos e pulm\u00f5es. Essas estruturas em conjunto realizam o nosso processo de respira\u00e7\u00e3o. Dessa forma, o m\u00e9dico pneumologista \u00e9 o profissional habilitado para diagnosticar, tratar e orientar quando voc\u00ea apresentar algum sintoma respirat\u00f3rio.<\/p>\n<p>&nbsp;<\/p>\n<p style=\"text-align: justify;\">Como o tabagismo (h\u00e1bito de fumar) provoca uma s\u00e9rie de doen\u00e7as pulmonares, o Pneumologista tamb\u00e9m est\u00e1 habilitado para ajud\u00e1-lo caso voc\u00ea decida parar de fumar.<\/p>\n[\/vc_column_text][vc_empty_space][\/vc_column][\/vc_row]\n","protected":false},"excerpt":{"rendered":"<p>[vc_row][vc_column][vc_empty_space height=&#8221;30px&#8221;][vc_column_text] PNEUMOLOGIA [\/vc_column_text][vc_empty_space height=&#8221;20px&#8221;][vc_column_text] A Pneumologia \u00e9 a especialidade m\u00e9dica que estuda as vias a\u00e9reas inferiores, ou seja, a traqueia, br\u00f4nquios, bronqu\u00edolos e pulm\u00f5es. Essas estruturas em conjunto realizam o nosso processo de respira\u00e7\u00e3o. Dessa forma, o m\u00e9dico pneumologista \u00e9 o profissional habilitado para&#8230;<\/p>\n","protected":false},"author":1,"featured_media":0,"parent":0,"menu_order":0,"comment_status":"closed","ping_status":"open","template":"","meta":[],"_links":{"self":[{"href":"https:\/\/icamed.com.br\/clinica-medica\/wp-json\/wp\/v2\/pages\/9756"}],"collection":[{"href":"https:\/\/icamed.com.br\/clinica-medica\/wp-json\/wp\/v2\/pages"}],"about":[{"href":"https:\/\/icamed.com.br\/clinica-medica\/wp-json\/wp\/v2\/types\/page"}],"author":[{"embeddable":true,"href":"https:\/\/icamed.com.br\/clinica-medica\/wp-json\/wp\/v2\/users\/1"}],"replies":[{"embeddable":true,"href":"https:\/\/icamed.com.br\/clinica-medica\/wp-json\/wp\/v2\/comments?post=9756"}],"version-history":[{"count":5,"href":"https:\/\/icamed.com.br\/clinica-medica\/wp-json\/wp\/v2\/pages\/9756\/revisions"}],"predecessor-version":[{"id":26030,"href":"https:\/\/icamed.com.br\/clinica-medica\/wp-json\/wp\/v2\/pages\/9756\/revisions\/26030"}],"wp:attachment":[{"href":"https:\/\/icamed.com.br\/clinica-medica\/wp-json\/wp\/v2\/media?parent=9756"}],"curies":[{"name":"wp","href":"https:\/\/api.w.org\/{rel}","templated":true}]}}