{"id":9755,"date":"2016-11-22T21:03:52","date_gmt":"2016-11-22T21:03:52","guid":{"rendered":"http:\/\/icamed.com.br\/clinica-medica\/?page_id=9755"},"modified":"2024-10-05T01:40:03","modified_gmt":"2024-10-05T04:40:03","slug":"pediatria","status":"publish","type":"page","link":"https:\/\/icamed.com.br\/clinica-medica\/pediatria\/","title":{"rendered":"PEDIATRIA"},"content":{"rendered":"[vc_row][vc_column][vc_empty_space height=&#8221;30px&#8221;][vc_column_text]\n<h1 style=\"text-align: center;\">PEDIATRIA<\/h1>\n[\/vc_column_text][vc_empty_space height=&#8221;20px&#8221;][vc_column_text]\n<p style=\"text-align: justify;\"><img loading=\"lazy\" class=\"alignright size-medium wp-image-9805\" src=\"http:\/\/icamed.com.br\/clinica-medica\/wp-content\/uploads\/2016\/11\/Pediatria-icamed-2-300x200.jpg\" alt=\"pediatria-icamed-2\" width=\"300\" height=\"200\" srcset=\"https:\/\/icamed.com.br\/clinica-medica\/wp-content\/uploads\/2016\/11\/Pediatria-icamed-2-300x200.jpg 300w, https:\/\/icamed.com.br\/clinica-medica\/wp-content\/uploads\/2016\/11\/Pediatria-icamed-2-480x320.jpg 480w, https:\/\/icamed.com.br\/clinica-medica\/wp-content\/uploads\/2016\/11\/Pediatria-icamed-2.jpg 600w\" sizes=\"(max-width: 300px) 100vw, 300px\" \/>A Pediatria constitui-se em uma especialidade da Medicina que estuda, trata e acompanha o ser humano desde o nascimento at\u00e9 a adolesc\u00eancia, ou ainda antes dele, na fase perinatal, quando h\u00e1 necessidade da interven\u00e7\u00e3o pedi\u00e1trica.<\/p>\n<p>&nbsp;<\/p>\n<p style=\"text-align: justify;\">O pediatra visa em sua profiss\u00e3o fins preventivos, que incluem preven\u00e7\u00e3o de acidentes, imuniza\u00e7\u00f5es (vacinas), aleitamento materno, ou apenas buscando o acompanhamento da crian\u00e7a e do adolescente atrav\u00e9s de orienta\u00e7\u00f5es necess\u00e1rias ao seu crescimento e desenvolvimento saud\u00e1veis (puericultura) ou ainda fins curativos, que s\u00e3o procedimentos e tratamentos das diversas patologias que acometem as crian\u00e7as e adolescentes, utilizando-se do melhor de sua capacidade profissional, habilidades t\u00e9cnicas, conhecimento cient\u00edfico e compromisso \u00e9tico, objetivando a manuten\u00e7\u00e3o ou recupera\u00e7\u00e3o da sa\u00fade da crian\u00e7a ou do adolescente.<\/p>\n<p>&nbsp;<\/p>\n<p style=\"text-align: justify;\">A Pediatria n\u00e3o \u00e9 apenas uma atividade m\u00e9dica, mas um estado de esp\u00edrito, que tem como alicerce o amor \u00e0 crian\u00e7a, exteriorizando-se em a\u00e7\u00e3o, averiguando e investigando os fatores que a levam a determinadas doen\u00e7as ou a\u00e7\u00f5es, ou ainda quais as causas de sofrimento da crian\u00e7a ou adolescente, conseq\u00fcentemente assistindo-os e n\u00e3o apenas tratando uma doen\u00e7a, assim contribuindo para a forma\u00e7\u00e3o de um ser mentalmente sadio e socialmente \u00fatil.<\/p>\n[\/vc_column_text][vc_empty_space][\/vc_column][\/vc_row]\n","protected":false},"excerpt":{"rendered":"<p>[vc_row][vc_column][vc_empty_space height=&#8221;30px&#8221;][vc_column_text] PEDIATRIA [\/vc_column_text][vc_empty_space height=&#8221;20px&#8221;][vc_column_text] A Pediatria constitui-se em uma especialidade da Medicina que estuda, trata e acompanha o ser humano desde o nascimento at\u00e9 a adolesc\u00eancia, ou ainda antes dele, na fase perinatal, quando h\u00e1 necessidade da interven\u00e7\u00e3o pedi\u00e1trica. &nbsp; O pediatra visa em&#8230;<\/p>\n","protected":false},"author":1,"featured_media":0,"parent":0,"menu_order":0,"comment_status":"closed","ping_status":"open","template":"","meta":[],"_links":{"self":[{"href":"https:\/\/icamed.com.br\/clinica-medica\/wp-json\/wp\/v2\/pages\/9755"}],"collection":[{"href":"https:\/\/icamed.com.br\/clinica-medica\/wp-json\/wp\/v2\/pages"}],"about":[{"href":"https:\/\/icamed.com.br\/clinica-medica\/wp-json\/wp\/v2\/types\/page"}],"author":[{"embeddable":true,"href":"https:\/\/icamed.com.br\/clinica-medica\/wp-json\/wp\/v2\/users\/1"}],"replies":[{"embeddable":true,"href":"https:\/\/icamed.com.br\/clinica-medica\/wp-json\/wp\/v2\/comments?post=9755"}],"version-history":[{"count":5,"href":"https:\/\/icamed.com.br\/clinica-medica\/wp-json\/wp\/v2\/pages\/9755\/revisions"}],"predecessor-version":[{"id":26029,"href":"https:\/\/icamed.com.br\/clinica-medica\/wp-json\/wp\/v2\/pages\/9755\/revisions\/26029"}],"wp:attachment":[{"href":"https:\/\/icamed.com.br\/clinica-medica\/wp-json\/wp\/v2\/media?parent=9755"}],"curies":[{"name":"wp","href":"https:\/\/api.w.org\/{rel}","templated":true}]}}