{"id":9751,"date":"2016-11-22T21:03:31","date_gmt":"2016-11-22T21:03:31","guid":{"rendered":"http:\/\/icamed.com.br\/clinica-medica\/?page_id=9751"},"modified":"2024-10-05T01:40:03","modified_gmt":"2024-10-05T04:40:03","slug":"dermatologia","status":"publish","type":"page","link":"https:\/\/icamed.com.br\/clinica-medica\/dermatologia\/","title":{"rendered":"DERMATOLOGIA"},"content":{"rendered":"[vc_row][vc_column][vc_empty_space height=&#8221;30px&#8221;][vc_column_text]\n<h1 style=\"text-align: center;\">DERMATOLOGIA<\/h1>\n[\/vc_column_text][vc_empty_space height=&#8221;20px&#8221;][vc_column_text]\n<p style=\"text-align: justify;\"><img loading=\"lazy\" class=\"alignright size-medium wp-image-9799\" src=\"http:\/\/icamed.com.br\/clinica-medica\/wp-content\/uploads\/2016\/11\/dermatologia-icamed-1-300x200.jpg\" alt=\"dermatologia-icamed-1\" width=\"300\" height=\"200\" srcset=\"https:\/\/icamed.com.br\/clinica-medica\/wp-content\/uploads\/2016\/11\/dermatologia-icamed-1-300x200.jpg 300w, https:\/\/icamed.com.br\/clinica-medica\/wp-content\/uploads\/2016\/11\/dermatologia-icamed-1-480x320.jpg 480w, https:\/\/icamed.com.br\/clinica-medica\/wp-content\/uploads\/2016\/11\/dermatologia-icamed-1.jpg 600w\" sizes=\"(max-width: 300px) 100vw, 300px\" \/>A DERMATOLOGIA se concentra em doen\u00e7as e afec\u00e7\u00f5es relacionadas \u00e0 pele, pelos, mucosas, cabelo e unhas. Saiba porque a pele envelhece, como s\u00e3o realizados os tratamentos para combater o envelhecimento.<\/p>\n[\/vc_column_text][vc_empty_space][\/vc_column][\/vc_row]\n","protected":false},"excerpt":{"rendered":"<p>[vc_row][vc_column][vc_empty_space height=&#8221;30px&#8221;][vc_column_text] DERMATOLOGIA [\/vc_column_text][vc_empty_space height=&#8221;20px&#8221;][vc_column_text] A DERMATOLOGIA se concentra em doen\u00e7as e afec\u00e7\u00f5es relacionadas \u00e0 pele, pelos, mucosas, cabelo e unhas. Saiba porque a pele envelhece, como s\u00e3o realizados os tratamentos para combater o envelhecimento. [\/vc_column_text][vc_empty_space][\/vc_column][\/vc_row]<\/p>\n","protected":false},"author":1,"featured_media":0,"parent":0,"menu_order":0,"comment_status":"closed","ping_status":"open","template":"","meta":[],"_links":{"self":[{"href":"https:\/\/icamed.com.br\/clinica-medica\/wp-json\/wp\/v2\/pages\/9751"}],"collection":[{"href":"https:\/\/icamed.com.br\/clinica-medica\/wp-json\/wp\/v2\/pages"}],"about":[{"href":"https:\/\/icamed.com.br\/clinica-medica\/wp-json\/wp\/v2\/types\/page"}],"author":[{"embeddable":true,"href":"https:\/\/icamed.com.br\/clinica-medica\/wp-json\/wp\/v2\/users\/1"}],"replies":[{"embeddable":true,"href":"https:\/\/icamed.com.br\/clinica-medica\/wp-json\/wp\/v2\/comments?post=9751"}],"version-history":[{"count":6,"href":"https:\/\/icamed.com.br\/clinica-medica\/wp-json\/wp\/v2\/pages\/9751\/revisions"}],"predecessor-version":[{"id":26020,"href":"https:\/\/icamed.com.br\/clinica-medica\/wp-json\/wp\/v2\/pages\/9751\/revisions\/26020"}],"wp:attachment":[{"href":"https:\/\/icamed.com.br\/clinica-medica\/wp-json\/wp\/v2\/media?parent=9751"}],"curies":[{"name":"wp","href":"https:\/\/api.w.org\/{rel}","templated":true}]}}