{"id":9703,"date":"2016-11-22T19:17:13","date_gmt":"2016-11-22T19:17:13","guid":{"rendered":"http:\/\/icamed.com.br\/clinica-medica\/?page_id=9703"},"modified":"2024-10-05T01:40:03","modified_gmt":"2024-10-05T04:40:03","slug":"clinica-medica-palhoca","status":"publish","type":"page","link":"https:\/\/icamed.com.br\/clinica-medica\/clinica-medica-palhoca\/","title":{"rendered":"ICAMED"},"content":{"rendered":"[vc_row][vc_column][vc_empty_space height=&#8221;30px&#8221;][vc_column_text]\n<h1 style=\"text-align: center;\">CL\u00cdNICA M\u00c9DICA &#8211; PALHO\u00c7A<\/h1>\n[\/vc_column_text][vc_column_text]\n<h2 style=\"text-align: center;\">ICAMED<\/h2>\n[\/vc_column_text][vc_empty_space height=&#8221;20px&#8221;][vc_column_text]\n<p style=\"text-align: justify;\"><img loading=\"lazy\" class=\"alignright wp-image-9890 size-thumbnail\" src=\"http:\/\/icamed.com.br\/clinica-medica\/wp-content\/uploads\/2017\/01\/clinica-medica-florianopolis-150x150.png\" alt=\"clinica-medica-florianopolis\" width=\"150\" height=\"150\" srcset=\"https:\/\/icamed.com.br\/clinica-medica\/wp-content\/uploads\/2017\/01\/clinica-medica-florianopolis-150x150.png 150w, https:\/\/icamed.com.br\/clinica-medica\/wp-content\/uploads\/2017\/01\/clinica-medica-florianopolis-300x300.png 300w, https:\/\/icamed.com.br\/clinica-medica\/wp-content\/uploads\/2017\/01\/clinica-medica-florianopolis.png 370w\" sizes=\"(max-width: 150px) 100vw, 150px\" \/>O Instituto Catarinense de Medicina nasce na cidade que mais cresce na Grande Florian\u00f3polis. A cl\u00ednica nasce com uma proposta inovadora tendo em sua inaugura\u00e7\u00e3o algumas especialidades: pneumologia, cardiologia, psiquiatria, reumatologia, neurocirurgia e dermatologia. Al\u00e9m das especialidades m\u00e9dicas possu\u00edmos um centro de imuniza\u00e7\u00f5es com as mais diversas vacinas prevenindo e diminuindo in\u00fameras complica\u00e7\u00f5es contemplando m\u00e3es, pais, beb\u00eas e crian\u00e7as. O n\u00famero de especialidades m\u00e9dicas crescem conforme a demanda da popula\u00e7\u00e3o, onde o principal diferencial estar\u00e1 no servi\u00e7o prestado que preconiza a \u201caten\u00e7\u00e3o integral \u00e0 sa\u00fade\u201d.<\/p>\n<p>&nbsp;<\/p>\n<p style=\"text-align: justify;\">O foco do ICAMED \u00e9 a Aten\u00e7\u00e3o Integral \u00e0 Sa\u00fade.<\/p>\n<p>&nbsp;<\/p>\n<p style=\"text-align: justify;\">O Minist\u00e9rio da Sa\u00fade define \u201cAten\u00e7\u00e3o Integral \u00e0 Sa\u00fade\u201d como \u201csensibilizar gestores para uma vis\u00e3o hol\u00edstica do ser humano e para uma abordagem sist\u00eamica das necessidades dessa popula\u00e7\u00e3o. Busca, ainda, apontar para a import\u00e2ncia da constru\u00e7\u00e3o de estrat\u00e9gias interfederativas e intersetoriais que contribuam para a modifica\u00e7\u00e3o do quadro nacional de vulnerabilidade de adolescentes e de jovens, influindo no desenvolvimento saud\u00e1vel desse grupo populacional\u201d. Institucionalizada por\u00e9m n\u00e3o praticada pelo SUS esta pr\u00e1tica \u00e9 pautada nos exemplos de Pa\u00edses do primeiro mundo onde possui como centro focal n\u00e3o a doen\u00e7a e sim a promo\u00e7\u00e3o da sa\u00fade e qualidade de vida.<\/p>\n<p>&nbsp;<\/p>\n<p style=\"text-align: justify;\">O Programa de Aten\u00e7\u00e3o Integral \u00e9 pautado pelos princ\u00edpios da integralidade e da equidade, com uma vis\u00e3o estrat\u00e9gica da gest\u00e3o dos servi\u00e7os de sa\u00fade, definida em um processo de aprimoramento cont\u00ednuo.<\/p>\n<p>&nbsp;<\/p>\n<p style=\"text-align: justify;\">Neste contexto, trabalhar com Aten\u00e7\u00e3o Integral \u00e0 Sa\u00fade \u00e9 oferecer n\u00e3o apenas um corpo cl\u00ednico especializado mas tamb\u00e9m a implanta\u00e7\u00e3o de programas de sa\u00fade e capacita\u00e7\u00e3o dos profissionais na busca de criar condi\u00e7\u00f5es para constru\u00e7\u00e3o de um modelo de Aten\u00e7\u00e3o \u00e0 Sa\u00fade participativo e um modelo de Gest\u00e3o de Servi\u00e7os de Sa\u00fade que busca a excel\u00eancia de forma integrada.<\/p>\n[\/vc_column_text][vc_empty_space][\/vc_column][\/vc_row]\n","protected":false},"excerpt":{"rendered":"<p>[vc_row][vc_column][vc_empty_space height=&#8221;30px&#8221;][vc_column_text] CL\u00cdNICA M\u00c9DICA &#8211; PALHO\u00c7A [\/vc_column_text][vc_column_text] ICAMED [\/vc_column_text][vc_empty_space height=&#8221;20px&#8221;][vc_column_text] O Instituto Catarinense de Medicina nasce na cidade que mais cresce na Grande Florian\u00f3polis. A cl\u00ednica nasce com uma proposta inovadora tendo em sua inaugura\u00e7\u00e3o algumas especialidades: pneumologia, cardiologia, psiquiatria, reumatologia, neurocirurgia e dermatologia. Al\u00e9m&#8230;<\/p>\n","protected":false},"author":1,"featured_media":0,"parent":0,"menu_order":0,"comment_status":"closed","ping_status":"open","template":"","meta":[],"_links":{"self":[{"href":"https:\/\/icamed.com.br\/clinica-medica\/wp-json\/wp\/v2\/pages\/9703"}],"collection":[{"href":"https:\/\/icamed.com.br\/clinica-medica\/wp-json\/wp\/v2\/pages"}],"about":[{"href":"https:\/\/icamed.com.br\/clinica-medica\/wp-json\/wp\/v2\/types\/page"}],"author":[{"embeddable":true,"href":"https:\/\/icamed.com.br\/clinica-medica\/wp-json\/wp\/v2\/users\/1"}],"replies":[{"embeddable":true,"href":"https:\/\/icamed.com.br\/clinica-medica\/wp-json\/wp\/v2\/comments?post=9703"}],"version-history":[{"count":10,"href":"https:\/\/icamed.com.br\/clinica-medica\/wp-json\/wp\/v2\/pages\/9703\/revisions"}],"predecessor-version":[{"id":15616,"href":"https:\/\/icamed.com.br\/clinica-medica\/wp-json\/wp\/v2\/pages\/9703\/revisions\/15616"}],"wp:attachment":[{"href":"https:\/\/icamed.com.br\/clinica-medica\/wp-json\/wp\/v2\/media?parent=9703"}],"curies":[{"name":"wp","href":"https:\/\/api.w.org\/{rel}","templated":true}]}}