{"id":17105,"date":"2022-07-27T10:54:40","date_gmt":"2022-07-27T13:54:40","guid":{"rendered":"https:\/\/icamed.com.br\/clinica-medica\/?page_id=17105"},"modified":"2025-02-14T00:43:17","modified_gmt":"2025-02-14T03:43:17","slug":"convenios","status":"publish","type":"page","link":"https:\/\/icamed.com.br\/clinica-medica\/convenios\/","title":{"rendered":"Conv\u00eanios"},"content":{"rendered":"[vc_row][vc_column][vc_empty_space height=&#8221;30px&#8221;][vc_column_text]\n<h1 style=\"text-align: center;\">CONV\u00caNIOS<\/h1>\n[\/vc_column_text][vc_empty_space height=&#8221;20px&#8221;][vc_gallery type=&#8221;image_grid&#8221; images=&#8221;17113,26981,17115,26980,28945,17117,17118,17119,28946,17121,17122,17123,17124,17125,17126,17127,17130,17210,17128,17129&#8243; img_size=&#8221;full&#8221; onclick=&#8221;&#8221; column_number=&#8221;5&#8243;][vc_column_text]\n<h3 style=\"text-align: center;\">Demais conv\u00eanios<\/h3>\n[\/vc_column_text][vc_empty_space height=&#8221;20px&#8221;][vc_row_inner][vc_column_inner width=&#8221;1\/4&#8243;][vc_column_text]\u00bb AARS<br \/>\n\u00bb AGEMED<br \/>\n\u00bb AMPLA MEDICA<br \/>\n\u00bb APAIT<br \/>\n\u00bb APROV<br \/>\n\u00bb ATADH<br \/>\n\u00bb AVUS DESCONTOS<br \/>\n\u00bb BECARE CLUB<br \/>\n\u00bb BENEFICIO QUALIREDE<br \/>\n\u00bb CAASC\/OAB<br \/>\n\u00bb CABERGS SAUDE<br \/>\n\u00bb CART\u00c3O SA\u00daDE DE DESCONTO<br \/>\n\u00bb CERGAL<br \/>\n\u00bb CIENCIA<br \/>\n\u00bb CISAMUREL<br \/>\n\u00bb CLEAN CARD<br \/>\n\u00bb CLINCARD<br \/>\n\u00bb CLINICA LIMA<br \/>\n\u00bb DUOLIFE 24 HORAS[\/vc_column_text][\/vc_column_inner][vc_column_inner width=&#8221;1\/4&#8243;][vc_column_text]\u00bb ELO FIDELIZA\u00c7\u00c3O<br \/>\n\u00bb ELO S\u00c1UDE<br \/>\n\u00bb FAMED SA\u00daDE<br \/>\n\u00bb HELP<br \/>\n\u00bb IMBCARD<br \/>\n\u00bb ITESC<br \/>\n\u00bb MAIS VIDA LITORAL<br \/>\n\u00bb MEDCARE<br \/>\n\u00bb MAIS VANTAGENS<br \/>\n\u00bb PAF &#8211; S\u00c3O JOS\u00c9<br \/>\n\u00bb PAF &#8211; CRISTO REI DE LAGUNA<br \/>\n\u00bb PAF &#8211; SANTA RITA<br \/>\n\u00bb PARAN\u00c1 CLINICAS<br \/>\n\u00bb PLADISA<br \/>\n\u00bb PREFEITURA DE BRACO DO NORTE<br \/>\n\u00bb PREFEITURA DE ANTONIO CARLOS<br \/>\n\u00bb PREFEITURA DE ARMAZEM<br \/>\n\u00bb PREFEITURA DE CAPIVARI<br \/>\n\u00bb PREFEITURA DE GRAVATAL[\/vc_column_text][\/vc_column_inner][vc_column_inner width=&#8221;1\/4&#8243;][vc_column_text]\u00bb PREFEITURA DE IMBITUBA<br \/>\n\u00bb PREFEITURA DE JAGUARUNA<br \/>\n\u00bb PREFEITURA DE LAGUNA<br \/>\n\u00bb PREFEITURA DE PESCARIA BRAVA<br \/>\n\u00bb PREFEITURA DE RIO FORTUNA<br \/>\n\u00bb PREFEITURA DE SANGAO<br \/>\n\u00bb PREFEITURA DE SANTA ROSA DE LIMA<br \/>\n\u00bb PREFEITURA DE S\u00c3O MARTINHO<br \/>\n\u00bb PREFEITURA DE S\u00c3O PEDRO DE ALCANTARA<br \/>\n\u00bb PREFEITURA DE TUBAR\u00c3O<br \/>\n\u00bb PREFEITURA DE GRAO PARA<br \/>\n\u00bb PREFEITURA DE PEDRAS GRANDES<br \/>\n\u00bb PREMIUM SAUDE<br \/>\n\u00bb PREVENIR<br \/>\n\u00bb PREVIDA<br \/>\n\u00bb PREVSAUDE<br \/>\n\u00bb PROTEGE \/ SANTA CATARINA[\/vc_column_text][\/vc_column_inner][vc_column_inner width=&#8221;1\/4&#8243;][vc_column_text]\u00bb R2 REDE RECORRE DE BENEF\u00cdCIOS<br \/>\n\u00bb REDE MULT<br \/>\n\u00bb SA\u00daDE CONCEI\u00c7\u00c3O<br \/>\n\u00bb SAUDESC<br \/>\n\u00bb SC MASTER<br \/>\n\u00bb SIM &#8211; CAIXA DE ASSITENCIA A SAUDE<br \/>\n\u00bb SINDICATO DOS VIGILANTES DE TUBAR\u00c3O<br \/>\n\u00bb SINDPESCA<br \/>\n\u00bb SINTRATHU<br \/>\n\u00bb SNS CARD<br \/>\n\u00bb STAR SAUDE<br \/>\n\u00bb SULIMED<br \/>\n\u00bb UNIPESCA<br \/>\n\u00bb VAICARD<br \/>\n\u00bb VITACARDI<br \/>\n\u00bb WKOERICH IMOVEIS[\/vc_column_text][\/vc_column_inner][\/vc_row_inner][vc_empty_space height=&#8221;20px&#8221;][vc_empty_space][\/vc_column][\/vc_row]\n","protected":false},"excerpt":{"rendered":"<p>[vc_row][vc_column][vc_empty_space height=&#8221;30px&#8221;][vc_column_text] CONV\u00caNIOS [\/vc_column_text][vc_empty_space height=&#8221;20px&#8221;][vc_gallery type=&#8221;image_grid&#8221; images=&#8221;17113,26981,17115,26980,28945,17117,17118,17119,28946,17121,17122,17123,17124,17125,17126,17127,17130,17210,17128,17129&#8243; img_size=&#8221;full&#8221; onclick=&#8221;&#8221; column_number=&#8221;5&#8243;][vc_column_text] Demais conv\u00eanios [\/vc_column_text][vc_empty_space height=&#8221;20px&#8221;][vc_row_inner][vc_column_inner width=&#8221;1\/4&#8243;][vc_column_text]\u00bb AARS \u00bb AGEMED \u00bb AMPLA MEDICA \u00bb APAIT \u00bb APROV \u00bb ATADH \u00bb AVUS DESCONTOS \u00bb BECARE CLUB \u00bb BENEFICIO QUALIREDE \u00bb CAASC\/OAB \u00bb CABERGS SAUDE \u00bb CART\u00c3O SA\u00daDE DE&#8230;<\/p>\n","protected":false},"author":1,"featured_media":0,"parent":0,"menu_order":0,"comment_status":"closed","ping_status":"closed","template":"","meta":[],"_links":{"self":[{"href":"https:\/\/icamed.com.br\/clinica-medica\/wp-json\/wp\/v2\/pages\/17105"}],"collection":[{"href":"https:\/\/icamed.com.br\/clinica-medica\/wp-json\/wp\/v2\/pages"}],"about":[{"href":"https:\/\/icamed.com.br\/clinica-medica\/wp-json\/wp\/v2\/types\/page"}],"author":[{"embeddable":true,"href":"https:\/\/icamed.com.br\/clinica-medica\/wp-json\/wp\/v2\/users\/1"}],"replies":[{"embeddable":true,"href":"https:\/\/icamed.com.br\/clinica-medica\/wp-json\/wp\/v2\/comments?post=17105"}],"version-history":[{"count":14,"href":"https:\/\/icamed.com.br\/clinica-medica\/wp-json\/wp\/v2\/pages\/17105\/revisions"}],"predecessor-version":[{"id":28947,"href":"https:\/\/icamed.com.br\/clinica-medica\/wp-json\/wp\/v2\/pages\/17105\/revisions\/28947"}],"wp:attachment":[{"href":"https:\/\/icamed.com.br\/clinica-medica\/wp-json\/wp\/v2\/media?parent=17105"}],"curies":[{"name":"wp","href":"https:\/\/api.w.org\/{rel}","templated":true}]}}