{"id":12868,"date":"2021-05-21T19:31:51","date_gmt":"2021-05-21T22:31:51","guid":{"rendered":"https:\/\/icamed.com.br\/clinica-medica\/?page_id=12868"},"modified":"2024-10-05T01:36:25","modified_gmt":"2024-10-05T04:36:25","slug":"ouvidoria","status":"publish","type":"page","link":"https:\/\/icamed.com.br\/clinica-medica\/ouvidoria\/","title":{"rendered":"OUVIDORIA"},"content":{"rendered":"[vc_row row_type=&#8221;section&#8221; background_color=&#8221;#ffffff&#8221; padding_top=&#8221;0&#8243; padding_bottom=&#8221;0&#8243;][vc_column][vc_empty_space height=&#8221;30px&#8221;][vc_column_text]\n<h1 style=\"text-align: left;\">OUVIDORIA<\/h1>\n[\/vc_column_text][vc_column_text]Em conson\u00e2ncia ao artigo 9\u00ba da LGPD, o ICAMED informa que o titular dos dados pessoais tem direito a obter, em rela\u00e7\u00e3o aos dados do titular, a qualquer momento e mediante requisi\u00e7\u00e3o por e-mail (ouvidoria@icamed.com.br):<br \/>\na) confirma\u00e7\u00e3o da exist\u00eancia de tratamento;<\/p>\n<p>b) acesso aos dados;<\/p>\n<p>c) corre\u00e7\u00e3o de dados incompletos, inexatos ou desatualizados;<\/p>\n<p>d) anonimiza\u00e7\u00e3o, bloqueio ou elimina\u00e7\u00e3o de dados desnecess\u00e1rios, excessivos ou tratados em desconformidade com a LGPD;<\/p>\n<p>e) portabilidade dos dados a outro fornecedor de servi\u00e7o ou produto, mediante requisi\u00e7\u00e3o expressa, de acordo com a regulamenta\u00e7\u00e3o da autoridade nacional, observados os segredos comercial e industrial;<\/p>\n<p>f) elimina\u00e7\u00e3o dos dados pessoais tratados com o consentimento do titular, exceto nas hip\u00f3teses previstas no art. 16 da LGPD;<\/p>\n<p>g) informa\u00e7\u00e3o das entidades p\u00fablicas e privadas com as quais o Controlador realizou uso compartilhado de dados;<\/p>\n<p>h) informa\u00e7\u00e3o sobre a possibilidade de n\u00e3o fornecer consentimento e sobre as consequ\u00eancias da negativa; e<\/p>\n<p>i) revoga\u00e7\u00e3o do consentimento.<\/p>\n<p>Para melhor esclarecer quais dados s\u00e3o coletados, para qual finalidade, com qual base legal e por quanto tempo armazenamos, disponibilizamos a nossa <a href=\"https:\/\/icamed.com.br\/clinica-medica\/politica-de-privacidade\/\" target=\"_blank\" rel=\"noopener\">Pol\u00edtica de Privacidade<\/a>.<\/p>\n<p>Se, ainda assim, voc\u00ea tiver qualquer reclama\u00e7\u00e3o, comunica\u00e7\u00e3o ou preocupa\u00e7\u00e3o sobre a forma como seus dados est\u00e3o sendo tratados pelo ICAMED dever\u00e1 ser dirigida ao ENCARREGADO, o qual encontra-se devidamente autorizado para prestar esclarecimentos e\/ou adotar provid\u00eancias referentes ao tratamento de dados pessoais.<\/p>\n<p>Para isso, solicitamos que voc\u00ea entre em contato conosco usando os seguintes canais:<\/p>\n<ul>\n<li>Encarregado pelo Tratamento de Dados Pessoais:<br \/>\nNome: Patr\u00edcia Rodrigues de Oliveira Ferreira<br \/>\nE-mail: ouvidoria@icamed.com.br<br \/>\nTelefone: (48) 3242-7777<\/li>\n<li>Portal da Privacidade: https:\/\/icamed.com.br\/clinica-medica\/politica-de-privacidade\/<\/li>\n<li>Pessoalmente em uma de nossas Unidades.<\/li>\n<\/ul>\n[\/vc_column_text][vc_empty_space height=&#8221;20px&#8221;][\/vc_column][\/vc_row]\n","protected":false},"excerpt":{"rendered":"<p>[vc_row row_type=&#8221;section&#8221; background_color=&#8221;#ffffff&#8221; padding_top=&#8221;0&#8243; padding_bottom=&#8221;0&#8243;][vc_column][vc_empty_space height=&#8221;30px&#8221;][vc_column_text] OUVIDORIA [\/vc_column_text][vc_column_text]Em conson\u00e2ncia ao artigo 9\u00ba da LGPD, o ICAMED informa que o titular dos dados pessoais tem direito a obter, em rela\u00e7\u00e3o aos dados do titular, a qualquer momento e mediante requisi\u00e7\u00e3o por e-mail (ouvidoria@icamed.com.br): a) confirma\u00e7\u00e3o da&#8230;<\/p>\n","protected":false},"author":1,"featured_media":0,"parent":0,"menu_order":0,"comment_status":"closed","ping_status":"closed","template":"","meta":[],"_links":{"self":[{"href":"https:\/\/icamed.com.br\/clinica-medica\/wp-json\/wp\/v2\/pages\/12868"}],"collection":[{"href":"https:\/\/icamed.com.br\/clinica-medica\/wp-json\/wp\/v2\/pages"}],"about":[{"href":"https:\/\/icamed.com.br\/clinica-medica\/wp-json\/wp\/v2\/types\/page"}],"author":[{"embeddable":true,"href":"https:\/\/icamed.com.br\/clinica-medica\/wp-json\/wp\/v2\/users\/1"}],"replies":[{"embeddable":true,"href":"https:\/\/icamed.com.br\/clinica-medica\/wp-json\/wp\/v2\/comments?post=12868"}],"version-history":[{"count":7,"href":"https:\/\/icamed.com.br\/clinica-medica\/wp-json\/wp\/v2\/pages\/12868\/revisions"}],"predecessor-version":[{"id":12959,"href":"https:\/\/icamed.com.br\/clinica-medica\/wp-json\/wp\/v2\/pages\/12868\/revisions\/12959"}],"wp:attachment":[{"href":"https:\/\/icamed.com.br\/clinica-medica\/wp-json\/wp\/v2\/media?parent=12868"}],"curies":[{"name":"wp","href":"https:\/\/api.w.org\/{rel}","templated":true}]}}