{"id":12133,"date":"2020-09-09T15:07:12","date_gmt":"2020-09-09T18:07:12","guid":{"rendered":"https:\/\/icamed.com.br\/clinica-medica\/?page_id=12133"},"modified":"2021-10-14T15:05:15","modified_gmt":"2021-10-14T18:05:15","slug":"oftalmologia","status":"publish","type":"page","link":"https:\/\/icamed.com.br\/clinica-medica\/oftalmologia\/","title":{"rendered":"OFTALMOLOGIA"},"content":{"rendered":"[vc_row][vc_column][vc_empty_space height=&#8221;30px&#8221;][vc_column_text]\n<h1 style=\"text-align: center;\">OFTALMOLOGIA<\/h1>\n[\/vc_column_text][vc_empty_space height=&#8221;20px&#8221;][vc_column_text]\n<p style=\"text-align: justify;\"><img loading=\"lazy\" class=\"alignright wp-image-12147 size-medium\" src=\"https:\/\/icamed.com.br\/clinica-medica\/wp-content\/uploads\/2020\/09\/Oftalmo-imagem-300x200.jpg\" alt=\"\" width=\"300\" height=\"200\" srcset=\"https:\/\/icamed.com.br\/clinica-medica\/wp-content\/uploads\/2020\/09\/Oftalmo-imagem-300x200.jpg 300w, https:\/\/icamed.com.br\/clinica-medica\/wp-content\/uploads\/2020\/09\/Oftalmo-imagem-480x320.jpg 480w, https:\/\/icamed.com.br\/clinica-medica\/wp-content\/uploads\/2020\/09\/Oftalmo-imagem.jpg 600w\" sizes=\"(max-width: 300px) 100vw, 300px\" \/>A <strong>oftalmologia<\/strong> \u00e9 uma \u00e1rea que tem atividades bastante diversificadas dentro da medicina, abrangendo a parte cl\u00ednica, cir\u00fargica e uma grande diversidade de exames.<\/p>\n<p>&nbsp;<\/p>\n<p style=\"text-align: justify;\">A <strong>oftalmologia<\/strong> \u00e9 a especialidade que tem a fun\u00e7\u00e3o de preservar a <strong>sa\u00fade ocular<\/strong> e assegurar, dentro das possibilidades, melhor <strong>vis\u00e3o<\/strong> aos pacientes, atuando na preven\u00e7\u00e3o de doen\u00e7as, tratamento e cura de enfermidades e na preserva\u00e7\u00e3o ou melhoria da qualidade de vida.<\/p>\n<p>&nbsp;<\/p>\n<p style=\"text-align: justify;\">A <strong>vis\u00e3o<\/strong> \u00e9 o mais importante sentido no corpo humano, visto que a maior parte das informa\u00e7\u00f5es que recebemos do meio em que vivemos \u00e9 realizada atrav\u00e9s dos olhos. Como o funcionamento ocular \u00e9 complexo, procurar ajuda do especialista para <strong>exames<\/strong> de rotina \u00e9 a melhor maneira de prevenir ou detectar precocemente os males relacionados a esse \u00f3rg\u00e3o.<\/p>\n[\/vc_column_text][vc_empty_space][\/vc_column][\/vc_row][vc_row][vc_column][vc_column_text]\n[\/vc_column_text][\/vc_column][\/vc_row][vc_row row_type=&#8221;section&#8221; background_color=&#8221;#ffffff&#8221; padding_top=&#8221;0&#8243; padding_bottom=&#8221;0&#8243;][vc_column][vc_column_text]\n<h2 style=\"text-align: center;\">AGENDE J\u00c1 SUA CONSULTA OU EXAME<\/h2>\n[\/vc_column_text][vc_empty_space height=&#8221;20px&#8221;][vc_row_inner][vc_column_inner width=&#8221;1\/3&#8243;][vc_column_text css=&#8221;.vc_custom_1591654933029{padding-bottom: 10px !important;}&#8221;]\n<h4><span style=\"color: #333333;\">Formul\u00e1rio de Contato<\/span><\/h4>\n[\/vc_column_text][vc_empty_space height=&#8221;5px&#8221;]<div role=\"form\" class=\"wpcf7\" id=\"wpcf7-f8637-o1\" lang=\"pt-BR\" dir=\"ltr\">\n<div class=\"screen-reader-response\"><p role=\"status\" aria-live=\"polite\" aria-atomic=\"true\"><\/p> <ul><\/ul><\/div>\n<form action=\"\/clinica-medica\/wp-json\/wp\/v2\/pages\/12133#wpcf7-f8637-o1\" method=\"post\" class=\"wpcf7-form init\" novalidate=\"novalidate\" data-status=\"init\">\n<div style=\"display: none;\">\n<input type=\"hidden\" name=\"_wpcf7\" value=\"8637\" \/>\n<input type=\"hidden\" name=\"_wpcf7_version\" value=\"5.4.1\" \/>\n<input type=\"hidden\" name=\"_wpcf7_locale\" value=\"pt_BR\" \/>\n<input type=\"hidden\" name=\"_wpcf7_unit_tag\" value=\"wpcf7-f8637-o1\" \/>\n<input type=\"hidden\" name=\"_wpcf7_container_post\" value=\"0\" \/>\n<input type=\"hidden\" name=\"_wpcf7_posted_data_hash\" value=\"\" \/>\n<\/div>\n<div class=\"contact_form\">\n<div class=\"column_inner\">Nome:\n<p><span class=\"wpcf7-form-control-wrap your-name\"><input type=\"text\" name=\"your-name\" value=\"\" size=\"40\" class=\"wpcf7-form-control wpcf7-text wpcf7-validates-as-required\" aria-required=\"true\" aria-invalid=\"false\" \/><\/span><\/p><\/div>\n<div class=\"column_inner\">Telefone:\n<p><span class=\"wpcf7-form-control-wrap your-telefone\"><input type=\"text\" name=\"your-telefone\" value=\"\" size=\"40\" class=\"wpcf7-form-control wpcf7-text wpcf7-validates-as-required\" aria-required=\"true\" aria-invalid=\"false\" \/><\/span><\/p><\/div>\n<div class=\"two_columns_50_50 clearfix\">Email:\n<p><span class=\"wpcf7-form-control-wrap your-email\"><input type=\"text\" name=\"your-email\" value=\"\" size=\"40\" class=\"wpcf7-form-control wpcf7-text wpcf7-validates-as-required\" aria-required=\"true\" aria-invalid=\"false\" \/><\/span><\/p><\/div>\n<p>Mensagem:<\/p>\n<p><span class=\"wpcf7-form-control-wrap your-message\"><textarea name=\"your-message\" cols=\"90\" rows=\"5\" class=\"wpcf7-form-control wpcf7-textarea wpcf7-validates-as-required\" aria-required=\"true\" aria-invalid=\"false\"><\/textarea><\/span><\/p>\n<p><input type=\"submit\" value=\"Enviar\" class=\"wpcf7-form-control wpcf7-submit qbutton\" \/><\/p>\n<\/div>\n<div class=\"wpcf7-response-output\" aria-hidden=\"true\"><\/div><\/form><\/div>[vc_empty_space height=&#8221;10px&#8221;][\/vc_column_inner][vc_column_inner width=&#8221;1\/3&#8243;][vc_column_text css=&#8221;.vc_custom_1591654761393{padding-bottom: 10px !important;}&#8221;]\n<h4><span style=\"color: #333333;\">Florian\u00f3polis<\/span><\/h4>\n[\/vc_column_text][vc_empty_space height=&#8221;5px&#8221;][vc_column_text css=&#8221;.vc_custom_1634234712404{padding-bottom: 10px !important;}&#8221;]<i class=\"fa fa-clock-o\"><\/i> 2\u00aa\u00a0a 6\u00aa\u00a0das 8h\u00a0\u00e0s 18h<\/p>\n<p><a href=\"https:\/\/api.whatsapp.com\/send?phone=5548984528375\" target=\"_blank\" rel=\"noopener\"><i class=\"fa fa-whatsapp\"><\/i> (48) 98452-8375 <\/a><\/p>\n<p><a href=\"tel:4832047282\"><i class=\"fa fa-phone\"><\/i> (48) 3204-7282<\/a><\/p>\n<p><a href=\"mailto:contato@icamed.com.br\" target=\"_top\" rel=\"noopener noreferrer\"><i class=\"fa fa-envelope\"><\/i> contato@icamed.com.br<\/a><\/p>\n<p><i class=\"fa fa-building\"><\/i> Rua Jer\u00f4nimo Coelho, 389 &#8211; Centro<br \/>\nCEP: 88010-030 &#8211; Brasil[\/vc_column_text][vc_gmaps link=&#8221;#E-8_JTNDaWZyYW1lJTIwc3JjJTNEJTIyaHR0cHMlM0ElMkYlMkZ3d3cuZ29vZ2xlLmNvbSUyRm1hcHMlMkZlbWJlZCUzRnBiJTNEJTIxMW0xOCUyMTFtMTIlMjExbTMlMjExZDM1MzUuOTc0MDU0Nzk0Mjk5NyUyMTJkLTQ4LjU1MzUyMTc4NDk0MDQzNiUyMTNkLTI3LjU5NDMzMzk4MjgzODgxMiUyMTJtMyUyMTFmMCUyMTJmMCUyMTNmMCUyMTNtMiUyMTFpMTAyNCUyMTJpNzY4JTIxNGYxMy4xJTIxM20zJTIxMW0yJTIxMXMweDAlMjUzQTB4NjRhZWVjMWFkZWZmZGI0ZiUyMTJzSUNBTUVEJTIxNWUwJTIxM20yJTIxMXNwdC1CUiUyMTJzYnIlMjE0djE1OTE2NTQ0ODQ5MTglMjE1bTIlMjExc3B0LUJSJTIxMnNiciUyMiUyMHdpZHRoJTNEJTIyNjAwJTIyJTIwaGVpZ2h0JTNEJTIyNDUwJTIyJTIwZnJhbWVib3JkZXIlM0QlMjIwJTIyJTIwc3R5bGUlM0QlMjJib3JkZXIlM0EwJTNCJTIyJTIwYWxsb3dmdWxsc2NyZWVuJTNEJTIyJTIyJTIwYXJpYS1oaWRkZW4lM0QlMjJmYWxzZSUyMiUyMHRhYmluZGV4JTNEJTIyMCUyMiUzRSUzQyUyRmlmcmFtZSUzRQ==&#8221; size=&#8221;230&#8243;][vc_empty_space height=&#8221;10px&#8221;][\/vc_column_inner][vc_column_inner width=&#8221;1\/3&#8243;][vc_column_text css=&#8221;.vc_custom_1591655474481{padding-bottom: 10px !important;}&#8221;]\n<h4><span style=\"color: #333333;\">Palho\u00e7a<\/span><\/h4>\n[\/vc_column_text][vc_empty_space height=&#8221;5px&#8221;][vc_column_text css=&#8221;.vc_custom_1591655568690{padding-bottom: 10px !important;}&#8221;]<i class=\"fa fa-clock-o\"><\/i> 2\u00aa\u00a0a 6\u00aa\u00a0das 8h\u00a0\u00e0s 18h<\/p>\n<p><a href=\"https:\/\/api.whatsapp.com\/send?phone=5548999149672\" target=\"_blank\" rel=\"noopener noreferrer\"><i class=\"fa fa-whatsapp\"><\/i> (48) 99914-9672 <\/a><\/p>\n<p><a href=\"tel:4832427777\"><i class=\"fa fa-phone\"><\/i> (48) 3242-7777<\/a><\/p>\n<p><a href=\"mailto:contato@icamed.com.br\" target=\"_top\" rel=\"noopener noreferrer\"><i class=\"fa fa-envelope\"><\/i> contato@icamed.com.br<\/a><\/p>\n<p><i class=\"fa fa-building\"><\/i> Avenida Bar\u00e3o do Rio Branco, 788,<\/p>\n<p>CEP: 88130-100 &#8211; Brasil[\/vc_column_text][vc_gmaps link=&#8221;#E-8_JTNDaWZyYW1lJTIwc3JjJTNEJTIyaHR0cHMlM0ElMkYlMkZ3d3cuZ29vZ2xlLmNvbSUyRm1hcHMlMkZlbWJlZCUzRnBiJTNEJTIxMW0xOCUyMTFtMTIlMjExbTMlMjExZDM1MzQuMjA1NDI0NjU2MjMlMjEyZC00OC42NzA3Mzg2ODQ5MzkyMiUyMTNkLTI3LjY0OTExNTM4MjgxNjA0JTIxMm0zJTIxMWYwJTIxMmYwJTIxM2YwJTIxM20yJTIxMWkxMDI0JTIxMmk3NjglMjE0ZjEzLjElMjEzbTMlMjExbTIlMjExczB4MCUyNTNBMHgyNGQ1NmE1NzIwMGJjODIyJTIxMnNDbCUyNUMzJTI1QURuaWNhJTJCSUNBTUVEJTIxNWUwJTIxM20yJTIxMXNwdC1CUiUyMTJzdXMlMjE0djE0ODUyODMyODExNTYlMjIlMjB3aWR0aCUzRCUyMjYwMCUyMiUyMGhlaWdodCUzRCUyMjQ1MCUyMiUyMGZyYW1lYm9yZGVyJTNEJTIyMCUyMiUyMHN0eWxlJTNEJTIyYm9yZGVyJTNBMCUyMiUyMGFsbG93ZnVsbHNjcmVlbiUzRSUzQyUyRmlmcmFtZSUzRQ==&#8221; size=&#8221;230&#8243;][vc_empty_space height=&#8221;20px&#8221;][\/vc_column_inner][\/vc_row_inner][\/vc_column][\/vc_row]\n","protected":false},"excerpt":{"rendered":"<p>[vc_row][vc_column][vc_empty_space height=&#8221;30px&#8221;][vc_column_text] OFTALMOLOGIA [\/vc_column_text][vc_empty_space height=&#8221;20px&#8221;][vc_column_text] A oftalmologia \u00e9 uma \u00e1rea que tem atividades bastante diversificadas dentro da medicina, abrangendo a parte cl\u00ednica, cir\u00fargica e uma grande diversidade de exames. &nbsp; A oftalmologia \u00e9 a especialidade que tem a fun\u00e7\u00e3o de preservar a sa\u00fade ocular e&#8230;<\/p>\n","protected":false},"author":1,"featured_media":0,"parent":0,"menu_order":0,"comment_status":"open","ping_status":"open","template":"","meta":[],"_links":{"self":[{"href":"https:\/\/icamed.com.br\/clinica-medica\/wp-json\/wp\/v2\/pages\/12133"}],"collection":[{"href":"https:\/\/icamed.com.br\/clinica-medica\/wp-json\/wp\/v2\/pages"}],"about":[{"href":"https:\/\/icamed.com.br\/clinica-medica\/wp-json\/wp\/v2\/types\/page"}],"author":[{"embeddable":true,"href":"https:\/\/icamed.com.br\/clinica-medica\/wp-json\/wp\/v2\/users\/1"}],"replies":[{"embeddable":true,"href":"https:\/\/icamed.com.br\/clinica-medica\/wp-json\/wp\/v2\/comments?post=12133"}],"version-history":[{"count":5,"href":"https:\/\/icamed.com.br\/clinica-medica\/wp-json\/wp\/v2\/pages\/12133\/revisions"}],"predecessor-version":[{"id":13390,"href":"https:\/\/icamed.com.br\/clinica-medica\/wp-json\/wp\/v2\/pages\/12133\/revisions\/13390"}],"wp:attachment":[{"href":"https:\/\/icamed.com.br\/clinica-medica\/wp-json\/wp\/v2\/media?parent=12133"}],"curies":[{"name":"wp","href":"https:\/\/api.w.org\/{rel}","templated":true}]}}