{"id":11846,"date":"2020-05-11T23:45:08","date_gmt":"2020-05-12T02:45:08","guid":{"rendered":"https:\/\/icamed.com.br\/clinica-medica\/?page_id=11846"},"modified":"2024-10-05T01:36:53","modified_gmt":"2024-10-05T04:36:53","slug":"cirurgia-do-aparelho-digestivo","status":"publish","type":"page","link":"https:\/\/icamed.com.br\/clinica-medica\/cirurgia-do-aparelho-digestivo\/","title":{"rendered":"CIRURGIA DO APARELHO DIGESTIVO"},"content":{"rendered":"[vc_row][vc_column][vc_empty_space height=&#8221;30px&#8221;][vc_column_text]\n<h1 style=\"text-align: center;\">CIRURGIA DO APARELHO DIGESTIVO<\/h1>\n[\/vc_column_text][vc_empty_space height=&#8221;20px&#8221;][vc_column_text]\n<p style=\"text-align: justify;\"><img loading=\"lazy\" class=\"alignright size-medium wp-image-11848\" src=\"https:\/\/icamed.com.br\/clinica-medica\/wp-content\/uploads\/2020\/05\/cirurgia-cabeca-pescoco-300x200.jpg\" alt=\"\" width=\"300\" height=\"200\" srcset=\"https:\/\/icamed.com.br\/clinica-medica\/wp-content\/uploads\/2020\/05\/cirurgia-cabeca-pescoco-300x200.jpg 300w, https:\/\/icamed.com.br\/clinica-medica\/wp-content\/uploads\/2020\/05\/cirurgia-cabeca-pescoco-480x320.jpg 480w, https:\/\/icamed.com.br\/clinica-medica\/wp-content\/uploads\/2020\/05\/cirurgia-cabeca-pescoco.jpg 600w\" sizes=\"(max-width: 300px) 100vw, 300px\" \/>A cirurgia do aparelho digestivo \u00e9 uma especialidade m\u00e9dica que cuida do sistema digestivo, o que inclui es\u00f4fago, est\u00f4mago, ves\u00edcula biliar, p\u00e2ncreas, f\u00edgado e toda a extens\u00e3o dos intestinos al\u00e9m do c\u00f3lon, reto e \u00e2nus. Al\u00e9m disso, realiza procedimentos cir\u00fargicos de, por exemplo, h\u00e9rnias, retirada da ves\u00edcula ou tumores malignos.<\/p>\n<p>&nbsp;<\/p>\n<p style=\"text-align: justify;\">A cirurgia no aparelho digestivo pode ser realizada de duas formas: laparotomia, com cortes no abd\u00f4men e manuseio de vis\u00e3o direta; ou laparoscopia, atrav\u00e9s de pequenos cortes, visualiza\u00e7\u00e3o por microc\u00e2mera e manuseio por pin\u00e7as com ou sem aux\u00edlio de Rob\u00f4. Esta \u00faltima tem trazido diversos benef\u00edcios para a especialidade, sobretudo uma redu\u00e7\u00e3o nos tempos de interna\u00e7\u00e3o e recupera\u00e7\u00e3o, bem como menos dor e um p\u00f3s-operat\u00f3rio mais tranquilo.<\/p>\n<p>&nbsp;<\/p>\n<p style=\"text-align: justify;\">As cirurgias mais comuns feitas nessa regi\u00e3o s\u00e3o:<br \/>\n&#8211; C\u00e2ncer, seja de es\u00f4fago, est\u00f4mago, p\u00e2ncreas ou intestino grosso, por exemplo;<br \/>\n&#8211; Refluxo e H\u00e9rnia Hiatal;<br \/>\n&#8211; Colecistectomias ( pedras na ves\u00edcula);<br \/>\n&#8211; H\u00e9rnias, sejam abdominais, umbilicais, inguinais, femorais ou ventrais.<\/p>\n[\/vc_column_text][vc_empty_space][\/vc_column][\/vc_row][vc_row][vc_column][vc_column_text]\n[\/vc_column_text][\/vc_column][\/vc_row][vc_row row_type=&#8221;section&#8221; background_color=&#8221;#ffffff&#8221; padding_top=&#8221;0&#8243; padding_bottom=&#8221;0&#8243;][vc_column][vc_column_text]\n<h2 style=\"text-align: center;\">AGENDE J\u00c1 SUA CONSULTA OU EXAME<\/h2>\n[\/vc_column_text][vc_empty_space height=&#8221;20px&#8221;][vc_row_inner][vc_column_inner width=&#8221;1\/3&#8243;][vc_column_text css=&#8221;.vc_custom_1591654933029{padding-bottom: 10px !important;}&#8221;]\n<h4><span style=\"color: #333333;\">Formul\u00e1rio de Contato<\/span><\/h4>\n[\/vc_column_text][vc_empty_space height=&#8221;5px&#8221;]<div role=\"form\" class=\"wpcf7\" id=\"wpcf7-f8637-o1\" lang=\"pt-BR\" dir=\"ltr\">\n<div class=\"screen-reader-response\"><p role=\"status\" aria-live=\"polite\" aria-atomic=\"true\"><\/p> <ul><\/ul><\/div>\n<form action=\"\/clinica-medica\/wp-json\/wp\/v2\/pages\/11846#wpcf7-f8637-o1\" method=\"post\" class=\"wpcf7-form init\" novalidate=\"novalidate\" data-status=\"init\">\n<div style=\"display: none;\">\n<input type=\"hidden\" name=\"_wpcf7\" value=\"8637\" \/>\n<input type=\"hidden\" name=\"_wpcf7_version\" value=\"5.4.1\" \/>\n<input type=\"hidden\" name=\"_wpcf7_locale\" value=\"pt_BR\" \/>\n<input type=\"hidden\" name=\"_wpcf7_unit_tag\" value=\"wpcf7-f8637-o1\" \/>\n<input type=\"hidden\" name=\"_wpcf7_container_post\" value=\"0\" \/>\n<input type=\"hidden\" name=\"_wpcf7_posted_data_hash\" value=\"\" \/>\n<\/div>\n<div class=\"contact_form\">\n<div class=\"column_inner\">Nome:\n<p><span class=\"wpcf7-form-control-wrap your-name\"><input type=\"text\" name=\"your-name\" value=\"\" size=\"40\" class=\"wpcf7-form-control wpcf7-text wpcf7-validates-as-required\" aria-required=\"true\" aria-invalid=\"false\" \/><\/span><\/p><\/div>\n<div class=\"column_inner\">Telefone:\n<p><span class=\"wpcf7-form-control-wrap your-telefone\"><input type=\"text\" name=\"your-telefone\" value=\"\" size=\"40\" class=\"wpcf7-form-control wpcf7-text wpcf7-validates-as-required\" aria-required=\"true\" aria-invalid=\"false\" \/><\/span><\/p><\/div>\n<div class=\"two_columns_50_50 clearfix\">Email:\n<p><span class=\"wpcf7-form-control-wrap your-email\"><input type=\"text\" name=\"your-email\" value=\"\" size=\"40\" class=\"wpcf7-form-control wpcf7-text wpcf7-validates-as-required\" aria-required=\"true\" aria-invalid=\"false\" \/><\/span><\/p><\/div>\n<p>Mensagem:<\/p>\n<p><span class=\"wpcf7-form-control-wrap your-message\"><textarea name=\"your-message\" cols=\"90\" rows=\"5\" class=\"wpcf7-form-control wpcf7-textarea wpcf7-validates-as-required\" aria-required=\"true\" aria-invalid=\"false\"><\/textarea><\/span><\/p>\n<p><input type=\"submit\" value=\"Enviar\" class=\"wpcf7-form-control wpcf7-submit qbutton\" \/><\/p>\n<\/div>\n<div class=\"wpcf7-response-output\" aria-hidden=\"true\"><\/div><\/form><\/div>[vc_empty_space height=&#8221;10px&#8221;][\/vc_column_inner][vc_column_inner width=&#8221;1\/3&#8243;][vc_column_text css=&#8221;.vc_custom_1591654761393{padding-bottom: 10px !important;}&#8221;]\n<h4><span style=\"color: #333333;\">Florian\u00f3polis<\/span><\/h4>\n[\/vc_column_text][vc_empty_space height=&#8221;5px&#8221;][vc_column_text css=&#8221;.vc_custom_1634234698965{padding-bottom: 10px !important;}&#8221;]<i class=\"fa fa-clock-o\"><\/i> 2\u00aa\u00a0a 6\u00aa\u00a0das 8h\u00a0\u00e0s 18h<\/p>\n<p><a href=\"https:\/\/api.whatsapp.com\/send?phone=5548984528375\" target=\"_blank\" rel=\"noopener\"><i class=\"fa fa-whatsapp\"><\/i> (48) 98452-8375 <\/a><\/p>\n<p><a href=\"tel:4832047282\"><i class=\"fa fa-phone\"><\/i> (48) 3204-7282<\/a><\/p>\n<p><a href=\"mailto:contato@icamed.com.br\" target=\"_top\" rel=\"noopener noreferrer\"><i class=\"fa fa-envelope\"><\/i> contato@icamed.com.br<\/a><\/p>\n<p><i class=\"fa fa-building\"><\/i> Rua Jer\u00f4nimo Coelho, 389 &#8211; Centro<br \/>\nCEP: 88010-030 &#8211; Brasil[\/vc_column_text][vc_gmaps link=&#8221;#E-8_JTNDaWZyYW1lJTIwc3JjJTNEJTIyaHR0cHMlM0ElMkYlMkZ3d3cuZ29vZ2xlLmNvbSUyRm1hcHMlMkZlbWJlZCUzRnBiJTNEJTIxMW0xOCUyMTFtMTIlMjExbTMlMjExZDM1MzUuOTc0MDU0Nzk0Mjk5NyUyMTJkLTQ4LjU1MzUyMTc4NDk0MDQzNiUyMTNkLTI3LjU5NDMzMzk4MjgzODgxMiUyMTJtMyUyMTFmMCUyMTJmMCUyMTNmMCUyMTNtMiUyMTFpMTAyNCUyMTJpNzY4JTIxNGYxMy4xJTIxM20zJTIxMW0yJTIxMXMweDAlMjUzQTB4NjRhZWVjMWFkZWZmZGI0ZiUyMTJzSUNBTUVEJTIxNWUwJTIxM20yJTIxMXNwdC1CUiUyMTJzYnIlMjE0djE1OTE2NTQ0ODQ5MTglMjE1bTIlMjExc3B0LUJSJTIxMnNiciUyMiUyMHdpZHRoJTNEJTIyNjAwJTIyJTIwaGVpZ2h0JTNEJTIyNDUwJTIyJTIwZnJhbWVib3JkZXIlM0QlMjIwJTIyJTIwc3R5bGUlM0QlMjJib3JkZXIlM0EwJTNCJTIyJTIwYWxsb3dmdWxsc2NyZWVuJTNEJTIyJTIyJTIwYXJpYS1oaWRkZW4lM0QlMjJmYWxzZSUyMiUyMHRhYmluZGV4JTNEJTIyMCUyMiUzRSUzQyUyRmlmcmFtZSUzRQ==&#8221; size=&#8221;230&#8243;][vc_empty_space height=&#8221;10px&#8221;][\/vc_column_inner][vc_column_inner width=&#8221;1\/3&#8243;][vc_column_text css=&#8221;.vc_custom_1591655474481{padding-bottom: 10px !important;}&#8221;]\n<h4><span style=\"color: #333333;\">Palho\u00e7a<\/span><\/h4>\n[\/vc_column_text][vc_empty_space height=&#8221;5px&#8221;][vc_column_text css=&#8221;.vc_custom_1591655568690{padding-bottom: 10px !important;}&#8221;]<i class=\"fa fa-clock-o\"><\/i> 2\u00aa\u00a0a 6\u00aa\u00a0das 8h\u00a0\u00e0s 18h<\/p>\n<p><a href=\"https:\/\/api.whatsapp.com\/send?phone=5548999149672\" target=\"_blank\" rel=\"noopener noreferrer\"><i class=\"fa fa-whatsapp\"><\/i> (48) 99914-9672 <\/a><\/p>\n<p><a href=\"tel:4832427777\"><i class=\"fa fa-phone\"><\/i> (48) 3242-7777<\/a><\/p>\n<p><a href=\"mailto:contato@icamed.com.br\" target=\"_top\" rel=\"noopener noreferrer\"><i class=\"fa fa-envelope\"><\/i> contato@icamed.com.br<\/a><\/p>\n<p><i class=\"fa fa-building\"><\/i> Avenida Bar\u00e3o do Rio Branco, 788,<\/p>\n<p>CEP: 88130-100 &#8211; Brasil[\/vc_column_text][vc_gmaps link=&#8221;#E-8_JTNDaWZyYW1lJTIwc3JjJTNEJTIyaHR0cHMlM0ElMkYlMkZ3d3cuZ29vZ2xlLmNvbSUyRm1hcHMlMkZlbWJlZCUzRnBiJTNEJTIxMW0xOCUyMTFtMTIlMjExbTMlMjExZDM1MzQuMjA1NDI0NjU2MjMlMjEyZC00OC42NzA3Mzg2ODQ5MzkyMiUyMTNkLTI3LjY0OTExNTM4MjgxNjA0JTIxMm0zJTIxMWYwJTIxMmYwJTIxM2YwJTIxM20yJTIxMWkxMDI0JTIxMmk3NjglMjE0ZjEzLjElMjEzbTMlMjExbTIlMjExczB4MCUyNTNBMHgyNGQ1NmE1NzIwMGJjODIyJTIxMnNDbCUyNUMzJTI1QURuaWNhJTJCSUNBTUVEJTIxNWUwJTIxM20yJTIxMXNwdC1CUiUyMTJzdXMlMjE0djE0ODUyODMyODExNTYlMjIlMjB3aWR0aCUzRCUyMjYwMCUyMiUyMGhlaWdodCUzRCUyMjQ1MCUyMiUyMGZyYW1lYm9yZGVyJTNEJTIyMCUyMiUyMHN0eWxlJTNEJTIyYm9yZGVyJTNBMCUyMiUyMGFsbG93ZnVsbHNjcmVlbiUzRSUzQyUyRmlmcmFtZSUzRQ==&#8221; size=&#8221;230&#8243;][vc_empty_space height=&#8221;20px&#8221;][\/vc_column_inner][\/vc_row_inner][\/vc_column][\/vc_row]\n","protected":false},"excerpt":{"rendered":"<p>[vc_row][vc_column][vc_empty_space height=&#8221;30px&#8221;][vc_column_text] CIRURGIA DO APARELHO DIGESTIVO [\/vc_column_text][vc_empty_space height=&#8221;20px&#8221;][vc_column_text] A cirurgia do aparelho digestivo \u00e9 uma especialidade m\u00e9dica que cuida do sistema digestivo, o que inclui es\u00f4fago, est\u00f4mago, ves\u00edcula biliar, p\u00e2ncreas, f\u00edgado e toda a extens\u00e3o dos intestinos al\u00e9m do c\u00f3lon, reto e \u00e2nus. Al\u00e9m disso,&#8230;<\/p>\n","protected":false},"author":1,"featured_media":0,"parent":0,"menu_order":0,"comment_status":"closed","ping_status":"open","template":"","meta":[],"_links":{"self":[{"href":"https:\/\/icamed.com.br\/clinica-medica\/wp-json\/wp\/v2\/pages\/11846"}],"collection":[{"href":"https:\/\/icamed.com.br\/clinica-medica\/wp-json\/wp\/v2\/pages"}],"about":[{"href":"https:\/\/icamed.com.br\/clinica-medica\/wp-json\/wp\/v2\/types\/page"}],"author":[{"embeddable":true,"href":"https:\/\/icamed.com.br\/clinica-medica\/wp-json\/wp\/v2\/users\/1"}],"replies":[{"embeddable":true,"href":"https:\/\/icamed.com.br\/clinica-medica\/wp-json\/wp\/v2\/comments?post=11846"}],"version-history":[{"count":9,"href":"https:\/\/icamed.com.br\/clinica-medica\/wp-json\/wp\/v2\/pages\/11846\/revisions"}],"predecessor-version":[{"id":13389,"href":"https:\/\/icamed.com.br\/clinica-medica\/wp-json\/wp\/v2\/pages\/11846\/revisions\/13389"}],"wp:attachment":[{"href":"https:\/\/icamed.com.br\/clinica-medica\/wp-json\/wp\/v2\/media?parent=11846"}],"curies":[{"name":"wp","href":"https:\/\/api.w.org\/{rel}","templated":true}]}}