{"id":11346,"date":"2019-07-24T22:12:07","date_gmt":"2019-07-25T01:12:07","guid":{"rendered":"https:\/\/icamed.com.br\/clinica-medica\/?page_id=11346"},"modified":"2024-10-05T01:37:20","modified_gmt":"2024-10-05T04:37:20","slug":"urologia","status":"publish","type":"page","link":"https:\/\/icamed.com.br\/clinica-medica\/urologia\/","title":{"rendered":"UROLOGIA"},"content":{"rendered":"[vc_row][vc_column][vc_empty_space height=&#8221;30px&#8221;][vc_column_text]\n<h1 style=\"text-align: center;\">UROLOGIA<\/h1>\n[\/vc_column_text][vc_empty_space height=&#8221;20px&#8221;][vc_column_text]\n<p style=\"text-align: justify;\"><img loading=\"lazy\" class=\"alignright size-medium wp-image-9793\" src=\"https:\/\/icamed.com.br\/clinica-medica\/wp-content\/uploads\/2019\/08\/urologia-.jpg\" alt=\"\" width=\"300\" height=\"200\" \/><\/p>\n<p style=\"text-align: justify;\">Urologista \u00e9 o m\u00e9dico respons\u00e1vel pelo tratamento dos problemas relacionados ao trato urin\u00e1rio de homens e mulheres e genital dos homens. A urologia apresenta interface com praticamente todas as especialidades m\u00e9dicas.<\/p>\n<p>&nbsp;<\/p>\n<p style=\"text-align: justify;\">O m\u00e9dico urologista, realiza cirurgias e exames diagn\u00f3sticos. Tradicionalmente, o m\u00e9dico urologista assume importante papel na realiza\u00e7\u00e3o de exames preventivos e check-up para os homens. O urologista trata dos problemas nos rins, ureteres, bexiga, uretra, pr\u00f3stata, adrenais, test\u00edculos, epid\u00eddimos e p\u00eanis.<\/p>\n<p>H\u00e1 uma enorme quantidade de doen\u00e7as tratadas pelo urologista, em homens e mulheres de todas as idades, incluindo infec\u00e7\u00f5es, inflama\u00e7\u00f5es, tumores, c\u00e1lculos, incontin\u00eancia urin\u00e1ria, infertilidade, realiza\u00e7\u00e3o de transplante renal.[\/vc_column_text][vc_empty_space][\/vc_column][\/vc_row]\n","protected":false},"excerpt":{"rendered":"<p>[vc_row][vc_column][vc_empty_space height=&#8221;30px&#8221;][vc_column_text] UROLOGIA [\/vc_column_text][vc_empty_space height=&#8221;20px&#8221;][vc_column_text] Urologista \u00e9 o m\u00e9dico respons\u00e1vel pelo tratamento dos problemas relacionados ao trato urin\u00e1rio de homens e mulheres e genital dos homens. A urologia apresenta interface com praticamente todas as especialidades m\u00e9dicas. &nbsp; O m\u00e9dico urologista, realiza cirurgias e exames diagn\u00f3sticos&#8230;.<\/p>\n","protected":false},"author":1,"featured_media":0,"parent":0,"menu_order":0,"comment_status":"closed","ping_status":"closed","template":"","meta":[],"_links":{"self":[{"href":"https:\/\/icamed.com.br\/clinica-medica\/wp-json\/wp\/v2\/pages\/11346"}],"collection":[{"href":"https:\/\/icamed.com.br\/clinica-medica\/wp-json\/wp\/v2\/pages"}],"about":[{"href":"https:\/\/icamed.com.br\/clinica-medica\/wp-json\/wp\/v2\/types\/page"}],"author":[{"embeddable":true,"href":"https:\/\/icamed.com.br\/clinica-medica\/wp-json\/wp\/v2\/users\/1"}],"replies":[{"embeddable":true,"href":"https:\/\/icamed.com.br\/clinica-medica\/wp-json\/wp\/v2\/comments?post=11346"}],"version-history":[{"count":5,"href":"https:\/\/icamed.com.br\/clinica-medica\/wp-json\/wp\/v2\/pages\/11346\/revisions"}],"predecessor-version":[{"id":26036,"href":"https:\/\/icamed.com.br\/clinica-medica\/wp-json\/wp\/v2\/pages\/11346\/revisions\/26036"}],"wp:attachment":[{"href":"https:\/\/icamed.com.br\/clinica-medica\/wp-json\/wp\/v2\/media?parent=11346"}],"curies":[{"name":"wp","href":"https:\/\/api.w.org\/{rel}","templated":true}]}}