{"id":11183,"date":"2019-04-03T15:18:25","date_gmt":"2019-04-03T18:18:25","guid":{"rendered":"http:\/\/icamed.com.br\/clinica-medica\/?page_id=11183"},"modified":"2024-10-05T01:37:33","modified_gmt":"2024-10-05T04:37:33","slug":"polissonografia","status":"publish","type":"page","link":"https:\/\/icamed.com.br\/clinica-medica\/polissonografia\/","title":{"rendered":"Polissonografia"},"content":{"rendered":"[vc_row][vc_column][vc_column_text]\n<h1 style=\"text-align: center;\">POLISSONOGRAFIA<\/h1>\n[\/vc_column_text][vc_empty_space height=&#8221;20px&#8221;][vc_column_text]\n<p style=\"text-align: justify;\">A polissonografia, ou exame do sono, \u00e9 usado para a investiga\u00e7\u00e3o de v\u00e1rios dist\u00farbios do sono. Neste exame a pessoa deve dormir com sensores fixados na superf\u00edcie do corpo, de maneira que possa movimentar-se durante o exame, n\u00e3o atrapalhando assim o sono. O exame \u00e9 indolor. N\u00e3o se usam agulhas ou instrumentos semelhantes, ou seja, o exame \u00e9 n\u00e3o-invasivo e n\u00e3o envolve qualquer risco.<br \/>\nSaiba como \u00e9 seu sono, agende uma consulta com nossos especialistas!<\/p>\n[\/vc_column_text][vc_empty_space][\/vc_column][\/vc_row][vc_row][vc_column][vc_column_text]\n[\/vc_column_text][\/vc_column][\/vc_row][vc_row row_type=&#8221;section&#8221; background_color=&#8221;#ffffff&#8221; padding_top=&#8221;0&#8243; padding_bottom=&#8221;0&#8243;][vc_column][vc_column_text]\n<h2 style=\"text-align: center;\">AGENDE J\u00c1 SUA CONSULTA OU EXAME<\/h2>\n[\/vc_column_text][vc_empty_space height=&#8221;20px&#8221;][vc_row_inner][vc_column_inner width=&#8221;1\/4&#8243;][vc_column_text css=&#8221;.vc_custom_1591682947594{padding-bottom: 10px !important;}&#8221;]\n<h4><span style=\"color: #333333;\">Formul\u00e1rio de Contato<\/span><\/h4>\n[\/vc_column_text][vc_empty_space height=&#8221;5px&#8221;]<div role=\"form\" class=\"wpcf7\" id=\"wpcf7-f11181-o1\" lang=\"pt-BR\" dir=\"ltr\">\n<div class=\"screen-reader-response\"><p role=\"status\" aria-live=\"polite\" aria-atomic=\"true\"><\/p> <ul><\/ul><\/div>\n<form action=\"\/clinica-medica\/wp-json\/wp\/v2\/pages\/11183#wpcf7-f11181-o1\" method=\"post\" class=\"wpcf7-form init\" novalidate=\"novalidate\" data-status=\"init\">\n<div style=\"display: none;\">\n<input type=\"hidden\" name=\"_wpcf7\" value=\"11181\" \/>\n<input type=\"hidden\" name=\"_wpcf7_version\" value=\"5.4.1\" \/>\n<input type=\"hidden\" name=\"_wpcf7_locale\" value=\"pt_BR\" \/>\n<input type=\"hidden\" name=\"_wpcf7_unit_tag\" value=\"wpcf7-f11181-o1\" \/>\n<input type=\"hidden\" name=\"_wpcf7_container_post\" value=\"0\" \/>\n<input type=\"hidden\" name=\"_wpcf7_posted_data_hash\" value=\"\" \/>\n<\/div>\n<div class=\"contact_form\">\n<div class=\"two_columns_50_50 clearfix\">\n<div class=\"column1\">\n<div class=\"column_inner\">Nome:\n<p><span class=\"wpcf7-form-control-wrap your-name\"><input type=\"text\" name=\"your-name\" value=\"\" size=\"40\" class=\"wpcf7-form-control wpcf7-text wpcf7-validates-as-required\" aria-required=\"true\" aria-invalid=\"false\" \/><\/span><\/p><\/div>\n<\/div>\n<div class=\"column2\">\n<div class=\"column_inner\">Telefone:\n<p><span class=\"wpcf7-form-control-wrap your-telefone\"><input type=\"text\" name=\"your-telefone\" value=\"\" size=\"40\" class=\"wpcf7-form-control wpcf7-text wpcf7-validates-as-required\" aria-required=\"true\" aria-invalid=\"false\" \/><\/span><\/p><\/div>\n<\/div>\n<\/div>\n<div class=\"two_columns_50_50 clearfix\">Email:\n<p><span class=\"wpcf7-form-control-wrap your-email\"><input type=\"text\" name=\"your-email\" value=\"\" size=\"40\" class=\"wpcf7-form-control wpcf7-text wpcf7-validates-as-required\" aria-required=\"true\" aria-invalid=\"false\" \/><\/span><\/p><\/div>\n<p>Mensagem:<\/p>\n<p><span class=\"wpcf7-form-control-wrap your-message\"><textarea name=\"your-message\" cols=\"40\" rows=\"10\" class=\"wpcf7-form-control wpcf7-textarea wpcf7-validates-as-required\" aria-required=\"true\" aria-invalid=\"false\"><\/textarea><\/span><\/p>\n<p><input type=\"submit\" value=\"Enviar\" class=\"wpcf7-form-control wpcf7-submit qbutton\" \/><\/p>\n<\/div>\n<div class=\"wpcf7-response-output\" aria-hidden=\"true\"><\/div><\/form><\/div>[vc_empty_space height=&#8221;10px&#8221;][\/vc_column_inner][vc_column_inner width=&#8221;1\/4&#8243;][vc_column_text css=&#8221;.vc_custom_1591683003898{padding-bottom: 10px !important;}&#8221;]\n<h4>Florian\u00f3polis<\/h4>\n[\/vc_column_text][vc_empty_space height=&#8221;5px&#8221;][vc_column_text css=&#8221;.vc_custom_1591683110642{padding-bottom: 10px !important;}&#8221;]<i class=\"fa fa-clock-o\"><\/i> 2\u00aa\u00a0a 6\u00aa\u00a0das 8h\u00a0\u00e0s 18h<\/p>\n<p><a href=\"tel:4832223881\"><i class=\"fa fa-phone\"><\/i> (48) 3222-3881<\/a><\/p>\n<p><a href=\"tel:4832250606\"><i class=\"fa fa-phone\"><\/i> (48) 3225-0606<\/a><\/p>\n<p><a href=\"mailto:contato@icamed.com.br\" target=\"_top\" rel=\"noopener noreferrer\"><i class=\"fa fa-envelope\"><\/i> contato@icamed.com.br<\/a><\/p>\n<p><i class=\"fa fa-building\"><\/i> Rua Jer\u00f4nimo Coelho, 389 &#8211; Centro<br \/>\nCEP: 88010-030 &#8211; Brasil[\/vc_column_text][vc_gmaps link=&#8221;#E-8_JTNDaWZyYW1lJTIwc3JjJTNEJTIyaHR0cHMlM0ElMkYlMkZ3d3cuZ29vZ2xlLmNvbSUyRm1hcHMlMkZlbWJlZCUzRnBiJTNEJTIxMW0xOCUyMTFtMTIlMjExbTMlMjExZDM1MzUuOTc0MDU0Nzk0Mjk5NyUyMTJkLTQ4LjU1MzUyMTc4NDk0MDQzNiUyMTNkLTI3LjU5NDMzMzk4MjgzODgxMiUyMTJtMyUyMTFmMCUyMTJmMCUyMTNmMCUyMTNtMiUyMTFpMTAyNCUyMTJpNzY4JTIxNGYxMy4xJTIxM20zJTIxMW0yJTIxMXMweDAlMjUzQTB4NjRhZWVjMWFkZWZmZGI0ZiUyMTJzSUNBTUVEJTIxNWUwJTIxM20yJTIxMXNwdC1CUiUyMTJzYnIlMjE0djE1OTE2NTQ0ODQ5MTglMjE1bTIlMjExc3B0LUJSJTIxMnNiciUyMiUyMHdpZHRoJTNEJTIyNjAwJTIyJTIwaGVpZ2h0JTNEJTIyNDUwJTIyJTIwZnJhbWVib3JkZXIlM0QlMjIwJTIyJTIwc3R5bGUlM0QlMjJib3JkZXIlM0EwJTNCJTIyJTIwYWxsb3dmdWxsc2NyZWVuJTNEJTIyJTIyJTIwYXJpYS1oaWRkZW4lM0QlMjJmYWxzZSUyMiUyMHRhYmluZGV4JTNEJTIyMCUyMiUzRSUzQyUyRmlmcmFtZSUzRQ==&#8221; size=&#8221;230&#8243;][vc_empty_space height=&#8221;10px&#8221;][\/vc_column_inner][vc_column_inner width=&#8221;1\/4&#8243;][vc_column_text css=&#8221;.vc_custom_1591683071047{padding-bottom: 10px !important;}&#8221;]\n<h4>Palho\u00e7a<\/h4>\n[\/vc_column_text][vc_empty_space height=&#8221;5px&#8221;][vc_column_text css=&#8221;.vc_custom_1591682640246{padding-bottom: 10px !important;}&#8221;]<i class=\"fa fa-clock-o\"><\/i> 2\u00aa\u00a0a 6\u00aa\u00a0das 8h\u00a0\u00e0s 18h<\/p>\n<p><a href=\"https:\/\/api.whatsapp.com\/send?phone=5548999149672\" target=\"_blank\" rel=\"noopener noreferrer\"><i class=\"fa fa-whatsapp\"><\/i> (48) 99914-9672 <\/a><\/p>\n<p><a href=\"tel:4832427777\"><i class=\"fa fa-phone\"><\/i> (48) 3242-7777<\/a><\/p>\n<p><a href=\"mailto:contato@icamed.com.br\" target=\"_top\" rel=\"noopener noreferrer\"><i class=\"fa fa-envelope\"><\/i> contato@icamed.com.br<\/a><\/p>\n<p><i class=\"fa fa-building\"><\/i> Avenida Bar\u00e3o do Rio Branco, 788,<\/p>\n<p>CEP: 88130-100 &#8211; Brasil[\/vc_column_text][vc_gmaps link=&#8221;#E-8_JTNDaWZyYW1lJTIwc3JjJTNEJTIyaHR0cHMlM0ElMkYlMkZ3d3cuZ29vZ2xlLmNvbSUyRm1hcHMlMkZlbWJlZCUzRnBiJTNEJTIxMW0xOCUyMTFtMTIlMjExbTMlMjExZDM1MzQuMjA1NDI0NjU2MjMlMjEyZC00OC42NzA3Mzg2ODQ5MzkyMiUyMTNkLTI3LjY0OTExNTM4MjgxNjA0JTIxMm0zJTIxMWYwJTIxMmYwJTIxM2YwJTIxM20yJTIxMWkxMDI0JTIxMmk3NjglMjE0ZjEzLjElMjEzbTMlMjExbTIlMjExczB4MCUyNTNBMHgyNGQ1NmE1NzIwMGJjODIyJTIxMnNDbCUyNUMzJTI1QURuaWNhJTJCSUNBTUVEJTIxNWUwJTIxM20yJTIxMXNwdC1CUiUyMTJzdXMlMjE0djE0ODUyODMyODExNTYlMjIlMjB3aWR0aCUzRCUyMjYwMCUyMiUyMGhlaWdodCUzRCUyMjQ1MCUyMiUyMGZyYW1lYm9yZGVyJTNEJTIyMCUyMiUyMHN0eWxlJTNEJTIyYm9yZGVyJTNBMCUyMiUyMGFsbG93ZnVsbHNjcmVlbiUzRSUzQyUyRmlmcmFtZSUzRQ==&#8221; size=&#8221;230&#8243;][vc_empty_space height=&#8221;10px&#8221;][\/vc_column_inner][vc_column_inner width=&#8221;1\/4&#8243;][vc_column_text css=&#8221;.vc_custom_1607397609660{padding-bottom: 10px !important;}&#8221;]\n<h4>Tubar\u00e3o<\/h4>\n[\/vc_column_text][vc_empty_space height=&#8221;5px&#8221;][vc_column_text css=&#8221;.vc_custom_1607397548028{padding-bottom: 10px !important;}&#8221;]<i class=\"fa fa-clock-o\"><\/i> 2\u00aa\u00a0a 6\u00aa\u00a0das 8h\u00a0\u00e0s 18h<\/p>\n<p><a href=\"https:\/\/api.whatsapp.com\/send?phone=5548991017171\" target=\"_blank\" rel=\"noopener noreferrer\"><i class=\"fa fa-whatsapp\"><\/i> (48) 99101-7171 <\/a><\/p>\n<p><a href=\"tel:4831997676\"><i class=\"fa fa-phone\"><\/i> (48) 3199-7676<\/a><\/p>\n<p><a href=\"mailto:contato@icamed.com.br\" target=\"_top\" rel=\"noopener noreferrer\"><i class=\"fa fa-envelope\"><\/i> contato@icamed.com.br<\/a><\/p>\n<p><i class=\"fa fa-building\"><\/i> Rua Vidal Ramos, 319 &#8211; Sala 06<br \/>\nCEP: 88701-160 &#8211; Brasil[\/vc_column_text][vc_gmaps link=&#8221;#E-8_JTNDaWZyYW1lJTIwc3JjJTNEJTIyaHR0cHMlM0ElMkYlMkZ3d3cuZ29vZ2xlLmNvbSUyRm1hcHMlMkZlbWJlZCUzRnBiJTNEJTIxMW0xOCUyMTFtMTIlMjExbTMlMjExZDM1MDYuOTQ1Nzc2NDIwMjM5MyUyMTJkLTQ5LjAwNDgyMzY4NDkyMDkxNSUyMTNkLTI4LjQ4MTE3OTU4MjQ3Nzc3JTIxMm0zJTIxMWYwJTIxMmYwJTIxM2YwJTIxM20yJTIxMWkxMDI0JTIxMmk3NjglMjE0ZjEzLjElMjEzbTMlMjExbTIlMjExczB4MCUyNTNBMHg5ZTBiOGJkNzJjMmI4ZDY3JTIxMnNJQ0FNRUQlMjUyMC0lMjUyMFR1YmFyJTI1QzMlMjVBM28lMjE1ZTAlMjEzbTIlMjExc3B0LUJSJTIxMnNiciUyMTR2MTYwNzM5NjU1NDI3MCUyMTVtMiUyMTFzcHQtQlIlMjEyc2JyJTIyJTIwd2lkdGglM0QlMjI2MDAlMjIlMjBoZWlnaHQlM0QlMjI0NTAlMjIlMjBmcmFtZWJvcmRlciUzRCUyMjAlMjIlMjBzdHlsZSUzRCUyMmJvcmRlciUzQTAlM0IlMjIlMjBhbGxvd2Z1bGxzY3JlZW4lM0QlMjIlMjIlMjBhcmlhLWhpZGRlbiUzRCUyMmZhbHNlJTIyJTIwdGFiaW5kZXglM0QlMjIwJTIyJTNFJTNDJTJGaWZyYW1lJTNF&#8221; size=&#8221;230&#8243;][vc_empty_space height=&#8221;20px&#8221;][\/vc_column_inner][\/vc_row_inner][\/vc_column][\/vc_row]\n","protected":false},"excerpt":{"rendered":"<p>[vc_row][vc_column][vc_column_text] POLISSONOGRAFIA [\/vc_column_text][vc_empty_space height=&#8221;20px&#8221;][vc_column_text] A polissonografia, ou exame do sono, \u00e9 usado para a investiga\u00e7\u00e3o de v\u00e1rios dist\u00farbios do sono. Neste exame a pessoa deve dormir com sensores fixados na superf\u00edcie do corpo, de maneira que possa movimentar-se durante o exame, n\u00e3o atrapalhando assim o&#8230;<\/p>\n","protected":false},"author":1,"featured_media":0,"parent":0,"menu_order":0,"comment_status":"closed","ping_status":"open","template":"","meta":[],"_links":{"self":[{"href":"https:\/\/icamed.com.br\/clinica-medica\/wp-json\/wp\/v2\/pages\/11183"}],"collection":[{"href":"https:\/\/icamed.com.br\/clinica-medica\/wp-json\/wp\/v2\/pages"}],"about":[{"href":"https:\/\/icamed.com.br\/clinica-medica\/wp-json\/wp\/v2\/types\/page"}],"author":[{"embeddable":true,"href":"https:\/\/icamed.com.br\/clinica-medica\/wp-json\/wp\/v2\/users\/1"}],"replies":[{"embeddable":true,"href":"https:\/\/icamed.com.br\/clinica-medica\/wp-json\/wp\/v2\/comments?post=11183"}],"version-history":[{"count":6,"href":"https:\/\/icamed.com.br\/clinica-medica\/wp-json\/wp\/v2\/pages\/11183\/revisions"}],"predecessor-version":[{"id":12419,"href":"https:\/\/icamed.com.br\/clinica-medica\/wp-json\/wp\/v2\/pages\/11183\/revisions\/12419"}],"wp:attachment":[{"href":"https:\/\/icamed.com.br\/clinica-medica\/wp-json\/wp\/v2\/media?parent=11183"}],"curies":[{"name":"wp","href":"https:\/\/api.w.org\/{rel}","templated":true}]}}