{"id":10770,"date":"2017-07-31T21:10:47","date_gmt":"2017-08-01T00:10:47","guid":{"rendered":"http:\/\/icamed.com.br\/clinica-medica\/?page_id=10770"},"modified":"2024-10-05T01:38:37","modified_gmt":"2024-10-05T04:38:37","slug":"otorrinolaringologia","status":"publish","type":"page","link":"https:\/\/icamed.com.br\/clinica-medica\/otorrinolaringologia\/","title":{"rendered":"OTORRINOLARINGOLOGIA"},"content":{"rendered":"[vc_row][vc_column][vc_empty_space height=&#8221;30px&#8221;][vc_column_text]\n<h1 style=\"text-align: center;\">OTORRINOLARINGOLOGIA<\/h1>\n[\/vc_column_text][vc_empty_space height=&#8221;20px&#8221;][vc_column_text]\n<p style=\"text-align: justify;\">A Otorrinolaringologia \u00e9 uma especialidade m\u00e9dica, cl\u00ednica e cir\u00fargica, respons\u00e1vel pelo diagn\u00f3stico e tratamento das doen\u00e7as da cabe\u00e7a e do pesco\u00e7o, especialmente, ouvido (oto), nariz (rhino) e garganta (laringo).<\/p>\n[\/vc_column_text][vc_empty_space][\/vc_column][\/vc_row]\n","protected":false},"excerpt":{"rendered":"<p>[vc_row][vc_column][vc_empty_space height=&#8221;30px&#8221;][vc_column_text] OTORRINOLARINGOLOGIA [\/vc_column_text][vc_empty_space height=&#8221;20px&#8221;][vc_column_text] A Otorrinolaringologia \u00e9 uma especialidade m\u00e9dica, cl\u00ednica e cir\u00fargica, respons\u00e1vel pelo diagn\u00f3stico e tratamento das doen\u00e7as da cabe\u00e7a e do pesco\u00e7o, especialmente, ouvido (oto), nariz (rhino) e garganta (laringo). [\/vc_column_text][vc_empty_space][\/vc_column][\/vc_row]<\/p>\n","protected":false},"author":1,"featured_media":0,"parent":0,"menu_order":0,"comment_status":"closed","ping_status":"closed","template":"","meta":[],"_links":{"self":[{"href":"https:\/\/icamed.com.br\/clinica-medica\/wp-json\/wp\/v2\/pages\/10770"}],"collection":[{"href":"https:\/\/icamed.com.br\/clinica-medica\/wp-json\/wp\/v2\/pages"}],"about":[{"href":"https:\/\/icamed.com.br\/clinica-medica\/wp-json\/wp\/v2\/types\/page"}],"author":[{"embeddable":true,"href":"https:\/\/icamed.com.br\/clinica-medica\/wp-json\/wp\/v2\/users\/1"}],"replies":[{"embeddable":true,"href":"https:\/\/icamed.com.br\/clinica-medica\/wp-json\/wp\/v2\/comments?post=10770"}],"version-history":[{"count":5,"href":"https:\/\/icamed.com.br\/clinica-medica\/wp-json\/wp\/v2\/pages\/10770\/revisions"}],"predecessor-version":[{"id":26028,"href":"https:\/\/icamed.com.br\/clinica-medica\/wp-json\/wp\/v2\/pages\/10770\/revisions\/26028"}],"wp:attachment":[{"href":"https:\/\/icamed.com.br\/clinica-medica\/wp-json\/wp\/v2\/media?parent=10770"}],"curies":[{"name":"wp","href":"https:\/\/api.w.org\/{rel}","templated":true}]}}