{"id":10676,"date":"2017-06-14T13:44:01","date_gmt":"2017-06-14T13:44:01","guid":{"rendered":"http:\/\/icamed.com.br\/clinica-medica\/?page_id=10676"},"modified":"2024-10-05T01:38:53","modified_gmt":"2024-10-05T04:38:53","slug":"proctologia","status":"publish","type":"page","link":"https:\/\/icamed.com.br\/clinica-medica\/proctologia\/","title":{"rendered":"PROCTOLOGIA"},"content":{"rendered":"[vc_row][vc_column][vc_empty_space height=&#8221;30px&#8221;][vc_column_text]\n<h1 style=\"text-align: center;\">PROCTOLOGIA<\/h1>\n[\/vc_column_text][vc_empty_space height=&#8221;20px&#8221;][vc_column_text]<a href=\"http:\/\/icamed.com.br\/clinica-medica\/wp-content\/uploads\/2017\/06\/procto.jpg\"><img loading=\"lazy\" class=\"alignright size-medium wp-image-10677\" src=\"http:\/\/icamed.com.br\/clinica-medica\/wp-content\/uploads\/2017\/06\/procto-300x200.jpg\" alt=\"procto\" width=\"300\" height=\"200\" \/><\/a>A Proctologia \u00e9 a especialidade m\u00e9dica respons\u00e1vel pelo diagn\u00f3stico e tratamento das afec\u00e7\u00f5es que acometem o trato digest\u00f3rio terminal, compreendendo os seguintes \u00f3rg\u00e3os: c\u00f3lons, reto e \u00e2nus. Assim, podemos denomin\u00e1-la tamb\u00e9m de Colo-proctologia. Dentre as principais doen\u00e7as que acometem esses segmentos anat\u00f4micos, encontramos, por exemplo, \u00a0desde entidades org\u00e2nicas como os tumores e as doen\u00e7as hemorroid\u00e1rias, at\u00e9 condi\u00e7\u00f5es funcionais como a constipa\u00e7\u00e3o (pris\u00e3o de ventre) e a s\u00edndrome do intestino irrit\u00e1vel.[\/vc_column_text][vc_empty_space][\/vc_column][\/vc_row]\n","protected":false},"excerpt":{"rendered":"<p>[vc_row][vc_column][vc_empty_space height=&#8221;30px&#8221;][vc_column_text] PROCTOLOGIA [\/vc_column_text][vc_empty_space height=&#8221;20px&#8221;][vc_column_text]A Proctologia \u00e9 a especialidade m\u00e9dica respons\u00e1vel pelo diagn\u00f3stico e tratamento das afec\u00e7\u00f5es que acometem o trato digest\u00f3rio terminal, compreendendo os seguintes \u00f3rg\u00e3os: c\u00f3lons, reto e \u00e2nus. Assim, podemos denomin\u00e1-la tamb\u00e9m de Colo-proctologia. Dentre as principais doen\u00e7as que acometem esses segmentos&#8230;<\/p>\n","protected":false},"author":1,"featured_media":0,"parent":0,"menu_order":0,"comment_status":"closed","ping_status":"closed","template":"","meta":[],"_links":{"self":[{"href":"https:\/\/icamed.com.br\/clinica-medica\/wp-json\/wp\/v2\/pages\/10676"}],"collection":[{"href":"https:\/\/icamed.com.br\/clinica-medica\/wp-json\/wp\/v2\/pages"}],"about":[{"href":"https:\/\/icamed.com.br\/clinica-medica\/wp-json\/wp\/v2\/types\/page"}],"author":[{"embeddable":true,"href":"https:\/\/icamed.com.br\/clinica-medica\/wp-json\/wp\/v2\/users\/1"}],"replies":[{"embeddable":true,"href":"https:\/\/icamed.com.br\/clinica-medica\/wp-json\/wp\/v2\/comments?post=10676"}],"version-history":[{"count":3,"href":"https:\/\/icamed.com.br\/clinica-medica\/wp-json\/wp\/v2\/pages\/10676\/revisions"}],"predecessor-version":[{"id":26031,"href":"https:\/\/icamed.com.br\/clinica-medica\/wp-json\/wp\/v2\/pages\/10676\/revisions\/26031"}],"wp:attachment":[{"href":"https:\/\/icamed.com.br\/clinica-medica\/wp-json\/wp\/v2\/media?parent=10676"}],"curies":[{"name":"wp","href":"https:\/\/api.w.org\/{rel}","templated":true}]}}