{"id":10672,"date":"2017-06-14T13:39:57","date_gmt":"2017-06-14T13:39:57","guid":{"rendered":"http:\/\/icamed.com.br\/clinica-medica\/?page_id=10672"},"modified":"2024-10-05T01:38:53","modified_gmt":"2024-10-05T04:38:53","slug":"medicina-ocupacional","status":"publish","type":"page","link":"https:\/\/icamed.com.br\/clinica-medica\/medicina-ocupacional\/","title":{"rendered":"MEDICINA OCUPACIONAL"},"content":{"rendered":"[vc_row][vc_column width=&#8221;1\/1&#8243;][vc_column_text]\n<h1 style=\"text-align: center;\">MEDICINA OCUPACIONAL<\/h1>\n[\/vc_column_text][vc_empty_space height=&#8221;20px&#8221;][vc_column_text]\n<p style=\"text-align: left;\"><img loading=\"lazy\" class=\"alignright size-medium wp-image-10673\" src=\"http:\/\/icamed.com.br\/clinica-medica\/wp-content\/uploads\/2017\/06\/med-ocu-300x200.jpg\" alt=\"med ocu\" width=\"300\" height=\"200\" \/>A Medicina Ocupacional \u00e9 uma \u00e1rea m\u00e9dica especializada na rela\u00e7\u00e3o entre o meio de trabalho e a sa\u00fade dos colaboradores. Tamb\u00e9m conhecida como Medicina do Trabalho, atua na preven\u00e7\u00e3o e tratamento de doen\u00e7as ou ainda ferimentos que ocorram especificamente no ambiente de trabalho.<\/p>\n<p style=\"text-align: left;\">Al\u00e9m disso, promove a melhoria do estado de sa\u00fade e a qualidade de vida dos empregados, equacionando e promovendo a intera\u00e7\u00e3o entre a vida pessoal e profissional dos indiv\u00edduos, fomentando assim o bem-estar de toda a equipe e favorecendo a produtividade da empresa. Mais do que uma obriga\u00e7\u00e3o do empregador, a medicina ocupacional \u00e9 uma ferramenta que refor\u00e7a as rela\u00e7\u00f5es interpessoais, agrega valor \u00e0 marca e traz seguran\u00e7a e credibilidade ao empreendimento.<\/p>\n[\/vc_column_text][vc_empty_space height=&#8221;32px&#8221;][\/vc_column][\/vc_row]\n","protected":false},"excerpt":{"rendered":"<p>[vc_row][vc_column width=&#8221;1\/1&#8243;][vc_column_text] MEDICINA OCUPACIONAL [\/vc_column_text][vc_empty_space height=&#8221;20px&#8221;][vc_column_text] A Medicina Ocupacional \u00e9 uma \u00e1rea m\u00e9dica especializada na rela\u00e7\u00e3o entre o meio de trabalho e a sa\u00fade dos colaboradores. Tamb\u00e9m conhecida como Medicina do Trabalho, atua na preven\u00e7\u00e3o e tratamento de doen\u00e7as ou ainda ferimentos que ocorram especificamente&#8230;<\/p>\n","protected":false},"author":1,"featured_media":0,"parent":0,"menu_order":0,"comment_status":"closed","ping_status":"closed","template":"","meta":[],"_links":{"self":[{"href":"https:\/\/icamed.com.br\/clinica-medica\/wp-json\/wp\/v2\/pages\/10672"}],"collection":[{"href":"https:\/\/icamed.com.br\/clinica-medica\/wp-json\/wp\/v2\/pages"}],"about":[{"href":"https:\/\/icamed.com.br\/clinica-medica\/wp-json\/wp\/v2\/types\/page"}],"author":[{"embeddable":true,"href":"https:\/\/icamed.com.br\/clinica-medica\/wp-json\/wp\/v2\/users\/1"}],"replies":[{"embeddable":true,"href":"https:\/\/icamed.com.br\/clinica-medica\/wp-json\/wp\/v2\/comments?post=10672"}],"version-history":[{"count":3,"href":"https:\/\/icamed.com.br\/clinica-medica\/wp-json\/wp\/v2\/pages\/10672\/revisions"}],"predecessor-version":[{"id":10854,"href":"https:\/\/icamed.com.br\/clinica-medica\/wp-json\/wp\/v2\/pages\/10672\/revisions\/10854"}],"wp:attachment":[{"href":"https:\/\/icamed.com.br\/clinica-medica\/wp-json\/wp\/v2\/media?parent=10672"}],"curies":[{"name":"wp","href":"https:\/\/api.w.org\/{rel}","templated":true}]}}