{"id":10668,"date":"2017-06-14T13:36:09","date_gmt":"2017-06-14T13:36:09","guid":{"rendered":"http:\/\/icamed.com.br\/clinica-medica\/?page_id=10668"},"modified":"2024-10-05T01:38:53","modified_gmt":"2024-10-05T04:38:53","slug":"laboratorio-do-sono","status":"publish","type":"page","link":"https:\/\/icamed.com.br\/clinica-medica\/laboratorio-do-sono\/","title":{"rendered":"LABORAT\u00d3RIO DO SONO"},"content":{"rendered":"[vc_row][vc_column][vc_empty_space height=&#8221;30px&#8221;][vc_column_text]\n<h1 style=\"text-align: center;\">LABORAT\u00d3RIO DO SONO<\/h1>\n[\/vc_column_text][vc_empty_space height=&#8221;20px&#8221;][vc_column_text]<a href=\"http:\/\/icamed.com.br\/clinica-medica\/wp-content\/uploads\/2017\/06\/lab-sono.jpg\"><img loading=\"lazy\" class=\"alignright size-medium wp-image-10669\" src=\"http:\/\/icamed.com.br\/clinica-medica\/wp-content\/uploads\/2017\/06\/lab-sono-300x200.jpg\" alt=\"lab sono\" width=\"300\" height=\"200\" \/><\/a>Os dist\u00farbios do sono podem influenciar negativamente o nosso desempenho durante o dia e, quando n\u00e3o tratados, podem ser respons\u00e1veis por acidentes e tamb\u00e9m aumentar a chance de desenvolvimento de graves doen\u00e7as. No ICAMED contamos com um laborat\u00f3rio do sono equipado para realizar um estudo do seu sono e diagnosticar qual o seu disturbio, e oferecer o melhor tratamento para o mesmo[\/vc_column_text][vc_empty_space][\/vc_column][\/vc_row]\n","protected":false},"excerpt":{"rendered":"<p>[vc_row][vc_column][vc_empty_space height=&#8221;30px&#8221;][vc_column_text] LABORAT\u00d3RIO DO SONO [\/vc_column_text][vc_empty_space height=&#8221;20px&#8221;][vc_column_text]Os dist\u00farbios do sono podem influenciar negativamente o nosso desempenho durante o dia e, quando n\u00e3o tratados, podem ser respons\u00e1veis por acidentes e tamb\u00e9m aumentar a chance de desenvolvimento de graves doen\u00e7as. No ICAMED contamos com um laborat\u00f3rio do&#8230;<\/p>\n","protected":false},"author":1,"featured_media":0,"parent":0,"menu_order":0,"comment_status":"closed","ping_status":"closed","template":"","meta":[],"_links":{"self":[{"href":"https:\/\/icamed.com.br\/clinica-medica\/wp-json\/wp\/v2\/pages\/10668"}],"collection":[{"href":"https:\/\/icamed.com.br\/clinica-medica\/wp-json\/wp\/v2\/pages"}],"about":[{"href":"https:\/\/icamed.com.br\/clinica-medica\/wp-json\/wp\/v2\/types\/page"}],"author":[{"embeddable":true,"href":"https:\/\/icamed.com.br\/clinica-medica\/wp-json\/wp\/v2\/users\/1"}],"replies":[{"embeddable":true,"href":"https:\/\/icamed.com.br\/clinica-medica\/wp-json\/wp\/v2\/comments?post=10668"}],"version-history":[{"count":5,"href":"https:\/\/icamed.com.br\/clinica-medica\/wp-json\/wp\/v2\/pages\/10668\/revisions"}],"predecessor-version":[{"id":26024,"href":"https:\/\/icamed.com.br\/clinica-medica\/wp-json\/wp\/v2\/pages\/10668\/revisions\/26024"}],"wp:attachment":[{"href":"https:\/\/icamed.com.br\/clinica-medica\/wp-json\/wp\/v2\/media?parent=10668"}],"curies":[{"name":"wp","href":"https:\/\/api.w.org\/{rel}","templated":true}]}}