{"id":10665,"date":"2017-06-14T13:26:59","date_gmt":"2017-06-14T13:26:59","guid":{"rendered":"http:\/\/icamed.com.br\/clinica-medica\/?page_id=10665"},"modified":"2024-10-05T01:38:53","modified_gmt":"2024-10-05T04:38:53","slug":"ginecologia","status":"publish","type":"page","link":"https:\/\/icamed.com.br\/clinica-medica\/ginecologia\/","title":{"rendered":"GINECOLOGIA"},"content":{"rendered":"[vc_row][vc_column][vc_empty_space height=&#8221;30px&#8221;][vc_column_text]\n<h1 style=\"text-align: center;\">GINECOLOGIA<\/h1>\n[\/vc_column_text][vc_empty_space height=&#8221;20px&#8221;][vc_column_text]<img loading=\"lazy\" class=\"alignright size-medium wp-image-10666\" src=\"http:\/\/icamed.com.br\/clinica-medica\/wp-content\/uploads\/2017\/06\/ginecologia-300x200.jpg\" alt=\"ginecologia\" width=\"300\" height=\"200\" \/>\u200bA Ginecologia no ICAMED re\u00fane profissionais e recursos tecnol\u00f3gicos para o diagn\u00f3stico e tratamento das diferentes patologias que afetam a mulher, oferecendo uma aten\u00e7\u00e3o orientada por uma vis\u00e3o integral de seu organismo. A sa\u00fade feminina possui importantes particularidades que devem ser observadas. N\u00e3o apenas a preven\u00e7\u00e3o e tratamento das doen\u00e7as \u00e9 o foco da aten\u00e7\u00e3o, mas as vulnerabilidades e caracter\u00edsticas cl\u00ednicas e comportamentais em diferentes fases da vida, como na adolesc\u00eancia, na maternidade e na menopausa.[\/vc_column_text][vc_empty_space][\/vc_column][\/vc_row]\n","protected":false},"excerpt":{"rendered":"<p>[vc_row][vc_column][vc_empty_space height=&#8221;30px&#8221;][vc_column_text] GINECOLOGIA [\/vc_column_text][vc_empty_space height=&#8221;20px&#8221;][vc_column_text]\u200bA Ginecologia no ICAMED re\u00fane profissionais e recursos tecnol\u00f3gicos para o diagn\u00f3stico e tratamento das diferentes patologias que afetam a mulher, oferecendo uma aten\u00e7\u00e3o orientada por uma vis\u00e3o integral de seu organismo. A sa\u00fade feminina possui importantes particularidades que devem ser&#8230;<\/p>\n","protected":false},"author":1,"featured_media":0,"parent":0,"menu_order":0,"comment_status":"closed","ping_status":"closed","template":"","meta":[],"_links":{"self":[{"href":"https:\/\/icamed.com.br\/clinica-medica\/wp-json\/wp\/v2\/pages\/10665"}],"collection":[{"href":"https:\/\/icamed.com.br\/clinica-medica\/wp-json\/wp\/v2\/pages"}],"about":[{"href":"https:\/\/icamed.com.br\/clinica-medica\/wp-json\/wp\/v2\/types\/page"}],"author":[{"embeddable":true,"href":"https:\/\/icamed.com.br\/clinica-medica\/wp-json\/wp\/v2\/users\/1"}],"replies":[{"embeddable":true,"href":"https:\/\/icamed.com.br\/clinica-medica\/wp-json\/wp\/v2\/comments?post=10665"}],"version-history":[{"count":4,"href":"https:\/\/icamed.com.br\/clinica-medica\/wp-json\/wp\/v2\/pages\/10665\/revisions"}],"predecessor-version":[{"id":26023,"href":"https:\/\/icamed.com.br\/clinica-medica\/wp-json\/wp\/v2\/pages\/10665\/revisions\/26023"}],"wp:attachment":[{"href":"https:\/\/icamed.com.br\/clinica-medica\/wp-json\/wp\/v2\/media?parent=10665"}],"curies":[{"name":"wp","href":"https:\/\/api.w.org\/{rel}","templated":true}]}}