{"id":10662,"date":"2017-06-14T13:21:57","date_gmt":"2017-06-14T13:21:57","guid":{"rendered":"http:\/\/icamed.com.br\/clinica-medica\/?page_id=10662"},"modified":"2024-10-05T01:38:53","modified_gmt":"2024-10-05T04:38:53","slug":"fonoaudiologia","status":"publish","type":"page","link":"https:\/\/icamed.com.br\/clinica-medica\/fonoaudiologia\/","title":{"rendered":"FONOAUDIOLOGIA"},"content":{"rendered":"[vc_row][vc_column][vc_empty_space height=&#8221;30px&#8221;][vc_column_text]\n<h1 style=\"text-align: center;\">FONOAUDIOLOGIA<\/h1>\n[\/vc_column_text][vc_empty_space height=&#8221;20px&#8221;][vc_column_text]<a href=\"http:\/\/icamed.com.br\/clinica-medica\/wp-content\/uploads\/2017\/06\/fono.jpg\"><img loading=\"lazy\" class=\"alignright size-medium wp-image-10663\" src=\"http:\/\/icamed.com.br\/clinica-medica\/wp-content\/uploads\/2017\/06\/fono-300x200.jpg\" alt=\"fono\" width=\"300\" height=\"200\" \/><\/a>\u00c9 a ci\u00eancia que se ocupa da preven\u00e7\u00e3o, da habilita\u00e7\u00e3o e reabilita\u00e7\u00e3o da voz, da audi\u00e7\u00e3o, da motricidade oral, da leitura e da escrita. O fonoaudi\u00f3logo trata de defici\u00eancias de fala, audi\u00e7\u00e3o, voz, escrita ou leitura. Pode atuar em parceria com outros profissionais, como fisioterapeutas e psic\u00f3logos. Com dentistas, trata de males que podem causar ou agravar problemas ortod\u00f4nticos.[\/vc_column_text][vc_empty_space][\/vc_column][\/vc_row]\n","protected":false},"excerpt":{"rendered":"<p>[vc_row][vc_column][vc_empty_space height=&#8221;30px&#8221;][vc_column_text] FONOAUDIOLOGIA [\/vc_column_text][vc_empty_space height=&#8221;20px&#8221;][vc_column_text]\u00c9 a ci\u00eancia que se ocupa da preven\u00e7\u00e3o, da habilita\u00e7\u00e3o e reabilita\u00e7\u00e3o da voz, da audi\u00e7\u00e3o, da motricidade oral, da leitura e da escrita. O fonoaudi\u00f3logo trata de defici\u00eancias de fala, audi\u00e7\u00e3o, voz, escrita ou leitura. Pode atuar em parceria com&#8230;<\/p>\n","protected":false},"author":1,"featured_media":0,"parent":0,"menu_order":0,"comment_status":"closed","ping_status":"closed","template":"","meta":[],"_links":{"self":[{"href":"https:\/\/icamed.com.br\/clinica-medica\/wp-json\/wp\/v2\/pages\/10662"}],"collection":[{"href":"https:\/\/icamed.com.br\/clinica-medica\/wp-json\/wp\/v2\/pages"}],"about":[{"href":"https:\/\/icamed.com.br\/clinica-medica\/wp-json\/wp\/v2\/types\/page"}],"author":[{"embeddable":true,"href":"https:\/\/icamed.com.br\/clinica-medica\/wp-json\/wp\/v2\/users\/1"}],"replies":[{"embeddable":true,"href":"https:\/\/icamed.com.br\/clinica-medica\/wp-json\/wp\/v2\/comments?post=10662"}],"version-history":[{"count":4,"href":"https:\/\/icamed.com.br\/clinica-medica\/wp-json\/wp\/v2\/pages\/10662\/revisions"}],"predecessor-version":[{"id":26022,"href":"https:\/\/icamed.com.br\/clinica-medica\/wp-json\/wp\/v2\/pages\/10662\/revisions\/26022"}],"wp:attachment":[{"href":"https:\/\/icamed.com.br\/clinica-medica\/wp-json\/wp\/v2\/media?parent=10662"}],"curies":[{"name":"wp","href":"https:\/\/api.w.org\/{rel}","templated":true}]}}