{"id":10562,"date":"2017-05-31T17:03:46","date_gmt":"2017-05-31T17:03:46","guid":{"rendered":"http:\/\/icamed.com.br\/clinica-medica\/?page_id=10562"},"modified":"2024-10-05T01:39:07","modified_gmt":"2024-10-05T04:39:07","slug":"alergologista","status":"publish","type":"page","link":"https:\/\/icamed.com.br\/clinica-medica\/alergologista\/","title":{"rendered":"ALERGOLOGISTA"},"content":{"rendered":"[vc_row][vc_column][vc_empty_space height=&#8221;30px&#8221;][vc_column_text]\n<h1 style=\"text-align: center;\">ALERGOLOGIA<\/h1>\n[\/vc_column_text][vc_empty_space height=&#8221;20px&#8221;][vc_column_text]\n<p style=\"text-align: justify;\"><a href=\"http:\/\/icamed.com.br\/clinica-medica\/wp-content\/uploads\/2017\/05\/alergologia.jpg\"><img loading=\"lazy\" class=\"alignright size-medium wp-image-10613\" src=\"http:\/\/icamed.com.br\/clinica-medica\/wp-content\/uploads\/2017\/05\/alergologia-300x200.jpg\" alt=\"alergologia\" width=\"300\" height=\"200\" \/><\/a>Alergologia \u00a0\u00e9 a especialidade da Medicina que visa o diagn\u00f3stico e o tratamento das doen\u00e7as al\u00e9rgicas. Atualmente esta especialidade recebeu denomina\u00e7\u00e3o oficial de Alergia e Imunologia, uma vez que para o seu exerc\u00edcio, o m\u00e9dico especialista deve estar treinado n\u00e3o somente no tratamento das doen\u00e7as al\u00e9rgicas, mas deve tamb\u00e9m possuir profundo conhecimento do funcionamento do sistema imune, bem como estar qualificado para o diagn\u00f3stico e o tratamento de todas as suas altera\u00e7\u00f5es.<\/p>\n[\/vc_column_text][vc_empty_space][\/vc_column][\/vc_row]\n","protected":false},"excerpt":{"rendered":"<p>[vc_row][vc_column][vc_empty_space height=&#8221;30px&#8221;][vc_column_text] ALERGOLOGIA [\/vc_column_text][vc_empty_space height=&#8221;20px&#8221;][vc_column_text] Alergologia \u00a0\u00e9 a especialidade da Medicina que visa o diagn\u00f3stico e o tratamento das doen\u00e7as al\u00e9rgicas. Atualmente esta especialidade recebeu denomina\u00e7\u00e3o oficial de Alergia e Imunologia, uma vez que para o seu exerc\u00edcio, o m\u00e9dico especialista deve estar treinado n\u00e3o&#8230;<\/p>\n","protected":false},"author":1,"featured_media":0,"parent":0,"menu_order":0,"comment_status":"closed","ping_status":"open","template":"","meta":[],"_links":{"self":[{"href":"https:\/\/icamed.com.br\/clinica-medica\/wp-json\/wp\/v2\/pages\/10562"}],"collection":[{"href":"https:\/\/icamed.com.br\/clinica-medica\/wp-json\/wp\/v2\/pages"}],"about":[{"href":"https:\/\/icamed.com.br\/clinica-medica\/wp-json\/wp\/v2\/types\/page"}],"author":[{"embeddable":true,"href":"https:\/\/icamed.com.br\/clinica-medica\/wp-json\/wp\/v2\/users\/1"}],"replies":[{"embeddable":true,"href":"https:\/\/icamed.com.br\/clinica-medica\/wp-json\/wp\/v2\/comments?post=10562"}],"version-history":[{"count":6,"href":"https:\/\/icamed.com.br\/clinica-medica\/wp-json\/wp\/v2\/pages\/10562\/revisions"}],"predecessor-version":[{"id":26016,"href":"https:\/\/icamed.com.br\/clinica-medica\/wp-json\/wp\/v2\/pages\/10562\/revisions\/26016"}],"wp:attachment":[{"href":"https:\/\/icamed.com.br\/clinica-medica\/wp-json\/wp\/v2\/media?parent=10562"}],"curies":[{"name":"wp","href":"https:\/\/api.w.org\/{rel}","templated":true}]}}