{"id":10183,"date":"2017-02-24T06:14:00","date_gmt":"2017-02-24T06:14:00","guid":{"rendered":"http:\/\/icamed.com.br\/clinica-medica\/?page_id=10183"},"modified":"2024-10-05T01:39:37","modified_gmt":"2024-10-05T04:39:37","slug":"vacina-varicela-catapora","status":"publish","type":"page","link":"https:\/\/icamed.com.br\/clinica-medica\/vacina-varicela-catapora\/","title":{"rendered":"VACINA VARICELA (CATAPORA)"},"content":{"rendered":"[vc_row][vc_column width=&#8221;1\/1&#8243;][vc_column_text]\n<h2 style=\"text-align: center;\">VACINA VARICELA (CATAPORA)<\/h2>\n[\/vc_column_text][vc_empty_space height=&#8221;20px&#8221;][vc_column_text]\n<h4 style=\"text-align: justify;\">O que previne:<\/h4>\n<p style=\"text-align: justify;\">Varicela (catapora).<\/p>\n<p>&nbsp;<\/p>\n<h4 style=\"text-align: justify;\">Indica\u00e7\u00e3o:<\/h4>\n<p style=\"text-align: justify;\">\u00c9 recomendada de rotina para crian\u00e7as com mais de 12 meses (excepcionalmente, em situa\u00e7\u00f5es de surto, por exemplo, tamb\u00e9m para crian\u00e7as menores, a partir de 9 meses).<br \/>\nTodas as crian\u00e7as, adolescentes e adultos suscet\u00edveis (que n\u00e3o tiveram catapora) devem ser vacinados.<\/p>\n<p>&nbsp;<\/p>\n<h4 style=\"text-align: justify;\">Contraindica\u00e7\u00e3o:<\/h4>\n<p style=\"text-align: justify;\">Pessoas que tiveram anafilaxia causada por qualquer dos componentes da vacina ou ap\u00f3s dose anterior, e gestantes.<br \/>\nPessoas com defici\u00eancia do sistema imunol\u00f3gico, seja por doen\u00e7a ou tratamento imunossupressor, devem ser consultadas por um m\u00e9dico para a indica\u00e7\u00e3o, pois muitas vezes os danos causados pelo adoecimento \u00e9 maior que o risco oferecido pela vacina.<\/p>\n<p>&nbsp;<\/p>\n<h4 style=\"text-align: justify;\">Esquema de doses:<\/h4>\n<ul>\n<ul>\n<li>O sistema p\u00fablico disponibiliza uma \u00fanica dose de varicela, na apresenta\u00e7\u00e3o SCR-V, aplicada nas crian\u00e7as com 15 meses que j\u00e1 tomaram a primeira dose de tr\u00edplice viral.<\/li>\n<li>A Sociedade Brasileira de Pediatria (SBP) e a Sociedade Brasileira de Imuniza\u00e7\u00f5es (SBIm) recomendam duas doses da vacina varicela: a primeira aos 12 meses e a seguinte entre 15 e 24 meses de idade. Essas doses coincidem com o esquema de vacina\u00e7\u00e3o da vacina SCR e, portanto, o uso da vacina SCR-V pode ser adotado.<\/li>\n<li>Para crian\u00e7as mais velhas, adolescentes e adultos suscet\u00edveis s\u00e3o indicadas duas doses com intervalo de um a dois meses.<\/li>\n<li>Em situa\u00e7\u00e3o de surto na regi\u00e3o de moradia ou na creche\/escola, ou ainda quando h\u00e1 um caso de varicela dentro de casa, a vacina pode ser aplicada em beb\u00eas a partir de 9 meses \u2013 essa dose aplicada antes de 12 meses ser\u00e1 desconsiderada no futuro e a crian\u00e7a dever\u00e1 tomar as duas doses de rotina, conforme j\u00e1 descrito aqui.<\/li>\n<\/ul>\n<\/ul>\n<p>&nbsp;<\/p>\n<h4 style=\"text-align: justify;\">Cuidados antes, durante e ap\u00f3s a vacina\u00e7\u00e3o:<\/h4>\n<p style=\"text-align: justify;\">As crian\u00e7as que usaram medicamentos imunossupressores podem ser vacinadas pelo menos um m\u00eas ap\u00f3s a suspens\u00e3o do uso do medicamento.<br \/>\nCrian\u00e7as em uso de quimioterapia para tratar o c\u00e2ncer s\u00f3 podem ser vacinadas tr\u00eas meses ap\u00f3s a suspens\u00e3o do tratamento.<br \/>\nCrian\u00e7as que receberam transplante de medula \u00f3ssea s\u00f3 podem ser vacinadas de 12 a 24 meses ap\u00f3s o procedimento.<br \/>\nQualquer sintoma grave e\/ou inesperado ap\u00f3s a vacina\u00e7\u00e3o deve ser notificado ao servi\u00e7o que a realizou.<br \/>\nEm caso de febre, deve-se adiar a vacina\u00e7\u00e3o at\u00e9 que ocorra a melhora.<br \/>\nCompressas frias aliviam a rea\u00e7\u00e3o no local da aplica\u00e7\u00e3o.<br \/>\nSintomas de eventos adversos graves ou persistentes, que se prolongam por mais de 24 a 72 horas (dependendo do sintoma) devem ser investigados para verifica\u00e7\u00e3o de outras causas.<\/p>\n<p>&nbsp;<\/p>\n<h4 style=\"text-align: justify;\">Efeitos e eventos adversos:<\/h4>\n<p style=\"text-align: justify;\">A vacina varicela \u00e9 segura em indiv\u00edduos imunocompetentes, com taxa de eventos adversos variando de 5% a 35%. Imunodeprimidos podem apresentar eventos adversos mais intensos, embora raramente graves.<br \/>\nEm 26% dos vacinados ocorre dor no local da aplica\u00e7\u00e3o e em 5% ocorre vermelhid\u00e3o. Em 1% a 3% podem ser observadas ves\u00edculas pr\u00f3ximas ao local da aplica\u00e7\u00e3o.<br \/>\nDe 3% a 5% dos indiv\u00edduos apresentam exantema pelo corpo, semelhante \u00e0s les\u00f5es causadas pela varicela, com duas a cinco les\u00f5es aparecendo entre cinco e 26 dias ap\u00f3s a vacina\u00e7\u00e3o. J\u00e1 as les\u00f5es que surgem duas ou mais semanas ap\u00f3s a aplica\u00e7\u00e3o da vacina s\u00e3o indicativas da doen\u00e7a provocada pelo v\u00edrus varicela z\u00f3ster que foi adquirido antes da vacina\u00e7\u00e3o e ficou incubado.<\/p>\n[\/vc_column_text][vc_empty_space height=&#8221;32px&#8221;][\/vc_column][\/vc_row]\n","protected":false},"excerpt":{"rendered":"<p>[vc_row][vc_column width=&#8221;1\/1&#8243;][vc_column_text] VACINA VARICELA (CATAPORA) [\/vc_column_text][vc_empty_space height=&#8221;20px&#8221;][vc_column_text] O que previne: Varicela (catapora). &nbsp; Indica\u00e7\u00e3o: \u00c9 recomendada de rotina para crian\u00e7as com mais de 12 meses (excepcionalmente, em situa\u00e7\u00f5es de surto, por exemplo, tamb\u00e9m para crian\u00e7as menores, a partir de 9 meses). Todas as crian\u00e7as, adolescentes&#8230;<\/p>\n","protected":false},"author":1,"featured_media":0,"parent":0,"menu_order":0,"comment_status":"closed","ping_status":"open","template":"","meta":[],"_links":{"self":[{"href":"https:\/\/icamed.com.br\/clinica-medica\/wp-json\/wp\/v2\/pages\/10183"}],"collection":[{"href":"https:\/\/icamed.com.br\/clinica-medica\/wp-json\/wp\/v2\/pages"}],"about":[{"href":"https:\/\/icamed.com.br\/clinica-medica\/wp-json\/wp\/v2\/types\/page"}],"author":[{"embeddable":true,"href":"https:\/\/icamed.com.br\/clinica-medica\/wp-json\/wp\/v2\/users\/1"}],"replies":[{"embeddable":true,"href":"https:\/\/icamed.com.br\/clinica-medica\/wp-json\/wp\/v2\/comments?post=10183"}],"version-history":[{"count":3,"href":"https:\/\/icamed.com.br\/clinica-medica\/wp-json\/wp\/v2\/pages\/10183\/revisions"}],"predecessor-version":[{"id":10727,"href":"https:\/\/icamed.com.br\/clinica-medica\/wp-json\/wp\/v2\/pages\/10183\/revisions\/10727"}],"wp:attachment":[{"href":"https:\/\/icamed.com.br\/clinica-medica\/wp-json\/wp\/v2\/media?parent=10183"}],"curies":[{"name":"wp","href":"https:\/\/api.w.org\/{rel}","templated":true}]}}