{"id":10180,"date":"2017-02-24T06:12:18","date_gmt":"2017-02-24T06:12:18","guid":{"rendered":"http:\/\/icamed.com.br\/clinica-medica\/?page_id=10180"},"modified":"2024-10-05T01:39:37","modified_gmt":"2024-10-05T04:39:37","slug":"vacina-triplice-bacteriana-acelular-adulto-poliomielite","status":"publish","type":"page","link":"https:\/\/icamed.com.br\/clinica-medica\/vacina-triplice-bacteriana-acelular-adulto-poliomielite\/","title":{"rendered":"VACINA TR\u00cdPLICE BACTERIANA ACELULAR DO TIPO ADULTO COM POLIOMIELITE &#8211; DTPA-VIP"},"content":{"rendered":"[vc_row][vc_column width=&#8221;1\/1&#8243;][vc_column_text]\n<h2 style=\"text-align: center;\">VACINA TR\u00cdPLICE BACTERIANA ACELULAR DO TIPO ADULTO COM POLIOMIELITE &#8211; DTPA-VIP<\/h2>\n[\/vc_column_text][vc_empty_space height=&#8221;20px&#8221;][vc_column_text]\n<h4 style=\"text-align: justify;\">O que previne:<\/h4>\n<p style=\"text-align: justify;\">Difteria, t\u00e9tano, coqueluche e poliomielite.<\/p>\n<p>&nbsp;<\/p>\n<h4 style=\"text-align: justify;\">Indica\u00e7\u00f5es:<\/h4>\n<p style=\"text-align: justify;\">Para crian\u00e7as a partir de 3 ou 4 anos de idade, adolescentes e adultos, para os refor\u00e7os de seus esquemas de vacina\u00e7\u00e3o.<br \/>\nPode substituir as formula\u00e7\u00f5es infantis da vacina tr\u00edplice bacteriana (DTPa e suas combina\u00e7\u00f5es) no refor\u00e7o de 4 a 5 anos de idade.<br \/>\nPara adolescentes e adultos, pode substituir a vacina dTpa e \u00e9 a alternativa para viajantes com destinos \u00e0s areas de risco para poliomielite.<br \/>\nPara gestantes, pode substituir a dTpa na indisponibilidade desta vacina ou quando se trata de gestante viajante para \u00e1rea de risco para a poliomielite.<\/p>\n<p>&nbsp;<\/p>\n<h4 style=\"text-align: justify;\">Contraindica\u00e7\u00e3o:<\/h4>\n<p style=\"text-align: justify;\">Pessoas que apresentaram anafilaxia ap\u00f3s uso de componentes da vacina ou dose anterior.<\/p>\n<p>&nbsp;<\/p>\n<h4 style=\"text-align: justify;\">Esquema de doses:<\/h4>\n<p style=\"text-align: justify;\">Pode substituir qualquer dose de dTpa. Em caso de viagens a locais de risco para a poliomielite, pode ser aplicada mesmo em pessoas que estejam em dia com a dTpa.<\/p>\n<p>&nbsp;<\/p>\n<h4 style=\"text-align: justify;\">Cuidados antes, durante e ap\u00f3s a vacina\u00e7\u00e3o:<\/h4>\n<p style=\"text-align: justify;\">N\u00e3o s\u00e3o necess\u00e1rios cuidados especiais antes da vacina\u00e7\u00e3o.<br \/>\nEm caso de doen\u00e7a aguda com febre alta, a vacina\u00e7\u00e3o deve ser adiada at\u00e9 que ocorra a melhora.<br \/>\nEm pessoas com doen\u00e7as que aumentam o risco de sangramento, a aplica\u00e7\u00e3o intramuscular pode ser substitu\u00edda pela subcut\u00e2nea.<br \/>\nCompressas frias aliviam a rea\u00e7\u00e3o no local da aplica\u00e7\u00e3o. Em casos mais intensos pode ser usada medica\u00e7\u00e3o para dor, sob prescri\u00e7\u00e3o m\u00e9dica.<br \/>\nSe ocorrer uma rea\u00e7\u00e3o local muito intensa (Arthus), \u00e9 importante observar o intervalo de dez anos ap\u00f3s a aplica\u00e7\u00e3o da \u00faltima dose da vacina para se administrar a dose de refor\u00e7o.<br \/>\nQualquer sintoma grave e\/ou inesperado ap\u00f3s a vacina\u00e7\u00e3o deve ser notificado ao servi\u00e7o que a realizou.<br \/>\nSintomas de eventos adversos persistentes, que se prolongam por mais de 72 horas (dependendo do sintoma), devem ser investigados para verifica\u00e7\u00e3o de outras causas.<\/p>\n<p>&nbsp;<\/p>\n<h4 style=\"text-align: justify;\">Efeitos e eventos adversos:<\/h4>\n<p style=\"text-align: justify;\">Em crian\u00e7as, ocorrem em mais de 10% dos vacinados: sonol\u00eancia e rea\u00e7\u00f5es no local da aplica\u00e7\u00e3o (dor, vermelhid\u00e3o e incha\u00e7o). Entre 1% e 10% dos vacinados podem apresentar perda de apetite, irritabilidade, dor de cabe\u00e7a e febre acima de 37,5\u00baC. Entre 0,1% a 1%: aumento dos g\u00e2nglios, sono inquieto, apatia, garganta seca, diarreia, v\u00f4mito, dor abdominal, n\u00e1usea e cansa\u00e7o.<br \/>\nEm adolescentes e adultos, ocorrem em mais de 10% dos vacinados: dor de cabe\u00e7a, rea\u00e7\u00f5es no local da aplica\u00e7\u00e3o (dor, vermelhid\u00e3o e incha\u00e7o) e cansa\u00e7o. Entre 1% a 10% dos vacinados: dist\u00farbios gastrintestinais, febre acima de 37,5\u00baC, hematoma no local da aplica\u00e7\u00e3o. Entre 0,1% e 1% dos vacinados ocorrem: aumento dos g\u00e2nglios, diminui\u00e7\u00e3o do apetite, sensa\u00e7\u00e3o de formigamento, sonol\u00eancia, tontura, coceira, dor muscular, dor nas articula\u00e7\u00f5es, febre acima de 39\u00baC, calafrios.<\/p>\n[\/vc_column_text][vc_empty_space height=&#8221;32px&#8221;][\/vc_column][\/vc_row]\n","protected":false},"excerpt":{"rendered":"<p>[vc_row][vc_column width=&#8221;1\/1&#8243;][vc_column_text] VACINA TR\u00cdPLICE BACTERIANA ACELULAR DO TIPO ADULTO COM POLIOMIELITE &#8211; DTPA-VIP [\/vc_column_text][vc_empty_space height=&#8221;20px&#8221;][vc_column_text] O que previne: Difteria, t\u00e9tano, coqueluche e poliomielite. &nbsp; Indica\u00e7\u00f5es: Para crian\u00e7as a partir de 3 ou 4 anos de idade, adolescentes e adultos, para os refor\u00e7os de seus esquemas&#8230;<\/p>\n","protected":false},"author":1,"featured_media":0,"parent":0,"menu_order":0,"comment_status":"closed","ping_status":"open","template":"","meta":[],"_links":{"self":[{"href":"https:\/\/icamed.com.br\/clinica-medica\/wp-json\/wp\/v2\/pages\/10180"}],"collection":[{"href":"https:\/\/icamed.com.br\/clinica-medica\/wp-json\/wp\/v2\/pages"}],"about":[{"href":"https:\/\/icamed.com.br\/clinica-medica\/wp-json\/wp\/v2\/types\/page"}],"author":[{"embeddable":true,"href":"https:\/\/icamed.com.br\/clinica-medica\/wp-json\/wp\/v2\/users\/1"}],"replies":[{"embeddable":true,"href":"https:\/\/icamed.com.br\/clinica-medica\/wp-json\/wp\/v2\/comments?post=10180"}],"version-history":[{"count":4,"href":"https:\/\/icamed.com.br\/clinica-medica\/wp-json\/wp\/v2\/pages\/10180\/revisions"}],"predecessor-version":[{"id":10724,"href":"https:\/\/icamed.com.br\/clinica-medica\/wp-json\/wp\/v2\/pages\/10180\/revisions\/10724"}],"wp:attachment":[{"href":"https:\/\/icamed.com.br\/clinica-medica\/wp-json\/wp\/v2\/media?parent=10180"}],"curies":[{"name":"wp","href":"https:\/\/api.w.org\/{rel}","templated":true}]}}