{"id":10170,"date":"2017-02-24T06:06:55","date_gmt":"2017-02-24T06:06:55","guid":{"rendered":"http:\/\/icamed.com.br\/clinica-medica\/?page_id=10170"},"modified":"2024-10-05T01:39:37","modified_gmt":"2024-10-05T04:39:37","slug":"vacina-meningococica-c-conjugada","status":"publish","type":"page","link":"https:\/\/icamed.com.br\/clinica-medica\/vacina-meningococica-c-conjugada\/","title":{"rendered":"VACINA MENINGOC\u00d3CICA C CONJUGADA"},"content":{"rendered":"[vc_row][vc_column width=&#8221;1\/1&#8243;][vc_column_text]\n<h2 style=\"text-align: center;\">VACINA MENINGOC\u00d3CICA C CONJUGADA<\/h2>\n[\/vc_column_text][vc_empty_space height=&#8221;20px&#8221;][vc_column_text]\n<h4 style=\"text-align: justify;\">O que previne:<\/h4>\n<p style=\"text-align: justify;\">Doen\u00e7as causadas pelo meningococo C (incluindo meningite e meningococcemia).<\/p>\n<p>&nbsp;<\/p>\n<h4 style=\"text-align: justify;\">Indica\u00e7\u00e3o:<\/h4>\n<p style=\"text-align: justify;\">Para crian\u00e7as, o PNI disponibiliza tr\u00eas doses da vacina: aos 3 e 5 meses, com refor\u00e7o aos 12 meses (podendo ser aplicado at\u00e9 os 4 anos). As sociedades brasileiras de Pediatria (SBP) e de Imuniza\u00e7\u00f5es (SBIm) recomendam que, al\u00e9m dessas doses, sejam feitos refor\u00e7os entre 5 e 6 e aos 11 anos de idade.<br \/>\nPara adolescentes de 12 e 13 anos, o PNI oferece dose \u00fanica ou refor\u00e7o, de acordo com a situa\u00e7\u00e3o vacinal. A SBP e a SBIm recomendam, para os n\u00e3o vacinados, duas doses com intervalo de cinco anos.<br \/>\nPara adultos e idosos, dependendo da situa\u00e7\u00e3o epidemiol\u00f3gica.<br \/>\nPara pessoas de qualquer idade com doen\u00e7as que aumentem o risco para a doen\u00e7a meningoc\u00f3cica.<br \/>\nPara viajantes com destino \u00e0s regi\u00f5es onde h\u00e1 risco aumentado da doen\u00e7a.<\/p>\n<p>&nbsp;<\/p>\n<h4 style=\"text-align: justify;\">Contraindica\u00e7\u00e3o:<\/h4>\n<p style=\"text-align: justify;\">Pessoas que tiveram anafilaxia ap\u00f3s uso de algum componente da vacina ou a dose anterior.<\/p>\n<p>&nbsp;<\/p>\n<h4 style=\"text-align: justify;\">Esquemas de doses:<\/h4>\n<ul>\n<ul>\n<li>O PNI disponibiliza tr\u00eas doses da vacina: aos 3 e 5 meses, com refor\u00e7o aos 12 meses (podendo ser aplicado at\u00e9 os 4 anos). As sociedades brasileiras de Pediatria (SBP) e de Imuniza\u00e7\u00f5es (SBIm) recomendam que, al\u00e9m dessas doses, sejam feitos refor\u00e7os entre 5 e 6 e aos 11 anos de idade.<\/li>\n<li>Para adolescentes, a SBP e a SBIm recomendam duas doses com intervalo de cinco anos, preferencialmente da vacina meningoc\u00f3cica conjugada ACWY. O PNI, a partir de 2017, passou a disponibilizar uma dose para adolescentes de 12 e 13 anos (como refor\u00e7o do esquema infantil ou como dose \u00fanica nesta faixa et\u00e1ria)<\/li>\n<li>Para adultos, somente em situa\u00e7\u00f5es que justifiquem, em dose \u00fanica.<\/li>\n<li>A SBIm recomenda que a vacina meningoc\u00f3cica conjugada quadrivalente (ACWY) seja preferida para crian\u00e7as, adolescentes e adultos, visto conferir prote\u00e7\u00e3o para tr\u00eas outros tipos de meningococos, al\u00e9m do C. Em todas essas faixas et\u00e1rias, na impossibilidade de usar a vacina ACWY, deve-se utilizar a meningoc\u00f3cica C (ver calend\u00e1rios de vacina\u00e7\u00e3o: Crian\u00e7a, Adolescente, Mulher, Homem e Idoso).<\/li>\n<\/ul>\n<\/ul>\n<p>&nbsp;<\/p>\n<h4 style=\"text-align: justify;\">Cuidados antes, durante e ap\u00f3s a vacina\u00e7\u00e3o:<\/h4>\n<p style=\"text-align: justify;\">N\u00e3o s\u00e3o necess\u00e1rios cuidados especiais antes da vacina\u00e7\u00e3o.<br \/>\nEm caso de febre, deve-se adiar a vacina\u00e7\u00e3o at\u00e9 que ocorra a melhora.<br \/>\nCompressas frias aliviam a rea\u00e7\u00e3o no local da aplica\u00e7\u00e3o. Em casos mais intensos pode-se usar medica\u00e7\u00e3o para dor, sob recomenda\u00e7\u00e3o m\u00e9dica.<br \/>\nQualquer sintoma grave e\/ou inesperado ap\u00f3s a vacina\u00e7\u00e3o deve ser notificado ao servi\u00e7o que a realizou.<br \/>\nSintomas de eventos adversos persistentes, que se prolongam por mais que 72 horas (dependendo do sintoma), devem ser investigados para verifica\u00e7\u00e3o de outras causas.<\/p>\n<p>&nbsp;<\/p>\n<h4 style=\"text-align: justify;\">Efeitos e eventos adversos:<\/h4>\n<p style=\"text-align: justify;\">As rea\u00e7\u00f5es, quando acontecem, manifestam-se nas primeiras horas ap\u00f3s a vacina\u00e7\u00e3o e melhoram em cerca de 72 horas. Em mais de 10% dos vacinados ocorrem: vermelhid\u00e3o, incha\u00e7o, dor ou sensibilidade no local da aplica\u00e7\u00e3o; dor de cabe\u00e7a (principalmente em adultos). Em crian\u00e7as com menos de 2 anos podem ocorrer v\u00f4mitos, diarreia, inapet\u00eancia, sonol\u00eancia e agita\u00e7\u00e3o.<br \/>\nEntre 1% e 10% dos vacinados s\u00e3o acometidos por febre maior ou igual a 38\u00b0C, irritabilidade, choro intenso (em crian\u00e7as com menos de 2 anos) e dores musculares.<br \/>\nMuito raramente (em menos de 0,01%) ocorre aumento de g\u00e2nglios, n\u00f3dulo no local da aplica\u00e7\u00e3o, rea\u00e7\u00e3o al\u00e9rgica grave (chiados, incha\u00e7o facial, queda da press\u00e3o, dificuldade de respira\u00e7\u00e3o), tontura, convuls\u00f5es, flacidez dos m\u00fasculos, enjoo, dor na barriga, manchas na pele, problemas de rim, dermatite com forma\u00e7\u00e3o de bolhas na pele, urtic\u00e1ria.<\/p>\n[\/vc_column_text][vc_empty_space height=&#8221;32px&#8221;][\/vc_column][\/vc_row]\n","protected":false},"excerpt":{"rendered":"<p>[vc_row][vc_column width=&#8221;1\/1&#8243;][vc_column_text] VACINA MENINGOC\u00d3CICA C CONJUGADA [\/vc_column_text][vc_empty_space height=&#8221;20px&#8221;][vc_column_text] O que previne: Doen\u00e7as causadas pelo meningococo C (incluindo meningite e meningococcemia). &nbsp; Indica\u00e7\u00e3o: Para crian\u00e7as, o PNI disponibiliza tr\u00eas doses da vacina: aos 3 e 5 meses, com refor\u00e7o aos 12 meses (podendo ser aplicado at\u00e9&#8230;<\/p>\n","protected":false},"author":1,"featured_media":0,"parent":0,"menu_order":0,"comment_status":"closed","ping_status":"open","template":"","meta":[],"_links":{"self":[{"href":"https:\/\/icamed.com.br\/clinica-medica\/wp-json\/wp\/v2\/pages\/10170"}],"collection":[{"href":"https:\/\/icamed.com.br\/clinica-medica\/wp-json\/wp\/v2\/pages"}],"about":[{"href":"https:\/\/icamed.com.br\/clinica-medica\/wp-json\/wp\/v2\/types\/page"}],"author":[{"embeddable":true,"href":"https:\/\/icamed.com.br\/clinica-medica\/wp-json\/wp\/v2\/users\/1"}],"replies":[{"embeddable":true,"href":"https:\/\/icamed.com.br\/clinica-medica\/wp-json\/wp\/v2\/comments?post=10170"}],"version-history":[{"count":3,"href":"https:\/\/icamed.com.br\/clinica-medica\/wp-json\/wp\/v2\/pages\/10170\/revisions"}],"predecessor-version":[{"id":10719,"href":"https:\/\/icamed.com.br\/clinica-medica\/wp-json\/wp\/v2\/pages\/10170\/revisions\/10719"}],"wp:attachment":[{"href":"https:\/\/icamed.com.br\/clinica-medica\/wp-json\/wp\/v2\/media?parent=10170"}],"curies":[{"name":"wp","href":"https:\/\/api.w.org\/{rel}","templated":true}]}}