{"id":10169,"date":"2017-02-24T06:06:20","date_gmt":"2017-02-24T06:06:20","guid":{"rendered":"http:\/\/icamed.com.br\/clinica-medica\/?page_id=10169"},"modified":"2024-10-05T01:39:36","modified_gmt":"2024-10-05T04:39:36","slug":"vacina-meningococica-b","status":"publish","type":"page","link":"https:\/\/icamed.com.br\/clinica-medica\/vacina-meningococica-b\/","title":{"rendered":"VACINA MENINGOC\u00d3CICA B"},"content":{"rendered":"[vc_row][vc_column width=&#8221;1\/1&#8243;][vc_column_text]\n<h2 style=\"text-align: center;\">VACINA MENINGOC\u00d3CICA B<\/h2>\n[\/vc_column_text][vc_empty_space height=&#8221;20px&#8221;][vc_column_text]\n<h4 style=\"text-align: justify;\">O que previne:<\/h4>\n<p style=\"text-align: justify;\">Meningites e infec\u00e7\u00f5es generalizadas (doen\u00e7as meningoc\u00f3cicas) causadas pela bact\u00e9ria meningococo do tipo B.<\/p>\n<p>&nbsp;<\/p>\n<h4 style=\"text-align: justify;\">Indica\u00e7\u00e3o:<\/h4>\n<p style=\"text-align: justify;\">Para crian\u00e7as e adolescentes, conforme recomenda\u00e7\u00f5es das sociedades brasileiras de Pediatria (SBP) e Imuniza\u00e7\u00f5es (SBIm).<br \/>\nPara adultos com at\u00e9 50 anos, dependendo de risco epidemiol\u00f3gico.<br \/>\nPara viajantes com destino \u00e0s regi\u00f5es onde h\u00e1 risco aumentado da doen\u00e7a.<br \/>\nPara pessoas de qualquer idade com doen\u00e7as que aumentem o risco para a doen\u00e7a meningoc\u00f3cica.<\/p>\n<p>&nbsp;<\/p>\n<h4 style=\"text-align: justify;\">Contraindica\u00e7\u00e3o:<\/h4>\n<p style=\"text-align: justify;\">Pessoas que tiveram anafilaxia ap\u00f3s uso de algum componente da vacina ou ap\u00f3s dose anterior.<\/p>\n<p>&nbsp;<\/p>\n<h4 style=\"text-align: justify;\">Esquema de doses:<\/h4>\n<ul>\n<li>As sociedades brasileiras de Pediatria (SBP) e de Imuniza\u00e7\u00f5es (SBIm) recomendam o uso rotineiro de quatro doses da vacina meningoc\u00f3cica B aos 3, 5 e 7 meses de vida e entre 12 e 15 meses.<\/li>\n<li>Para adolescentes n\u00e3o vacinados antes, a SBP e a SBIm recomendam duas doses com intervalo de um m\u00eas.<\/li>\n<li>Para adultos com at\u00e9 50 anos, em situa\u00e7\u00f5es que justifiquem: duas doses com intervalo de um m\u00eas.<\/li>\n<li>Para crian\u00e7as mais velhas que n\u00e3o foram vacinadas o esquema de doses varia conforme a faixa et\u00e1ria.<\/li>\n<\/ul>\n<p>&nbsp;<\/p>\n<h4 style=\"text-align: justify;\">Cuidados antes, durante e ap\u00f3s a vacina\u00e7\u00e3o:<\/h4>\n<p style=\"text-align: justify;\">A administra\u00e7\u00e3o de paracetamol antes ou logo ap\u00f3s a vacina\u00e7\u00e3o pode reduzir o risco de febre e n\u00e3o interfere na resposta imune \u00e0 vacina.<br \/>\nN\u00e3o s\u00e3o necess\u00e1rios outros cuidados especiais antes da vacina\u00e7\u00e3o.<br \/>\nEm caso de febre, deve-se adiar a vacina\u00e7\u00e3o at\u00e9 que ocorra a melhora.<br \/>\nCompressas frias aliviam a rea\u00e7\u00e3o no local da aplica\u00e7\u00e3o.<br \/>\nQualquer sintoma grave e\/ou inesperado ap\u00f3s a vacina\u00e7\u00e3o deve ser notificado ao servi\u00e7o que a realizou.<br \/>\nSintomas de eventos adversos persistentes, que se prolongam por mais de 24 a 72 horas (dependendo do sintoma), devem ser investigados para verifica\u00e7\u00e3o de outras causas.<br \/>\nEvitar aplica\u00e7\u00e3o simult\u00e2nea com as vacinas tr\u00edplice bacteriana, pneumoc\u00f3cica conjugada, Haemophilus influenzae tipo b, poliomielite e hepatite B, para reduzir chance de febre alta ap\u00f3s a vacina\u00e7\u00e3o.<\/p>\n<p>&nbsp;<\/p>\n<h4 style=\"text-align: justify;\">Efeitos e eventos adversos:<\/h4>\n<p style=\"text-align: justify;\">Em crian\u00e7as menores de 2 anos, febre alta com dura\u00e7\u00e3o de 24 a 28 horas pode ocorrer em mais de 10% dos vacinados. Quando a vacina \u00e9 aplicada junto com a tr\u00edplice bacteriana acelular, pneumoc\u00f3cica conjugada, Haemophilus influenzae tipo b, poliomielite e hepatite B, esse percentual aumenta para 69% a 79%. Por isso \u00e9 prefer\u00edvel n\u00e3o aplic\u00e1-las no mesmo dia.<br \/>\nEm crian\u00e7as at\u00e9 10 anos, em mais de 10% dos vacinados acontecem: perda de apetite; sonol\u00eancia; choro persistente; irritabilidade; diarreia; v\u00f4mitos; erup\u00e7\u00f5es na pele; sensibilidade no local da aplica\u00e7\u00e3o e ao movimentar o membro onde foi aplicada a vacina; rea\u00e7\u00f5es locais (dor, calor, vermelhid\u00e3o, incha\u00e7o). Em 0,01% a 0,1% ocorrem urtic\u00e1ria e outras rea\u00e7\u00f5es al\u00e9rgicas. At\u00e9 o momento n\u00e3o foi observada anafilaxia.<br \/>\nEm mais de 10% dos vacinados com mais de 11 anos ocorre cefaleia; n\u00e1useas; dor nos m\u00fasculos e articula\u00e7\u00f5es; mal-estar e rea\u00e7\u00f5es locais, como incha\u00e7o, endurecimento, vermelhid\u00e3o e dor. A dor pode ser muito intensa, atrapalhando a realiza\u00e7\u00e3o das atividades cotidianas. N\u00e3o \u00e9 conhecido o risco para anafilaxia, e rea\u00e7\u00f5es al\u00e9rgicas graves n\u00e3o foram verificadas durante os estudos com a vacina.<\/p>\n[\/vc_column_text][vc_empty_space height=&#8221;32px&#8221;][\/vc_column][\/vc_row]\n","protected":false},"excerpt":{"rendered":"<p>[vc_row][vc_column width=&#8221;1\/1&#8243;][vc_column_text] VACINA MENINGOC\u00d3CICA B [\/vc_column_text][vc_empty_space height=&#8221;20px&#8221;][vc_column_text] O que previne: Meningites e infec\u00e7\u00f5es generalizadas (doen\u00e7as meningoc\u00f3cicas) causadas pela bact\u00e9ria meningococo do tipo B. &nbsp; Indica\u00e7\u00e3o: Para crian\u00e7as e adolescentes, conforme recomenda\u00e7\u00f5es das sociedades brasileiras de Pediatria (SBP) e Imuniza\u00e7\u00f5es (SBIm). Para adultos com at\u00e9 50&#8230;<\/p>\n","protected":false},"author":1,"featured_media":0,"parent":0,"menu_order":0,"comment_status":"closed","ping_status":"open","template":"","meta":[],"_links":{"self":[{"href":"https:\/\/icamed.com.br\/clinica-medica\/wp-json\/wp\/v2\/pages\/10169"}],"collection":[{"href":"https:\/\/icamed.com.br\/clinica-medica\/wp-json\/wp\/v2\/pages"}],"about":[{"href":"https:\/\/icamed.com.br\/clinica-medica\/wp-json\/wp\/v2\/types\/page"}],"author":[{"embeddable":true,"href":"https:\/\/icamed.com.br\/clinica-medica\/wp-json\/wp\/v2\/users\/1"}],"replies":[{"embeddable":true,"href":"https:\/\/icamed.com.br\/clinica-medica\/wp-json\/wp\/v2\/comments?post=10169"}],"version-history":[{"count":8,"href":"https:\/\/icamed.com.br\/clinica-medica\/wp-json\/wp\/v2\/pages\/10169\/revisions"}],"predecessor-version":[{"id":10718,"href":"https:\/\/icamed.com.br\/clinica-medica\/wp-json\/wp\/v2\/pages\/10169\/revisions\/10718"}],"wp:attachment":[{"href":"https:\/\/icamed.com.br\/clinica-medica\/wp-json\/wp\/v2\/media?parent=10169"}],"curies":[{"name":"wp","href":"https:\/\/api.w.org\/{rel}","templated":true}]}}