{"id":10168,"date":"2017-02-24T06:05:52","date_gmt":"2017-02-24T06:05:52","guid":{"rendered":"http:\/\/icamed.com.br\/clinica-medica\/?page_id=10168"},"modified":"2024-10-05T01:39:36","modified_gmt":"2024-10-05T04:39:36","slug":"vacina-hpv-quadrivalente","status":"publish","type":"page","link":"https:\/\/icamed.com.br\/clinica-medica\/vacina-hpv-quadrivalente\/","title":{"rendered":"VACINA HPV QUADRIVALENTE 6,11,16,18"},"content":{"rendered":"[vc_row][vc_column width=&#8221;1\/1&#8243;][vc_column_text]\n<h2 style=\"text-align: center;\">VACINA HPV QUADRIVALENTE 6,11,16,18<\/h2>\n[\/vc_column_text][vc_empty_space height=&#8221;20px&#8221;][vc_column_text]\n<h4 style=\"text-align: justify;\">O que previne:<\/h4>\n<p style=\"text-align: justify;\">Infec\u00e7\u00f5es persistentes e les\u00f5es pr\u00e9-cancerosas causadas pelos tipos de HPV 6,11,16,18. Tamb\u00e9m previne o c\u00e2ncer de colo do \u00fatero, da vulva, da vagina, do \u00e2nus e verrugas genitais (condiloma).<\/p>\n<p>&nbsp;<\/p>\n<h4 style=\"text-align: justify;\">Indica\u00e7\u00e3o:<\/h4>\n<p style=\"text-align: justify;\">O Programa Nacional de Imuniza\u00e7\u00f5es (PNI) disponibiliza a vacina para meninas de 9 a 14 anos de idade, meninos de 12 e 13 anos e pessoas que convivem com HIV\/Aids entre 9 e 26 anos.<br \/>\nA Sociedade Brasileira de Pediatria (SBP), a Sociedade Brasileira de Imuniza\u00e7\u00f5es (SBIm) e a Federa\u00e7\u00e3o Brasileira das Associa\u00e7\u00f5es de Ginecologia e Obstetr\u00edcia (Febrasgo) recomendam a vacina\u00e7\u00e3o de meninas e mulheres de 9 a 45 anos de idade e meninos e jovens de 9 a 26 anos.<\/p>\n<p>&nbsp;<\/p>\n<h4 style=\"text-align: justify;\">Contraindica\u00e7\u00e3o:<\/h4>\n<p style=\"text-align: justify;\">Gestantes e pessoas que apresentaram anafilaxia ap\u00f3s receber uma dose da vacina ou a algum de seus componentes.<\/p>\n<p>&nbsp;<\/p>\n<h4 style=\"text-align: justify;\">Esquemas de doses:<\/h4>\n<ul>\n<ul>\n<li>A vacina\u00e7\u00e3o deve iniciar a partir dos 9 anos de idade, o mais cedo poss\u00edvel.<\/li>\n<li>Esquema padr\u00e3o de tr\u00eas doses (para todas as idades): a segunda dose dois meses ap\u00f3s a primeira, e a terceira seis meses ap\u00f3s a primeira.<\/li>\n<li>Nas Unidades B\u00e1sicas de Sa\u00fade, a vacina est\u00e1 dispon\u00edvel em duas doses para meninas de 9 a 14 anos e para meninos de 11 a 14 anos: a segunda, seis meses ap\u00f3s a primeira. Este esquema \u00e9 v\u00e1lido e exclusivo para menores de 15 anos. Por essa raz\u00e3o, o Minist\u00e9rio da Sa\u00fade autoriza meninas de 15 anos que tenham tomado a primeira dose a completarem o esquema.<\/li>\n<li>Tamb\u00e9m na rede p\u00fablica,\u200b \u200bpessoas\u200b \u200bcom HIV\/Aids\u200b entre 9 e 26 anos, transplantados entre 9 e 26 anos e pacientes oncol\u00f3gicos em tratamento com radioterapia ou quimioterapia podem ser vacinadas nas Unidades B\u00e1sicas de Sa\u00fade ou nos Centros de Refer\u00eancia para Imunobiol\u00f3gicos Especiais (Cries). O esquema \u00e9 de tr\u00eas doses: a segunda, dois meses ap\u00f3s a primeira, e a terceira, seis meses ap\u00f3s a primeira dose.<\/li>\n<\/ul>\n<\/ul>\n<p>&nbsp;<\/p>\n<h4 style=\"text-align: justify;\">Cuidados antes, durante e ap\u00f3s a vacina\u00e7\u00e3o:<\/h4>\n<p style=\"text-align: justify;\">Antes de se vacinar, a mulher deve ter certeza de que n\u00e3o est\u00e1 gr\u00e1vida. Contudo, se a vacina for aplicada sem que se saiba da gravidez, nenhuma interven\u00e7\u00e3o se faz necess\u00e1ria. Quando a gesta\u00e7\u00e3o tem in\u00edcio antes de o esquema estar completo, deve-se suspender a vacina\u00e7\u00e3o e retom\u00e1-la ap\u00f3s o parto.<br \/>\nN\u00e3o s\u00e3o necess\u00e1rios cuidados especiais antes da vacina\u00e7\u00e3o.<br \/>\nEm caso de febre, deve-se adiar a vacina\u00e7\u00e3o at\u00e9 que ocorra a melhora.<br \/>\nCompressas frias aliviam a rea\u00e7\u00e3o no local da aplica\u00e7\u00e3o.<br \/>\nQualquer sintoma grave e\/ou inesperado ap\u00f3s a vacina\u00e7\u00e3o deve ser notificado ao servi\u00e7o que a realizou.<br \/>\nSintomas de eventos adversos graves ou persistentes, que se prolongam por mais de 24 a 72 horas (dependendo do sintoma), devem ser investigados para verifica\u00e7\u00e3o de outras causas.<\/p>\n<p>&nbsp;<\/p>\n<h4 style=\"text-align: justify;\">Efeitos e eventos adversos:<\/h4>\n<p style=\"text-align: justify;\">Na Inglaterra, ap\u00f3s dois anos de incorpora\u00e7\u00e3o da vacina no calend\u00e1rio do governo, e da administra\u00e7\u00e3o de 4,5 milh\u00f5es de doses, somaram-se 4.703 eventos adversos. Desse total, 17% foram manifesta\u00e7\u00f5es no local da aplica\u00e7\u00e3o (dor, vermelhid\u00e3o e incha\u00e7o); 11%, manifesta\u00e7\u00f5es al\u00e9rgicas (urtic\u00e1ria e prurido); e 37%, manifesta\u00e7\u00f5es gerais como n\u00e1useas, v\u00f4mitos e dor de cabe\u00e7a. Foram registradas ainda rea\u00e7\u00f5es psicog\u00eanicas (21%) descritas como p\u00e2nico e desmaios causados pelo medo da inje\u00e7\u00e3o e n\u00e3o pela vacina \u2013 principalmente em adolescentes e mulheres jovens. N\u00e3o ocorreu nenhum caso de doen\u00e7a neurol\u00f3gica, paralisia ou doen\u00e7a autoimune.<\/p>\n[\/vc_column_text][vc_empty_space height=&#8221;32px&#8221;][\/vc_column][\/vc_row]\n","protected":false},"excerpt":{"rendered":"<p>[vc_row][vc_column width=&#8221;1\/1&#8243;][vc_column_text] VACINA HPV QUADRIVALENTE 6,11,16,18 [\/vc_column_text][vc_empty_space height=&#8221;20px&#8221;][vc_column_text] O que previne: Infec\u00e7\u00f5es persistentes e les\u00f5es pr\u00e9-cancerosas causadas pelos tipos de HPV 6,11,16,18. Tamb\u00e9m previne o c\u00e2ncer de colo do \u00fatero, da vulva, da vagina, do \u00e2nus e verrugas genitais (condiloma). &nbsp; Indica\u00e7\u00e3o: O Programa Nacional&#8230;<\/p>\n","protected":false},"author":1,"featured_media":0,"parent":0,"menu_order":0,"comment_status":"closed","ping_status":"open","template":"","meta":[],"_links":{"self":[{"href":"https:\/\/icamed.com.br\/clinica-medica\/wp-json\/wp\/v2\/pages\/10168"}],"collection":[{"href":"https:\/\/icamed.com.br\/clinica-medica\/wp-json\/wp\/v2\/pages"}],"about":[{"href":"https:\/\/icamed.com.br\/clinica-medica\/wp-json\/wp\/v2\/types\/page"}],"author":[{"embeddable":true,"href":"https:\/\/icamed.com.br\/clinica-medica\/wp-json\/wp\/v2\/users\/1"}],"replies":[{"embeddable":true,"href":"https:\/\/icamed.com.br\/clinica-medica\/wp-json\/wp\/v2\/comments?post=10168"}],"version-history":[{"count":3,"href":"https:\/\/icamed.com.br\/clinica-medica\/wp-json\/wp\/v2\/pages\/10168\/revisions"}],"predecessor-version":[{"id":10712,"href":"https:\/\/icamed.com.br\/clinica-medica\/wp-json\/wp\/v2\/pages\/10168\/revisions\/10712"}],"wp:attachment":[{"href":"https:\/\/icamed.com.br\/clinica-medica\/wp-json\/wp\/v2\/media?parent=10168"}],"curies":[{"name":"wp","href":"https:\/\/api.w.org\/{rel}","templated":true}]}}