{"id":10159,"date":"2017-02-24T06:02:16","date_gmt":"2017-02-24T06:02:16","guid":{"rendered":"http:\/\/icamed.com.br\/clinica-medica\/?page_id=10159"},"modified":"2024-10-05T01:39:27","modified_gmt":"2024-10-05T04:39:27","slug":"vacina-febre-amarela","status":"publish","type":"page","link":"https:\/\/icamed.com.br\/clinica-medica\/vacina-febre-amarela\/","title":{"rendered":"VACINA FEBRE AMARELA &#8211; FA"},"content":{"rendered":"[vc_row][vc_column width=&#8221;1\/1&#8243;][vc_column_text]\n<h2 style=\"text-align: center;\">VACINA FEBRE AMARELA &#8211; FA<\/h2>\n[\/vc_column_text][vc_empty_space height=&#8221;20px&#8221;][vc_column_text]\n<h4 style=\"text-align: justify;\">O que previne:<\/h4>\n<p style=\"text-align: justify;\">Febre amarela.<\/p>\n<p>&nbsp;<\/p>\n<h4 style=\"text-align: justify;\">Indica\u00e7\u00e3o:<\/h4>\n<p style=\"text-align: justify;\">Crian\u00e7as a partir de 9 meses de idade, adolescentes e adultos que vivem em regi\u00f5es brasileiras classificadas como \u00e1reas de recomenda\u00e7\u00e3o de vacina\u00e7\u00e3o, ou em viagem nacional\/internacional de risco para a doen\u00e7a, ou com obrigatoriedade de comprova\u00e7\u00e3o da vacina\u00e7\u00e3o.<\/p>\n<p>&nbsp;<\/p>\n<h4 style=\"text-align: justify;\">Contraindica\u00e7\u00f5es:<\/h4>\n<p style=\"text-align: justify;\">Crian\u00e7as abaixo de 6 meses de idade.<br \/>\nIndiv\u00edduos infectados pelo HIV, sintom\u00e1ticos e com imunossupress\u00e3o grave comprovada por exame de laborat\u00f3rio.<br \/>\nPessoas com imunodepress\u00e3o grave por doen\u00e7a ou uso de medica\u00e7\u00e3o.<br \/>\nPacientes que tenham apresentado doen\u00e7a neurol\u00f3gica desmielinizante no per\u00edodo de seis semanas ap\u00f3s a aplica\u00e7\u00e3o de dose anterior da vacina.<br \/>\nMulheres amamentando crian\u00e7as abaixo de 6 meses de idade. Se a vacina\u00e7\u00e3o n\u00e3o puder ser adiada at\u00e9 o beb\u00ea completar 6 meses, a m\u00e3e deve realizar, antes da vacina\u00e7\u00e3o, a ordenha do leite e manter congelado por 28 dias, em freezer ou congelador, para uso durante 28 dias (no m\u00ednimo 15 dias), per\u00edodo em que h\u00e1 risco de transmitir o v\u00edrus vacinal pelo leite e contaminar o beb\u00ea.<br \/>\nPacientes submetidos a transplante de \u00f3rg\u00e3os.<br \/>\nPacientes com c\u00e2ncer.<br \/>\nPessoas com hist\u00f3ria de rea\u00e7\u00e3o anafil\u00e1tica relacionada a subst\u00e2ncias presentes na vacina (ovo de galinha e seus derivados, gelatina bovina ou outras).<br \/>\nPacientes com hist\u00f3ria pregressa de doen\u00e7as do timo (miastenia gravis, timoma, casos de aus\u00eancia de timo ou remo\u00e7\u00e3o cir\u00fargica).<br \/>\nEm princ\u00edpio h\u00e1 contraindica\u00e7\u00e3o para gestantes, mas a administra\u00e7\u00e3o deve ser analisada de acordo com o grau de risco, por exemplo, na vig\u00eancia de surtos.<br \/>\nA vacina\u00e7\u00e3o de indiv\u00edduos a partir de 60 anos deve ser evitada, a menos que haja alto risco de infec\u00e7\u00e3o.<\/p>\n<p>&nbsp;<\/p>\n<h4 style=\"text-align: justify;\">Esquema de doses:<\/h4>\n<p>Nas \u00e1reas brasileiras com recomenda\u00e7\u00e3o de vacina:<\/p>\n<ul>\n<li>Rotina: dose \u00fanica a partir dos 9 meses.<\/li>\n<li>Crian\u00e7as, adolescentes e adultos que j\u00e1 tenham recebido uma dose n\u00e3o precisam ser vacinados novamente.<\/li>\n<\/ul>\n<p>A viajantes para \u00e1reas com recomenda\u00e7\u00e3o ou pa\u00edses que exigem o CIVP \u00e9 recomendada a comprova\u00e7\u00e3o de apenas uma dose na vida.<\/p>\n<p style=\"text-align: justify;\"><i>Em situa\u00e7\u00f5es de exig\u00eancia da vacina\u00e7\u00e3o, a dose deve ter sido aplicada no m\u00ednimo dez dias antes da viagem.<\/i><\/p>\n<p>&nbsp;<\/p>\n<h4 style=\"text-align: justify;\">Cuidados antes, durante e ap\u00f3s a vacina\u00e7\u00e3o:<\/h4>\n<p style=\"text-align: justify;\">N\u00e3o s\u00e3o necess\u00e1rios cuidados especiais antes da vacina\u00e7\u00e3o.<br \/>\nEm caso de febre recomenda-se adiar a vacina\u00e7\u00e3o at\u00e9 a melhora.<br \/>\nA administra\u00e7\u00e3o da vacina em pacientes com l\u00fapus eritematoso sist\u00eamico ou outras doen\u00e7as autoimunes deve ser avaliada com cuidado, pois pode haver imunossupress\u00e3o nesses pacientes.<br \/>\nPacientes transplantados de c\u00e9lulas de medula \u00f3ssea tamb\u00e9m devem ser avaliados, considerando o estado imunol\u00f3gico e o risco epidemiol\u00f3gico, respeitando-se o per\u00edodo m\u00ednimo de 24 meses ap\u00f3s o transplante.<br \/>\nQualquer sintoma grave e\/ou inesperado ap\u00f3s a vacina\u00e7\u00e3o deve ser notificado ao servi\u00e7o que a realizou.<br \/>\nTodo e qualquer evento adverso grave e\/ou inesperado deve ser notificado \u00e0s autoridades de Sa\u00fade.<\/p>\n<p>&nbsp;<\/p>\n<h4 style=\"text-align: justify;\">Efeitos e eventos adversos:<\/h4>\n<p style=\"text-align: justify;\">Entre os eventos locais, a dor no local de aplica\u00e7\u00e3o ocorre em 4% dos adultos vacinados e um pouco menos em crian\u00e7as pequenas, e essa dor dura um ou dois dias, na forma leve ou moderada.<br \/>\nManifesta\u00e7\u00f5es gerais, como febre, dor de cabe\u00e7a e muscular s\u00e3o os eventos mais frequentes e acontecem em cerca de 4% dos que s\u00e3o vacinados na primeira vez e menos de 2% nas segundas doses.<br \/>\nApesar de muito raros, podem acontecer eventos graves: rea\u00e7\u00f5es al\u00e9rgicas, doen\u00e7a neurol\u00f3gica (encefalite, meningite, doen\u00e7as autoimunes com envolvimento do sistema nervoso central e perif\u00e9rico) e doen\u00e7a em \u00f3rg\u00e3os (infec\u00e7\u00e3o pelo v\u00edrus vacinal causando danos semelhantes aos da doen\u00e7a). No Brasil, entre 2007 e 2012, a ocorr\u00eancia destes eventos graves foi de 0,42 caso por cem mil vacinados. Rea\u00e7\u00f5es al\u00e9rgicas como erup\u00e7\u00f5es na pele, urtic\u00e1ria e asma acontecem com frequ\u00eancia de um caso para 130 mil a 250 mil vacinados. Entre 1999 e 2009, ocorreu anafilaxia na propor\u00e7\u00e3o de 0,023 caso para cem mil doses aplicadas. Entre 2007 e 2012, aconteceram 116 casos (0,2 caso em cem mil vacinados) de doen\u00e7a neurol\u00f3gica, principalmente quando se tratava de primeira dose e em idosos. J\u00e1 a doen\u00e7a nos \u00f3rg\u00e3os, chamada \u201cviscerotr\u00f3pica\u201d, neste mesmo per\u00edodo, ocorreu em 21 pessoas (0,04 caso em cem mil vacinados).<\/p>\n[\/vc_column_text][vc_empty_space height=&#8221;32px&#8221;][\/vc_column][\/vc_row]\n","protected":false},"excerpt":{"rendered":"<p>[vc_row][vc_column width=&#8221;1\/1&#8243;][vc_column_text] VACINA FEBRE AMARELA &#8211; FA [\/vc_column_text][vc_empty_space height=&#8221;20px&#8221;][vc_column_text] O que previne: Febre amarela. &nbsp; Indica\u00e7\u00e3o: Crian\u00e7as a partir de 9 meses de idade, adolescentes e adultos que vivem em regi\u00f5es brasileiras classificadas como \u00e1reas de recomenda\u00e7\u00e3o de vacina\u00e7\u00e3o, ou em viagem nacional\/internacional de risco&#8230;<\/p>\n","protected":false},"author":1,"featured_media":0,"parent":0,"menu_order":0,"comment_status":"closed","ping_status":"open","template":"","meta":[],"_links":{"self":[{"href":"https:\/\/icamed.com.br\/clinica-medica\/wp-json\/wp\/v2\/pages\/10159"}],"collection":[{"href":"https:\/\/icamed.com.br\/clinica-medica\/wp-json\/wp\/v2\/pages"}],"about":[{"href":"https:\/\/icamed.com.br\/clinica-medica\/wp-json\/wp\/v2\/types\/page"}],"author":[{"embeddable":true,"href":"https:\/\/icamed.com.br\/clinica-medica\/wp-json\/wp\/v2\/users\/1"}],"replies":[{"embeddable":true,"href":"https:\/\/icamed.com.br\/clinica-medica\/wp-json\/wp\/v2\/comments?post=10159"}],"version-history":[{"count":4,"href":"https:\/\/icamed.com.br\/clinica-medica\/wp-json\/wp\/v2\/pages\/10159\/revisions"}],"predecessor-version":[{"id":10702,"href":"https:\/\/icamed.com.br\/clinica-medica\/wp-json\/wp\/v2\/pages\/10159\/revisions\/10702"}],"wp:attachment":[{"href":"https:\/\/icamed.com.br\/clinica-medica\/wp-json\/wp\/v2\/media?parent=10159"}],"curies":[{"name":"wp","href":"https:\/\/api.w.org\/{rel}","templated":true}]}}