{"id":10086,"date":"2017-02-23T23:46:42","date_gmt":"2017-02-23T23:46:42","guid":{"rendered":"http:\/\/icamed.com.br\/clinica-medica\/?page_id=10086"},"modified":"2024-10-05T01:39:36","modified_gmt":"2024-10-05T04:39:36","slug":"vacina-hepatite-b","status":"publish","type":"page","link":"https:\/\/icamed.com.br\/clinica-medica\/vacina-hepatite-b\/","title":{"rendered":"VACINA HEPATITE B"},"content":{"rendered":"[vc_row][vc_column width=&#8221;1\/1&#8243;][vc_column_text]\n<h2 style=\"text-align: center;\">VACINA HEPATITE B<\/h2>\n[\/vc_column_text][vc_empty_space height=&#8221;20px&#8221;][vc_column_text]\n<h4 style=\"text-align: justify;\">O que previne:<\/h4>\n<p style=\"text-align: justify;\">Esta vacina previne a infec\u00e7\u00e3o do f\u00edgado (hepatite) causada pelo v\u00edrus da hepatite B.<\/p>\n<p>&nbsp;<\/p>\n<h4 style=\"text-align: justify;\">Indica\u00e7\u00e3o:<\/h4>\n<p style=\"text-align: justify;\">A vacina hepatite B \u00e9 indicada para pessoas de todas as faixas et\u00e1rias. Faz parte da rotina de vacina\u00e7\u00e3o das crian\u00e7as, devendo ser aplicada, de prefer\u00eancia, nas primeiras 12-24 horas ap\u00f3s o nascimento, para prevenir hepatite cr\u00f4nica \u2013 forma que acomete 90% dos beb\u00eas contaminados ao nascer.<\/p>\n<p style=\"text-align: justify;\">Especialmente indicada para gestantes n\u00e3o vacinadas.<\/p>\n<p>&nbsp;<\/p>\n<h4 style=\"text-align: justify;\">Contraindica\u00e7\u00e3o:<\/h4>\n<p style=\"text-align: justify;\">N\u00e3o deve ser aplicada em pessoas que apresentaram anafilaxia com qualquer componente da vacina ou com dose anterior. Ou nas que desenvolveram p\u00farpura trombocitop\u00eanica ap\u00f3s dose anterior de vacina com componente hepatite B.<\/p>\n<p>&nbsp;<\/p>\n<h4 style=\"text-align: justify;\">Esquema de doses:<\/h4>\n<p>&nbsp;<\/p>\n<ul>\n<li style=\"text-align: justify;\">Para a vacina\u00e7\u00e3o rotineira de crian\u00e7as, o Programa Nacional de Imuniza\u00e7\u00f5es (PNI) adotou o esquema de quatro doses: ao nascimento e aos 2, 4 e 6 meses de vida. A Sociedade Brasileira de Pediatria (SBP) e Sociedade Brasileira de Imuniza\u00e7\u00f5es (SBIm) recomendam os esquemas de quatro doses (adotado pelo PNI) ou de tr\u00eas doses: ao nascimento e aos 2 e 6 meses de vida.<\/li>\n<li style=\"text-align: justify;\">Para crian\u00e7as mais velhas, adolescentes e adultos (eventualmente n\u00e3o vacinados no primeiro ano de vida), o PNI, a SBP e a SBIm recomendam tr\u00eas doses com intervalo de um m\u00eas entre primeira e a segunda e de cinco meses da segunda para a terceira.<\/li>\n<li style=\"text-align: justify;\">Prematuros vacinados ao nascer necessitam, obrigatoriamente, de quatro doses.<\/li>\n<li style=\"text-align: justify;\">Para crian\u00e7as a partir de 12 meses de idade, adolescentes e adultos, as cl\u00ednicas privadas de vacina\u00e7\u00e3o disp\u00f5em ainda da vacina que combina hepatite A e hepatite B em uma \u00fanica inje\u00e7\u00e3o. Em menores de 16 anos, duas doses com intervalo de seis meses. Nas maiores, o esquema \u00e9 de tr\u00eas doses, com intervalo de um m\u00eas entre a primeira e a segunda e de cinco meses da segunda para a terceira.<\/li>\n<li style=\"text-align: justify;\">Pessoas com comprometimento do sistema imunol\u00f3gico necessitam de dose dobrada em quatro aplica\u00e7\u00f5es (esquema 0-1-2-6 meses), para melhorar a resposta ao est\u00edmulo produzido pela vacina. Devem realizar exames peri\u00f3dicos para acompanhar os n\u00edveis de anticorpos e, sempre que a quantidade diminuir, receber um refor\u00e7o com dose dobrada.<\/li>\n<\/ul>\n<p>&nbsp;<\/p>\n<p>&nbsp;<\/p>\n<h4 style=\"text-align: justify;\">Cuidados antes, durante e ap\u00f3s a vacina\u00e7\u00e3o:<\/h4>\n<ul>\n<li style=\"text-align: justify;\">N\u00e3o s\u00e3o necess\u00e1rios cuidados especiais antes da vacina\u00e7\u00e3o.<\/li>\n<li style=\"text-align: justify;\">Em caso de febre, deve-se adiar a vacina\u00e7\u00e3o at\u00e9 que ocorra a melhora.<\/li>\n<li style=\"text-align: justify;\">Compressas frias aliviam a rea\u00e7\u00e3o no local da aplica\u00e7\u00e3o.<\/li>\n<li style=\"text-align: justify;\">Qualquer sintoma grave e\/ou inesperado ap\u00f3s a vacina\u00e7\u00e3o deve ser notificado ao servi\u00e7o que a realizou.<\/li>\n<li style=\"text-align: justify;\">Sintomas de eventos adversos graves ou persistentes, que se prolongam por mais que 24 a 72 horas (dependendo do sintoma), devem ser investigados para verifica\u00e7\u00e3o de outras causas.<\/li>\n<\/ul>\n<p>&nbsp;<\/p>\n<h4>Efeitos e eventos adversos:<\/h4>\n<p style=\"text-align: justify;\">Em 3% a 29% dos vacinados pode ocorrer dor no local da aplica\u00e7\u00e3o; endurecimento, incha\u00e7o e vermelhid\u00e3o acometem de 0,2% a 17% das pessoas.<br \/>\nEm rela\u00e7\u00e3o \u00e0s manifesta\u00e7\u00f5es gerais, de 1% a 6% dos vacinados apresentam febre bem tolerada e autolimitada nas primeiras 24 horas ap\u00f3s a aplica\u00e7\u00e3o; cansa\u00e7o, tontura, dor de cabe\u00e7a, irritabilidade e desconforto gastrintestinal acometem de 1% a 20%.<br \/>\nA ocorr\u00eancia de p\u00farpura trombocitop\u00eanica idiop\u00e1tica ap\u00f3s administra\u00e7\u00e3o da vacina hepatite B \u00e9 um evento raro, registrado em menos de 0,01% dos vacinados, e at\u00e9 hoje n\u00e3o foi bem estabelecido se esses poucos casos est\u00e3o de fato relacionados \u00e0 vacina ou se foi apenas coincid\u00eancia. Nestes casos, as manchas roxas ou avermelhadas na pele e a diminui\u00e7\u00e3o da contagem de plaquetas que caracterizam a doen\u00e7a surgiram poucos dias a at\u00e9 dois meses depois da vacina\u00e7\u00e3o.<br \/>\nAnafilaxia tamb\u00e9m \u00e9 muito rara: um caso em 600 mil adolescentes e adultos vacinados, sendo mais rara ainda em crian\u00e7as.<br \/>\nTais eventos adversos est\u00e3o relacionados \u00e0 vacina hepatite B isolada. Aqueles associados \u00e0s vacinas combinadas com componente hepatite B podem ser encontrados nos t\u00f3picos que tratam de cada uma especificamente: DTPa-VIP-HB\/Hib e DTPw-HB\/Hib e vacina combinada hepatite A e B.<\/p>\n[\/vc_column_text][vc_empty_space height=&#8221;32px&#8221;][\/vc_column][\/vc_row]\n","protected":false},"excerpt":{"rendered":"<p>[vc_row][vc_column width=&#8221;1\/1&#8243;][vc_column_text] VACINA HEPATITE B [\/vc_column_text][vc_empty_space height=&#8221;20px&#8221;][vc_column_text] O que previne: Esta vacina previne a infec\u00e7\u00e3o do f\u00edgado (hepatite) causada pelo v\u00edrus da hepatite B. &nbsp; Indica\u00e7\u00e3o: A vacina hepatite B \u00e9 indicada para pessoas de todas as faixas et\u00e1rias. Faz parte da rotina de vacina\u00e7\u00e3o&#8230;<\/p>\n","protected":false},"author":1,"featured_media":0,"parent":0,"menu_order":0,"comment_status":"closed","ping_status":"open","template":"","meta":[],"_links":{"self":[{"href":"https:\/\/icamed.com.br\/clinica-medica\/wp-json\/wp\/v2\/pages\/10086"}],"collection":[{"href":"https:\/\/icamed.com.br\/clinica-medica\/wp-json\/wp\/v2\/pages"}],"about":[{"href":"https:\/\/icamed.com.br\/clinica-medica\/wp-json\/wp\/v2\/types\/page"}],"author":[{"embeddable":true,"href":"https:\/\/icamed.com.br\/clinica-medica\/wp-json\/wp\/v2\/users\/1"}],"replies":[{"embeddable":true,"href":"https:\/\/icamed.com.br\/clinica-medica\/wp-json\/wp\/v2\/comments?post=10086"}],"version-history":[{"count":5,"href":"https:\/\/icamed.com.br\/clinica-medica\/wp-json\/wp\/v2\/pages\/10086\/revisions"}],"predecessor-version":[{"id":10132,"href":"https:\/\/icamed.com.br\/clinica-medica\/wp-json\/wp\/v2\/pages\/10086\/revisions\/10132"}],"wp:attachment":[{"href":"https:\/\/icamed.com.br\/clinica-medica\/wp-json\/wp\/v2\/media?parent=10086"}],"curies":[{"name":"wp","href":"https:\/\/api.w.org\/{rel}","templated":true}]}}