{"id":10084,"date":"2017-02-23T23:44:53","date_gmt":"2017-02-23T23:44:53","guid":{"rendered":"http:\/\/icamed.com.br\/clinica-medica\/?page_id=10084"},"modified":"2024-10-05T01:39:27","modified_gmt":"2024-10-05T04:39:27","slug":"vacina-haemophilus-influenzae-tipo-b-hib","status":"publish","type":"page","link":"https:\/\/icamed.com.br\/clinica-medica\/vacina-haemophilus-influenzae-tipo-b-hib\/","title":{"rendered":"VACINA HAEMOPHILUS INFLUENZAE TIPO B &#8211; HIB"},"content":{"rendered":"[vc_row][vc_column width=&#8221;1\/1&#8243;][vc_column_text]\n<h2 style=\"text-align: center;\">VACINA HAEMOPHILUS INFLUENZAE TIPO B &#8211; HIB<\/h2>\n[\/vc_column_text][vc_empty_space height=&#8221;20px&#8221;][vc_column_text]\n<h4 style=\"text-align: justify;\">O que previne:<\/h4>\n<p style=\"text-align: justify;\">Esta vacina\u00a0previne doen\u00e7as causadas pelo Haemophilus influenzae tipo b, principalmente meningite.<\/p>\n<p>&nbsp;<\/p>\n<h4 style=\"text-align: justify;\">Indica\u00e7\u00e3o:<\/h4>\n<ul>\n<li style=\"text-align: justify;\">Crian\u00e7as a partir de 2 meses, at\u00e9 5 anos de idade.<\/li>\n<li style=\"text-align: justify;\">Crian\u00e7as com mais de 5 anos, adolescentes e adultos com condi\u00e7\u00f5es m\u00e9dicas que aumentam o risco para doen\u00e7as por Hib: aus\u00eancia de ba\u00e7o ou disfun\u00e7\u00e3o nesse \u00f3rg\u00e3o; antes e\/ou ap\u00f3s transplante de \u00f3rg\u00e3o ou medula \u00f3ssea; ap\u00f3s quimioterapia; entre outras.<\/li>\n<\/ul>\n<p>&nbsp;<\/p>\n<h4 style=\"text-align: justify;\">Contraindica\u00e7\u00e3o:<\/h4>\n<p style=\"text-align: justify;\">A contra indica\u00e7\u00e3o desta vacina \u00e9 para pessoas que apresentaram anafilaxia provocada por qualquer componente da vacina ou por dose anterior.<\/p>\n<p>&nbsp;<\/p>\n<h4 style=\"text-align: justify;\">Esquemas de doses:<\/h4>\n<ul>\n<li style=\"text-align: justify;\">O Programa Nacional de Imuniza\u00e7\u00f5es (PNI) recomenda e disponibiliza a vacina em tr\u00eas doses: aos 2, 4 e 6 meses de idade. As sociedades brasileiras de Pediatria (SBP) e de Imuniza\u00e7\u00f5es (SBIm) recomendam uma quarta dose entre 12 e 18 meses, em especial para crian\u00e7as vacinadas com a vacina DTPa.<\/li>\n<li style=\"text-align: justify;\">Crian\u00e7as com mais de 5 anos, adolescentes e adultos n\u00e3o vacinados e com doen\u00e7as que aumentem o risco da doen\u00e7a: duas doses com intervalo de dois meses.<\/li>\n<\/ul>\n<p>&nbsp;<\/p>\n<h4 style=\"text-align: justify;\">Cuidados antes, durante e ap\u00f3s a vacina\u00e7\u00e3o:<\/h4>\n<p style=\"text-align: justify;\">N\u00e3o s\u00e3o necess\u00e1rios cuidados especiais antes da vacina\u00e7\u00e3o.<br \/>\nEm caso de febre, deve-se adiar a vacina\u00e7\u00e3o at\u00e9 que ocorra a melhora.<br \/>\nCompressas frias aliviam a rea\u00e7\u00e3o no local da aplica\u00e7\u00e3o. Em casos mais intensos, pode-se usar medica\u00e7\u00e3o para dor, sob recomenda\u00e7\u00e3o m\u00e9dica.<br \/>\nQualquer sintoma grave e\/ou inesperado ap\u00f3s a vacina\u00e7\u00e3o deve ser notificado ao servi\u00e7o que a realizou.<br \/>\nSintomas de eventos adversos persistentes, que se prolongam por mais de 72 horas (dependendo do sintoma), devem ser investigados para verifica\u00e7\u00e3o de outras causas.<\/p>\n<p>&nbsp;<\/p>\n<h4 style=\"text-align: justify;\">Efeitos e eventos adversos:<\/h4>\n<p style=\"text-align: justify;\">Pode ocorrer dor no local da aplica\u00e7\u00e3o em 3% a 29% dos vacinados; e incha\u00e7o, endurecimento e vermelhid\u00e3o em 0,2% a 17% deles.<br \/>\nEm rela\u00e7\u00e3o \u00e0s manifesta\u00e7\u00f5es gerais, a febre nas primeiras 24 horas ap\u00f3s a vacina\u00e7\u00e3o \u00e9 relatada por 1% a 6% dos vacinados; cansa\u00e7o, tontura, dor de cabe\u00e7a, irritabilidade e desconforto gastrintestinal leve podem aparecer em 1% a 20% dos vacinados.<br \/>\nUm a cada 600 mil vacinados apresenta alergia a algum componente da vacina, sobretudo ao timerosal (derivado do merc\u00fario), sendo mais raro em crian\u00e7as e adolescentes.<\/p>\n[\/vc_column_text][vc_empty_space height=&#8221;32px&#8221;][\/vc_column][\/vc_row]\n","protected":false},"excerpt":{"rendered":"<p>[vc_row][vc_column width=&#8221;1\/1&#8243;][vc_column_text] VACINA HAEMOPHILUS INFLUENZAE TIPO B &#8211; HIB [\/vc_column_text][vc_empty_space height=&#8221;20px&#8221;][vc_column_text] O que previne: Esta vacina\u00a0previne doen\u00e7as causadas pelo Haemophilus influenzae tipo b, principalmente meningite. &nbsp; Indica\u00e7\u00e3o: Crian\u00e7as a partir de 2 meses, at\u00e9 5 anos de idade. Crian\u00e7as com mais de 5 anos, adolescentes&#8230;<\/p>\n","protected":false},"author":1,"featured_media":0,"parent":0,"menu_order":0,"comment_status":"closed","ping_status":"open","template":"","meta":[],"_links":{"self":[{"href":"https:\/\/icamed.com.br\/clinica-medica\/wp-json\/wp\/v2\/pages\/10084"}],"collection":[{"href":"https:\/\/icamed.com.br\/clinica-medica\/wp-json\/wp\/v2\/pages"}],"about":[{"href":"https:\/\/icamed.com.br\/clinica-medica\/wp-json\/wp\/v2\/types\/page"}],"author":[{"embeddable":true,"href":"https:\/\/icamed.com.br\/clinica-medica\/wp-json\/wp\/v2\/users\/1"}],"replies":[{"embeddable":true,"href":"https:\/\/icamed.com.br\/clinica-medica\/wp-json\/wp\/v2\/comments?post=10084"}],"version-history":[{"count":6,"href":"https:\/\/icamed.com.br\/clinica-medica\/wp-json\/wp\/v2\/pages\/10084\/revisions"}],"predecessor-version":[{"id":10689,"href":"https:\/\/icamed.com.br\/clinica-medica\/wp-json\/wp\/v2\/pages\/10084\/revisions\/10689"}],"wp:attachment":[{"href":"https:\/\/icamed.com.br\/clinica-medica\/wp-json\/wp\/v2\/media?parent=10084"}],"curies":[{"name":"wp","href":"https:\/\/api.w.org\/{rel}","templated":true}]}}