{"id":10082,"date":"2017-02-23T23:43:28","date_gmt":"2017-02-23T23:43:28","guid":{"rendered":"http:\/\/icamed.com.br\/clinica-medica\/?page_id=10082"},"modified":"2024-10-05T01:39:27","modified_gmt":"2024-10-05T04:39:27","slug":"vacina-bcg","status":"publish","type":"page","link":"https:\/\/icamed.com.br\/clinica-medica\/vacina-bcg\/","title":{"rendered":"VACINA BCG"},"content":{"rendered":"[vc_row][vc_column width=&#8221;1\/1&#8243;][vc_column_text]\n<h2 style=\"text-align: center;\">VACINA BCG<\/h2>\n[\/vc_column_text][vc_empty_space height=&#8221;20px&#8221;][vc_column_text]\n<h4 style=\"text-align: justify;\">O que previne:<\/h4>\n<p style=\"text-align: justify;\">A vacina BCG previne a Tuberculose \u2013 principalmente as formas graves, como meningite tuberculosa e tuberculose miliar (espalhada pelo corpo).<\/p>\n<p>&nbsp;<\/p>\n<h4 style=\"text-align: justify;\">Indica\u00e7\u00e3o:<\/h4>\n<p style=\"text-align: justify;\">A vacina \u00e9 indicada de rotina a partir do nascimento at\u00e9 os 5 anos de idade.<\/p>\n<p style=\"text-align: justify;\">Outras recomenda\u00e7\u00f5es: Pessoas de qualquer idade que convivem com portadores de hansen\u00edase (lepra); estrangeiros ainda n\u00e3o vacinados e que estejam de mudan\u00e7a para o Brasil.<\/p>\n<p>&nbsp;<\/p>\n<h4 style=\"text-align: justify;\">Contraindica\u00e7\u00e3o:<\/h4>\n<ul>\n<li style=\"text-align: justify;\">Pessoas imunodeprimidas e rec\u00e9m-nascidos de m\u00e3es que usaram medicamentos que possam causar imunodepress\u00e3o do feto durante a gesta\u00e7\u00e3o.<\/li>\n<li style=\"text-align: justify;\">Prematuros, at\u00e9 que atinjam 2 kg de peso.<\/li>\n<\/ul>\n<p>&nbsp;<\/p>\n<h4 style=\"text-align: justify;\">Esquema de doses:<\/h4>\n<p style=\"text-align: justify;\">Dose \u00fanica.<\/p>\n<p>&nbsp;<\/p>\n<h4 style=\"text-align: justify;\">Cuidados antes, durante e ap\u00f3s a vacina\u00e7\u00e3o:<\/h4>\n<p style=\"text-align: justify;\">A vacina\u00e7\u00e3o n\u00e3o requer qualquer cuidado pr\u00e9vio.<\/p>\n<p style=\"text-align: justify;\">Ap\u00f3s a aplica\u00e7\u00e3o \u00e9 importante n\u00e3o colocar produtos, medicamentos ou curativos no local.<\/p>\n<p style=\"text-align: justify;\">Ocasionalmente, a vacina n\u00e3o deixa cicatriz, o que pode ocorrer por duas raz\u00f5es:<\/p>\n<ul>\n<li style=\"text-align: justify;\">a crian\u00e7a n\u00e3o respondeu \u00e0 vacina devido \u00e0 falha vacinal que acontece em cerca de 5% dos vacinados;<\/li>\n<li style=\"text-align: justify;\">houve resposta, mas com les\u00e3o discreta sob a pele, tornando dif\u00edcil a identifica\u00e7\u00e3o.<\/li>\n<\/ul>\n<p style=\"text-align: justify;\">Ent\u00e3o, sempre que n\u00e3o houver forma\u00e7\u00e3o de cicatriz, um profissional da Sa\u00fade experiente deve examinar o local em que a vacina foi aplicada. No caso de rea\u00e7\u00e3o inaparente ou discreta, n\u00e3o h\u00e1 necessidade de revacinar. Quando acontece a falha vacinal, uma nova dose deve ser aplicada seis meses ap\u00f3s a primeira \u2013 nunca antes desse prazo.<\/p>\n<p>&nbsp;<\/p>\n<h4 style=\"text-align: justify;\">Efeitos e eventos adversos:<\/h4>\n<p style=\"text-align: justify;\">A BCG quase sempre deixa uma cicatriz caracter\u00edstica, com at\u00e9 1 cm de di\u00e2metro, no local em que foi aplicada \u2013 como rotina, no bra\u00e7o direito. Essa rea\u00e7\u00e3o \u00e9 esperada! A resposta \u00e0 vacina demora cerca de tr\u00eas meses (12 semanas), podendo se prolongar por at\u00e9 seis meses (24 semanas), e come\u00e7a com uma mancha vermelha elevada no local da aplica\u00e7\u00e3o, evolui para pequena \u00falcera, que produz secre\u00e7\u00e3o at\u00e9 que vai cicatrizando.<\/p>\n<p style=\"text-align: justify;\">Eventos adversos poss\u00edveis: \u00falceras com mais de 1 cm ou que demoram muito a cicatrizar; g\u00e2nglios ou abscessos na pele e nas axilas; dissemina\u00e7\u00e3o do bacilo da vacina pelo corpo, causando les\u00f5es em diferentes \u00f3rg\u00e3os.<\/p>\n<p style=\"text-align: justify;\">Segundo o Minist\u00e9rio da Sa\u00fade (MS), os g\u00e2nglios surgem em cerca de 10% dos vacinados.<\/p>\n<p style=\"text-align: justify;\">Qualquer que seja o evento, o servi\u00e7o de vacina\u00e7\u00e3o deve notific\u00e1-lo ao \u00f3rg\u00e3o de vigil\u00e2ncia em Sa\u00fade e encaminhar o paciente ao posto de sa\u00fade para acompanhamento e tratamento adequados.<\/p>\n[\/vc_column_text][vc_empty_space height=&#8221;32px&#8221;][\/vc_column][\/vc_row]\n","protected":false},"excerpt":{"rendered":"<p>[vc_row][vc_column width=&#8221;1\/1&#8243;][vc_column_text] VACINA BCG [\/vc_column_text][vc_empty_space height=&#8221;20px&#8221;][vc_column_text] O que previne: A vacina BCG previne a Tuberculose \u2013 principalmente as formas graves, como meningite tuberculosa e tuberculose miliar (espalhada pelo corpo). &nbsp; Indica\u00e7\u00e3o: A vacina \u00e9 indicada de rotina a partir do nascimento at\u00e9 os 5 anos&#8230;<\/p>\n","protected":false},"author":1,"featured_media":0,"parent":0,"menu_order":0,"comment_status":"closed","ping_status":"open","template":"","meta":[],"_links":{"self":[{"href":"https:\/\/icamed.com.br\/clinica-medica\/wp-json\/wp\/v2\/pages\/10082"}],"collection":[{"href":"https:\/\/icamed.com.br\/clinica-medica\/wp-json\/wp\/v2\/pages"}],"about":[{"href":"https:\/\/icamed.com.br\/clinica-medica\/wp-json\/wp\/v2\/types\/page"}],"author":[{"embeddable":true,"href":"https:\/\/icamed.com.br\/clinica-medica\/wp-json\/wp\/v2\/users\/1"}],"replies":[{"embeddable":true,"href":"https:\/\/icamed.com.br\/clinica-medica\/wp-json\/wp\/v2\/comments?post=10082"}],"version-history":[{"count":8,"href":"https:\/\/icamed.com.br\/clinica-medica\/wp-json\/wp\/v2\/pages\/10082\/revisions"}],"predecessor-version":[{"id":10687,"href":"https:\/\/icamed.com.br\/clinica-medica\/wp-json\/wp\/v2\/pages\/10082\/revisions\/10687"}],"wp:attachment":[{"href":"https:\/\/icamed.com.br\/clinica-medica\/wp-json\/wp\/v2\/media?parent=10082"}],"curies":[{"name":"wp","href":"https:\/\/api.w.org\/{rel}","templated":true}]}}